{"id":885,"date":"2018-12-31T12:22:07","date_gmt":"2018-12-31T11:22:07","guid":{"rendered":"https:\/\/www.feuerwehr-burgau.de\/wordpress\/?page_id=885"},"modified":"2023-01-09T08:58:46","modified_gmt":"2023-01-09T07:58:46","slug":"verhalten-im-brandfall","status":"publish","type":"page","link":"https:\/\/www.feuerwehr-burgau.de\/index.php\/service\/verhalten-im-brandfall\/","title":{"rendered":"Verhalten im Brandfall"},"content":{"rendered":"<h3><span style=\"color: #eb3b3b;\"><strong>Ruhe bewahren!<\/strong><\/span><\/h3>\n<h4>Feuer melden &#8211; Notrufnummer 112<\/h4>\n<p>Befolgen Sie die Anweisungen des Leitstellendisponents. Sie werden nach folgenden Angaben gefragt:<\/p>\n<ul>\n<li>Wo ist der Notfallort?<\/li>\n<li>Was ist geschehen?<\/li>\n<li>Wie viele Personen sind in Gefahr oder Verletzt?<\/li>\n<li>Wer ruft an?<\/li>\n<li>Warten auf R\u00fcckfragen!<\/li>\n<\/ul>\n<hr \/>\n<h4>L\u00f6schversuch unternehmen<\/h4>\n<ul>\n<li>Feuerl\u00f6scher, Wandhydranten oder L\u00f6schdecken benutzen<\/li>\n<li>Bei Brand von elektrischen Anlagen: Strom abschalten!<\/li>\n<li>Kein Risiko eingehen; gef\u00e4hrden Sie nicht Ihre eigene Gesundheit<\/li>\n<\/ul>\n<hr \/>\n<h4>In Sicherheit bringen<\/h4>\n<ul>\n<li>Gef\u00e4hrdete Personen warnen (z.B. Feuermelder ausl\u00f6sen)<\/li>\n<li>Hilfebed\u00fcrftigen Personen zur Seite stehen (Kinder, \u00e4ltere oder Menschen mit Behinderung)<\/li>\n<li>Fenster und T\u00fcren schlie\u00dfen\u00a0<strong>(nicht absperren!)<\/strong><\/li>\n<li>Gekennzeichneten Fluchtwegen folgen<\/li>\n<li>Keine Aufz\u00fcge benutzen<\/li>\n<li>Falls Flucht nicht mehr m\u00f6glich: T\u00fcre schlie\u00dfen und am Fenster bemerkbar machen<\/li>\n<\/ul>\n<hr \/>\n<h4>Feuerwehr einweisen<\/h4>\n<ul>\n<li>Stellen Sie sich sichtbar an der Zufahrt auf<\/li>\n<li>Machen Sie sich bemerkbar<\/li>\n<li>Eventuell geparkte Autos zur Seite fahren oder die Besitzer informieren<\/li>\n<\/ul>\n<h3><\/h3>\n","protected":false},"excerpt":{"rendered":"<p>Ruhe bewahren! Feuer melden &#8211; Notrufnummer 112 Befolgen Sie die Anweisungen des Leitstellendisponents. Sie werden nach folgenden Angaben gefragt: Wo<\/p>\n","protected":false},"author":2,"featured_media":0,"parent":110,"menu_order":0,"comment_status":"closed","ping_status":"closed","template":"","meta":{"colormag_page_container_layout":"no_sidebar_full_width","colormag_page_sidebar_layout":"no_sidebar","footnotes":""},"class_list":["post-885","page","type-page","status-publish","hentry"],"_links":{"self":[{"href":"https:\/\/www.feuerwehr-burgau.de\/index.php\/wp-json\/wp\/v2\/pages\/885","targetHints":{"allow":["GET"]}}],"collection":[{"href":"https:\/\/www.feuerwehr-burgau.de\/index.php\/wp-json\/wp\/v2\/pages"}],"about":[{"href":"https:\/\/www.feuerwehr-burgau.de\/index.php\/wp-json\/wp\/v2\/types\/page"}],"author":[{"embeddable":true,"href":"https:\/\/www.feuerwehr-burgau.de\/index.php\/wp-json\/wp\/v2\/users\/2"}],"replies":[{"embeddable":true,"href":"https:\/\/www.feuerwehr-burgau.de\/index.php\/wp-json\/wp\/v2\/comments?post=885"}],"version-history":[{"count":5,"href":"https:\/\/www.feuerwehr-burgau.de\/index.php\/wp-json\/wp\/v2\/pages\/885\/revisions"}],"predecessor-version":[{"id":3376,"href":"https:\/\/www.feuerwehr-burgau.de\/index.php\/wp-json\/wp\/v2\/pages\/885\/revisions\/3376"}],"up":[{"embeddable":true,"href":"https:\/\/www.feuerwehr-burgau.de\/index.php\/wp-json\/wp\/v2\/pages\/110"}],"wp:attachment":[{"href":"https:\/\/www.feuerwehr-burgau.de\/index.php\/wp-json\/wp\/v2\/media?parent=885"}],"curies":[{"name":"wp","href":"https:\/\/api.w.org\/{rel}","templated":true}]}}