{"id":68,"date":"2018-11-20T14:21:49","date_gmt":"2018-11-20T13:21:49","guid":{"rendered":"https:\/\/www.feuerwehr-burgau.de\/wordpress\/?page_id=68"},"modified":"2024-10-04T10:42:21","modified_gmt":"2024-10-04T08:42:21","slug":"kommandowagen","status":"publish","type":"page","link":"https:\/\/www.feuerwehr-burgau.de\/index.php\/ausruestung\/fahrzeuge\/kommandowagen\/","title":{"rendered":"Kommandowagen"},"content":{"rendered":"<div id=\"metaslider-id-4543\" style=\"width: 100%; margin: 0 auto;\" class=\"ml-slider-3-108-0 metaslider metaslider-flex metaslider-4543 ml-slider has-dots-nav ms-theme-default\" role=\"region\" aria-label=\"KdoW 1\/10\/1\" data-height=\"400\" data-width=\"700\">\n    <div id=\"metaslider_container_4543\">\n        <div id=\"metaslider_4543\">\n            <ul class='slides'>\n                <li style=\"display: block; width: 100%;\" class=\"slide-4544 ms-image \" aria-roledescription=\"slide\" data-date=\"2024-10-04 10:40:51\" data-filename=\"DSCN4544-e1545847244697.jpg\" data-slide-type=\"image\"><img loading=\"lazy\" decoding=\"async\" width=\"2000\" height=\"1500\" src=\"https:\/\/www.feuerwehr-burgau.de\/wp-content\/uploads\/2018\/12\/DSCN4544-e1545847244697.jpg\" class=\"slider-4543 slide-4544 msDefaultImage\" alt=\"\" rel=\"\" title=\"DSCN4544\" style=\"margin: 0 auto; width: 76.190476190476%\" \/><\/li>\n                <li style=\"display: none; width: 100%;\" class=\"slide-4545 ms-image \" aria-roledescription=\"slide\" data-date=\"2024-10-04 10:40:51\" data-filename=\"DSCN4550-e1545847217914.jpg\" data-slide-type=\"image\"><img loading=\"lazy\" decoding=\"async\" width=\"2000\" height=\"1500\" src=\"https:\/\/www.feuerwehr-burgau.de\/wp-content\/uploads\/2018\/12\/DSCN4550-e1545847217914.jpg\" class=\"slider-4543 slide-4545 msDefaultImage\" alt=\"\" rel=\"\" title=\"DSCN4550\" style=\"margin: 0 auto; width: 76.190476190476%\" \/><\/li>\n                <li style=\"display: none; width: 100%;\" class=\"slide-4546 ms-image \" aria-roledescription=\"slide\" data-date=\"2024-10-04 10:40:52\" data-filename=\"DSCN4551-e1545847189892.jpg\" data-slide-type=\"image\"><img loading=\"lazy\" decoding=\"async\" width=\"2000\" height=\"1500\" src=\"https:\/\/www.feuerwehr-burgau.de\/wp-content\/uploads\/2018\/12\/DSCN4551-e1545847189892.jpg\" class=\"slider-4543 slide-4546 msDefaultImage\" alt=\"\" rel=\"\" title=\"DSCN4551\" style=\"margin: 0 auto; width: 76.190476190476%\" \/><\/li>\n            <\/ul>\n        <\/div>\n        \n    <\/div>\n<\/div>\n\n\n<span id=\"tablepress-6-description\" class=\"tablepress-table-description tablepress-table-description-id-6\">Mit dem Kommandowagen wird der Einsatzleiter zu Einsatzstelle gefahren. Au\u00dferdem wird er f\u00fcr regul\u00e4re Dienstfahrten des Kommandanten genutzt.<\/span>\n\n<table id=\"tablepress-6\" class=\"tablepress tablepress-id-6\" aria-describedby=\"tablepress-6-description\">\n<tbody>\n<tr class=\"row-1\">\n\t<td class=\"column-1\">Funkrufname<\/td><td class=\"column-2\">Florian Burgau 1\/10\/1<\/td>\n<\/tr>\n<tr class=\"row-2\">\n\t<td class=\"column-1\">Abk\u00fcrzung<\/td><td class=\"column-2\">KdoW<\/td>\n<\/tr>\n<tr class=\"row-3\">\n\t<td class=\"column-1\">Baujahr<\/td><td class=\"column-2\">2014<\/td>\n<\/tr>\n<tr class=\"row-4\">\n\t<td class=\"column-1\">Besatzung<\/td><td class=\"column-2\">1\/4<\/td>\n<\/tr>\n<tr class=\"row-5\">\n\t<td class=\"column-1\">Fahrgestell<\/td><td class=\"column-2\">Audi Q5 Quattro 2.0 TDI<\/td>\n<\/tr>\n<tr class=\"row-6\">\n\t<td class=\"column-1\">Aufbau\/Ausbau<\/td><td class=\"column-2\">Audi AG \/ FF Burgau<\/td>\n<\/tr>\n<tr class=\"row-7\">\n\t<td class=\"column-1\">Beladung\/Spezifikationen<\/td><td class=\"column-2\">2x HRT-Funkger\u00e4te<br \/>\nVerkehrssicherungsmaterial<br \/>\nNotfallrucksack<br \/>\nFeuerl\u00f6scher<\/td>\n<\/tr>\n<\/tbody>\n<\/table>\n<!-- #tablepress-6 from cache -->","protected":false},"excerpt":{"rendered":"","protected":false},"author":2,"featured_media":0,"parent":36,"menu_order":0,"comment_status":"closed","ping_status":"closed","template":"","meta":{"colormag_page_container_layout":"no_sidebar_full_width","colormag_page_sidebar_layout":"right_sidebar","footnotes":""},"class_list":["post-68","page","type-page","status-publish","hentry"],"_links":{"self":[{"href":"https:\/\/www.feuerwehr-burgau.de\/index.php\/wp-json\/wp\/v2\/pages\/68","targetHints":{"allow":["GET"]}}],"collection":[{"href":"https:\/\/www.feuerwehr-burgau.de\/index.php\/wp-json\/wp\/v2\/pages"}],"about":[{"href":"https:\/\/www.feuerwehr-burgau.de\/index.php\/wp-json\/wp\/v2\/types\/page"}],"author":[{"embeddable":true,"href":"https:\/\/www.feuerwehr-burgau.de\/index.php\/wp-json\/wp\/v2\/users\/2"}],"replies":[{"embeddable":true,"href":"https:\/\/www.feuerwehr-burgau.de\/index.php\/wp-json\/wp\/v2\/comments?post=68"}],"version-history":[{"count":17,"href":"https:\/\/www.feuerwehr-burgau.de\/index.php\/wp-json\/wp\/v2\/pages\/68\/revisions"}],"predecessor-version":[{"id":4548,"href":"https:\/\/www.feuerwehr-burgau.de\/index.php\/wp-json\/wp\/v2\/pages\/68\/revisions\/4548"}],"up":[{"embeddable":true,"href":"https:\/\/www.feuerwehr-burgau.de\/index.php\/wp-json\/wp\/v2\/pages\/36"}],"wp:attachment":[{"href":"https:\/\/www.feuerwehr-burgau.de\/index.php\/wp-json\/wp\/v2\/media?parent=68"}],"curies":[{"name":"wp","href":"https:\/\/api.w.org\/{rel}","templated":true}]}}