{"id":662,"date":"2018-12-23T14:19:29","date_gmt":"2018-12-23T13:19:29","guid":{"rendered":"https:\/\/www.feuerwehr-burgau.de\/wordpress\/?page_id=662"},"modified":"2023-07-06T14:40:41","modified_gmt":"2023-07-06T12:40:41","slug":"die-blaue-tonne","status":"publish","type":"page","link":"https:\/\/www.feuerwehr-burgau.de\/index.php\/verein\/die-blaue-tonne\/","title":{"rendered":"Die blaue Tonne"},"content":{"rendered":"\n<p>Liebe B\u00fcrger der Stadt Burgau,<br><br>die Freiwillige Feuerwehr Burgau sammelt seit vielen Jahren Altpapier. Wir sammeln zuverl\u00e4ssig und unabh\u00e4ngig vom aktuell erzielten Preis.<\/p>\n\n\n\n<p>Der Erl\u00f6s unserer Sammlungen wird f\u00fcr<\/p>\n\n\n\n<ul class=\"wp-block-list\">\n<li>Jugendarbeit<\/li>\n\n\n\n<li>Brauchtumspflege<\/li>\n\n\n\n<li>Kameradschaft<\/li>\n\n\n\n<li>und vieles mehr eingesetzt.<\/li>\n<\/ul>\n\n\n\n<p>Mit unserem Kooperationspartner, der Fa. CSG-Gr\u00f6ger aus G\u00fcnzburg, bieten wir Ihnen denselben Service, wie kommerzielle Sammler. Allerdings unterst\u00fctzen Sie mit unserer Tonne die Aktivit\u00e4ten der Freiwilligen Feuerwehr Burgau.<\/p>\n\n\n\n<p>Die Entleerung der \u201eBlauen Tonne\u201c findet regelm\u00e4\u00dfig alle 4 Wochen statt. Bitte unterst\u00fctzen Sie uns durch die \u00dcberlassung Ihres Altpapiers \u00fcber diesen Sammelweg. <a rel=\"noreferrer noopener\" href=\"https:\/\/kaw.landkreis-guenzburg.de\/online-dienste\/abfuhrkalender.html\" data-type=\"URL\" data-id=\"https:\/\/kaw.landkreis-guenzburg.de\/online-dienste\/abfuhrkalender.html\" target=\"_blank\">Hier<\/a> finden Sie den aktuellen Abfuhrkalender.<\/p>\n\n\n\n<p>Die blaue Tonne ist nur bestellbar, wenn Sie im Stadtgebiet Burgau wohnen.<\/p>\n\n\n\n<p>Danke f\u00fcr Ihre Unterst\u00fctzung!<br>Ihre Freiwillige Feuerwehr Burgau<\/p>\n\n\n\n<p><strong>Sie k\u00f6nnen die blaue Tonne entweder \u00fcber das unten stehende Formular direkt bestellen oder alternativ das <a rel=\"noreferrer noopener\" aria-label=\" (\u00f6ffnet in neuem Tab)\" href=\"https:\/\/www.feuerwehr-burgau.de\/wp-content\/uploads\/2019\/01\/Blaue-Tonne-Bestellung.pdf\" target=\"_blank\">Bestellformular<\/a> herunterladen, ausdrucken und im Ger\u00e4tehaus abgeben. <\/strong><\/p>\n\n\n<div class=\"wpforms-container wpforms-container-full\" id=\"wpforms-188\"><form id=\"wpforms-form-188\" class=\"wpforms-validate wpforms-form\" data-formid=\"188\" method=\"post\" enctype=\"multipart\/form-data\" action=\"\/index.php\/wp-json\/wp\/v2\/pages\/662\" data-token=\"9e41ee8a8d2578115ff7199a8ee6c690\" data-token-time=\"1776233815\"><noscript class=\"wpforms-error-noscript\">Bitte aktiviere JavaScript in deinem Browser, um dieses Formular fertigzustellen.<\/noscript><div class=\"wpforms-field-container\"><div id=\"wpforms-188-field_3-container\" class=\"wpforms-field wpforms-field-name\" data-field-id=\"3\"><label class=\"wpforms-field-label\" for=\"wpforms-188-field_3\">Name <span class=\"wpforms-required-label\">*<\/span><\/label><div class=\"wpforms-field-row wpforms-field-medium\"><div class=\"wpforms-field-row-block wpforms-first wpforms-one-half\"><input type=\"text\" id=\"wpforms-188-field_3\" class=\"wpforms-field-name-first wpforms-field-required\" name=\"wpforms[fields][3][first]\" placeholder=\"Vorname\" required><label for=\"wpforms-188-field_3\" class=\"wpforms-field-sublabel after wpforms-sublabel-hide\">Vorname<\/label><\/div><div class=\"wpforms-field-row-block wpforms-one-half\"><input type=\"text\" id=\"wpforms-188-field_3-last\" class=\"wpforms-field-name-last wpforms-field-required\" name=\"wpforms[fields][3][last]\" placeholder=\"Nachname\" required><label for=\"wpforms-188-field_3-last\" class=\"wpforms-field-sublabel after wpforms-sublabel-hide\">Nachname<\/label><\/div><\/div><\/div><div id=\"wpforms-188-field_9-container\" class=\"wpforms-field wpforms-field-text\" data-field-id=\"9\"><label class=\"wpforms-field-label\" for=\"wpforms-188-field_9\">Adresse <span class=\"wpforms-required-label\">*<\/span><\/label><input type=\"text\" id=\"wpforms-188-field_9\" class=\"wpforms-field-medium wpforms-field-required\" name=\"wpforms[fields][9]\" placeholder=\"Stra\u00dfe, Hausnummer\" required><\/div><div id=\"wpforms-188-field_11-container\" class=\"wpforms-field wpforms-field-text\" data-field-id=\"11\"><label class=\"wpforms-field-label\" for=\"wpforms-188-field_11\">Telefon <span class=\"wpforms-required-label\">*<\/span><\/label><input type=\"text\" id=\"wpforms-188-field_11\" class=\"wpforms-field-medium wpforms-field-required\" name=\"wpforms[fields][11]\" required><\/div><div id=\"wpforms-188-field_5-container\" class=\"wpforms-field wpforms-field-email\" data-field-id=\"5\"><label class=\"wpforms-field-label\" for=\"wpforms-188-field_5\">E-Mail <span class=\"wpforms-required-label\">*<\/span><\/label><input type=\"email\" id=\"wpforms-188-field_5\" class=\"wpforms-field-medium wpforms-field-required\" name=\"wpforms[fields][5]\" spellcheck=\"false\" required><\/div><div id=\"wpforms-188-field_8-container\" class=\"wpforms-field wpforms-field-select wpforms-field-select-style-classic\" data-field-id=\"8\"><label class=\"wpforms-field-label\" for=\"wpforms-188-field_8\">Anzahl ausw\u00e4hlen <span class=\"wpforms-required-label\">*<\/span><\/label><select id=\"wpforms-188-field_8\" class=\"wpforms-field-medium wpforms-field-required\" name=\"wpforms[fields][8]\" required=\"required\"><option value=\"1 Tonne\"  selected='selected' class=\"choice-1 depth-1\"  >1 Tonne<\/option><option value=\"2 Tonnen\"  class=\"choice-2 depth-1\"  >2 Tonnen<\/option><option value=\"3 Tonnen\"  class=\"choice-3 depth-1\"  >3 Tonnen<\/option><option value=\"4 Tonnen\"  class=\"choice-4 depth-1\"  >4 Tonnen<\/option><\/select><\/div><div id=\"wpforms-188-field_10-container\" class=\"wpforms-field wpforms-field-text\" data-field-id=\"10\"><label class=\"wpforms-field-label\" for=\"wpforms-188-field_10\">Optionale Nachricht an uns<\/label><input type=\"text\" id=\"wpforms-188-field_10\" class=\"wpforms-field-medium\" name=\"wpforms[fields][10]\" ><div class=\"wpforms-field-description\">z.B. Lieferbesonderheiten<\/div><\/div><div id=\"wpforms-188-field_13-container\" class=\"wpforms-field wpforms-field-checkbox\" data-field-id=\"13\"><label class=\"wpforms-field-label\">Datenschutz <span class=\"wpforms-required-label\">*<\/span><\/label><ul id=\"wpforms-188-field_13\" class=\"wpforms-field-required\"><li class=\"choice-1 depth-1\"><input type=\"checkbox\" id=\"wpforms-188-field_13_1\" name=\"wpforms[fields][13][]\" value=\"Ich habe die Datenschutzbestimmungen gelesen und bin damit einverstanden.\" required ><label class=\"wpforms-field-label-inline\" for=\"wpforms-188-field_13_1\">Ich habe die Datenschutzbestimmungen gelesen und bin damit einverstanden.<\/label><\/li><\/ul><\/div><\/div><!-- .wpforms-field-container --><div class=\"wpforms-field wpforms-field-hp\"><label for=\"wpforms-188-field-hp\" class=\"wpforms-field-label\">Name<\/label><input type=\"text\" name=\"wpforms[hp]\" id=\"wpforms-188-field-hp\" class=\"wpforms-field-medium\"><\/div><div class=\"wpforms-submit-container\" ><input type=\"hidden\" name=\"wpforms[id]\" value=\"188\"><input type=\"hidden\" name=\"page_title\" value=\"\"><input type=\"hidden\" name=\"page_url\" value=\"https:\/\/www.feuerwehr-burgau.de\/index.php\/wp-json\/wp\/v2\/pages\/662\"><input type=\"hidden\" name=\"url_referer\" value=\"\"><button type=\"submit\" name=\"wpforms[submit]\" id=\"wpforms-submit-188\" class=\"wpforms-submit\" data-alt-text=\"Sende...\" data-submit-text=\"Senden\" aria-live=\"assertive\" value=\"wpforms-submit\">Senden<\/button><\/div><\/form><\/div>  <!-- .wpforms-container -->\n\n\n\n<p>Hier k\u00f6nnen Sie unsere <a href=\"https:\/\/www.feuerwehr-burgau.de\/index.php\/service\/datenschutz\/\" target=\"_blank\" rel=\"noreferrer noopener\" aria-label=\" (\u00f6ffnet in neuem Tab)\">Datenschutzbestimmungen<\/a>  einsehen. <br><br><\/p>\n","protected":false},"excerpt":{"rendered":"<p>Liebe B\u00fcrger der Stadt Burgau, die Freiwillige Feuerwehr Burgau sammelt seit vielen Jahren Altpapier. Wir sammeln zuverl\u00e4ssig und unabh\u00e4ngig vom<\/p>\n","protected":false},"author":2,"featured_media":0,"parent":3704,"menu_order":0,"comment_status":"closed","ping_status":"closed","template":"","meta":{"colormag_page_container_layout":"no_sidebar_full_width","colormag_page_sidebar_layout":"no_sidebar","footnotes":""},"class_list":["post-662","page","type-page","status-publish","hentry"],"_links":{"self":[{"href":"https:\/\/www.feuerwehr-burgau.de\/index.php\/wp-json\/wp\/v2\/pages\/662","targetHints":{"allow":["GET"]}}],"collection":[{"href":"https:\/\/www.feuerwehr-burgau.de\/index.php\/wp-json\/wp\/v2\/pages"}],"about":[{"href":"https:\/\/www.feuerwehr-burgau.de\/index.php\/wp-json\/wp\/v2\/types\/page"}],"author":[{"embeddable":true,"href":"https:\/\/www.feuerwehr-burgau.de\/index.php\/wp-json\/wp\/v2\/users\/2"}],"replies":[{"embeddable":true,"href":"https:\/\/www.feuerwehr-burgau.de\/index.php\/wp-json\/wp\/v2\/comments?post=662"}],"version-history":[{"count":18,"href":"https:\/\/www.feuerwehr-burgau.de\/index.php\/wp-json\/wp\/v2\/pages\/662\/revisions"}],"predecessor-version":[{"id":3902,"href":"https:\/\/www.feuerwehr-burgau.de\/index.php\/wp-json\/wp\/v2\/pages\/662\/revisions\/3902"}],"up":[{"embeddable":true,"href":"https:\/\/www.feuerwehr-burgau.de\/index.php\/wp-json\/wp\/v2\/pages\/3704"}],"wp:attachment":[{"href":"https:\/\/www.feuerwehr-burgau.de\/index.php\/wp-json\/wp\/v2\/media?parent=662"}],"curies":[{"name":"wp","href":"https:\/\/api.w.org\/{rel}","templated":true}]}}