{"id":552,"date":"2018-11-29T22:42:16","date_gmt":"2018-11-29T21:42:16","guid":{"rendered":"https:\/\/www.feuerwehr-burgau.de\/wordpress\/?page_id=552"},"modified":"2025-02-26T17:22:29","modified_gmt":"2025-02-26T16:22:29","slug":"impressum","status":"publish","type":"page","link":"https:\/\/www.feuerwehr-burgau.de\/index.php\/impressum\/","title":{"rendered":"Impressum"},"content":{"rendered":"<div id=\"pl-gb552-69de35212dfbe\"  class=\"panel-layout wp-block-siteorigin-panels-layout-block\" ><div id=\"pg-gb552-69de35212dfbe-0\"  class=\"panel-grid panel-no-style\" ><div id=\"pgc-gb552-69de35212dfbe-0-0\"  class=\"panel-grid-cell\" ><div id=\"panel-gb552-69de35212dfbe-0-0-0\" class=\"so-panel widget widget_text panel-first-child panel-last-child\" data-index=\"0\" >\t\t\t<div class=\"textwidget\"><p><strong>Anschrift:<\/strong><br \/>\nFreiwillige Feuerwehr Burgau<br \/>\nHaldenwanger Str. 35<br \/>\n89331 Burgau<\/p>\n<p>Tel.: 08222 1899<br \/>\nFax: 08222 4129696<\/p>\n<p>Das Ger\u00e4tehaus ist tags\u00fcber durch zwei hauptamtliche Kr\u00e4fte besetzt.<\/p>\n<p><strong>Im Notfall: 112<\/strong><\/p>\n<p>e-Mail:\u00a0<a href=\"mailto:info@feuerwehr-burgau.de\">info@feuerwehr-burgau.de<\/a><br \/>\nInternet:\u00a0<a href=\"https:\/\/www.feuerwehr-burgau.de\/\">https:\/\/www.feuerwehr-burgau.de\u00a0<\/a><\/p>\n<p>Inhaltlich Verantwortlicher gem\u00e4\u00df \u00a75 DDG: Hans-Peter Merz (1. Kommandant)<\/p>\n<\/div>\n\t\t<\/div><\/div><div id=\"pgc-gb552-69de35212dfbe-0-1\"  class=\"panel-grid-cell\" ><div id=\"panel-gb552-69de35212dfbe-0-1-0\" class=\"so-panel widget widget_text panel-first-child\" data-index=\"1\" ><div class=\"panel-widget-style panel-widget-style-for-gb552-69de35212dfbe-0-1-0\" >\t\t\t<div class=\"textwidget\"><p><strong>1. Kommandant<\/strong>: Hans-Peter Merz<\/p>\n<p><a href=\"mailto: hans-peter.merz@feuerwehr-burgau.de\">hans-peter.merz@feuerwehr-burgau.de<\/a><\/p>\n<\/div>\n\t\t<\/div><\/div><div id=\"panel-gb552-69de35212dfbe-0-1-1\" class=\"so-panel widget widget_text\" data-index=\"2\" ><div class=\"panel-widget-style panel-widget-style-for-gb552-69de35212dfbe-0-1-1\" >\t\t\t<div class=\"textwidget\"><p><strong>stellv. Kommandanten<\/strong>: Matthias Imminger, Christian Schneider<\/p>\n<p><a href=\"mailto: stv.kommandant@feuerwehr-burgau.de\">stv.kommandant@feuerwehr-burgau.de <\/a><\/p>\n<\/div>\n\t\t<\/div><\/div><div id=\"panel-gb552-69de35212dfbe-0-1-2\" class=\"so-panel widget widget_text panel-last-child\" data-index=\"3\" ><div class=\"panel-widget-style panel-widget-style-for-gb552-69de35212dfbe-0-1-2\" >\t\t\t<div class=\"textwidget\"><p><strong>Fachbereich \u00d6ffentlichkeitsarbeit<\/strong>: Michael Seidler, Rainer Tomaschek<\/p>\n<p><a href=\"mailto: webmaster@feuerwehr-burgau.de\">webmaster@feuerwehr-burgau.de<\/a><\/p>\n<\/div>\n\t\t<\/div><\/div><\/div><\/div><\/div>","protected":false},"excerpt":{"rendered":"<p>Anschrift: Freiwillige Feuerwehr Burgau Haldenwanger Str. 35 89331 Burgau Tel.: 08222 1899 Fax: 08222 4129696 Das Ger\u00e4tehaus ist tags\u00fcber durch<\/p>\n","protected":false},"author":2,"featured_media":0,"parent":0,"menu_order":0,"comment_status":"closed","ping_status":"closed","template":"","meta":{"colormag_page_container_layout":"no_sidebar_full_width","colormag_page_sidebar_layout":"no_sidebar","footnotes":""},"class_list":["post-552","page","type-page","status-publish","hentry"],"_links":{"self":[{"href":"https:\/\/www.feuerwehr-burgau.de\/index.php\/wp-json\/wp\/v2\/pages\/552","targetHints":{"allow":["GET"]}}],"collection":[{"href":"https:\/\/www.feuerwehr-burgau.de\/index.php\/wp-json\/wp\/v2\/pages"}],"about":[{"href":"https:\/\/www.feuerwehr-burgau.de\/index.php\/wp-json\/wp\/v2\/types\/page"}],"author":[{"embeddable":true,"href":"https:\/\/www.feuerwehr-burgau.de\/index.php\/wp-json\/wp\/v2\/users\/2"}],"replies":[{"embeddable":true,"href":"https:\/\/www.feuerwehr-burgau.de\/index.php\/wp-json\/wp\/v2\/comments?post=552"}],"version-history":[{"count":15,"href":"https:\/\/www.feuerwehr-burgau.de\/index.php\/wp-json\/wp\/v2\/pages\/552\/revisions"}],"predecessor-version":[{"id":4779,"href":"https:\/\/www.feuerwehr-burgau.de\/index.php\/wp-json\/wp\/v2\/pages\/552\/revisions\/4779"}],"wp:attachment":[{"href":"https:\/\/www.feuerwehr-burgau.de\/index.php\/wp-json\/wp\/v2\/media?parent=552"}],"curies":[{"name":"wp","href":"https:\/\/api.w.org\/{rel}","templated":true}]}}