{"id":463,"date":"2018-11-29T17:39:42","date_gmt":"2018-11-29T16:39:42","guid":{"rendered":"https:\/\/www.feuerwehr-burgau.de\/wordpress\/?page_id=463"},"modified":"2024-10-04T11:05:38","modified_gmt":"2024-10-04T09:05:38","slug":"anhaenger","status":"publish","type":"page","link":"https:\/\/www.feuerwehr-burgau.de\/index.php\/ausruestung\/anhaenger\/","title":{"rendered":"Anh\u00e4nger"},"content":{"rendered":"<div id=\"metaslider-id-4563\" style=\"width: 100%; margin: 0 auto;\" class=\"ml-slider-3-109-0 metaslider metaslider-flex metaslider-4563 ml-slider has-dots-nav ms-theme-default\" role=\"region\" aria-label=\"\u00dcbersicht Anh\u00e4nger\" data-height=\"400\" data-width=\"700\">\n    <div id=\"metaslider_container_4563\">\n        <div id=\"metaslider_4563\">\n            <ul class='slides'>\n                <li style=\"display: block; width: 100%;\" class=\"slide-4567 ms-image \" aria-roledescription=\"slide\" data-date=\"2024-10-04 10:57:25\" data-filename=\"IMG_4679-e1546453317709.jpg\" data-slide-type=\"image\"><a href=\"https:\/\/www.feuerwehr-burgau.de\/index.php\/ausruestung\/anhaenger\/verkehrssicherungsanhaenger-1\/\" target=\"_self\" aria-label=\"View Slide Details\" class=\"metaslider_image_link\"><img loading=\"lazy\" decoding=\"async\" width=\"2000\" height=\"3714\" src=\"https:\/\/www.feuerwehr-burgau.de\/wp-content\/uploads\/2019\/01\/IMG_4679-e1546453317709.jpg\" class=\"slider-4563 slide-4567 msDefaultImage\" alt=\"\" rel=\"\" title=\"\" style=\"margin: 0 auto; width: 30.771597815217%\" \/><\/a><div class=\"caption-wrap\"><div class=\"caption\"><div style=\"text-align:center;\">Verkehrssicherungsanh\u00e4nger 1<\/div><\/div><\/div><\/li>\n                <li style=\"display: none; width: 100%;\" class=\"slide-4851 ms-image \" aria-roledescription=\"slide\" data-date=\"2025-05-20 21:05:59\" data-filename=\"IMG_20250520_200546582_HDR-scaled.jpg\" data-slide-type=\"image\"><a href=\"https:\/\/www.feuerwehr-burgau.de\/index.php\/ausruestung\/anhaenger\/verkehrssicherungsanhaenger-2\/\" target=\"_self\" aria-label=\"View Slide Details\" class=\"metaslider_image_link\"><img loading=\"lazy\" decoding=\"async\" width=\"2560\" height=\"1920\" src=\"https:\/\/www.feuerwehr-burgau.de\/wp-content\/uploads\/2025\/05\/IMG_20250520_200546582_HDR-scaled.jpg\" class=\"slider-4563 slide-4851 msDefaultImage\" alt=\"\" rel=\"\" title=\"IMG_20250520_200546582_HDR\" style=\"margin: 0 auto; width: 76.190476190476%\" srcset=\"https:\/\/www.feuerwehr-burgau.de\/wp-content\/uploads\/2025\/05\/IMG_20250520_200546582_HDR-scaled.jpg 2560w, https:\/\/www.feuerwehr-burgau.de\/wp-content\/uploads\/2025\/05\/IMG_20250520_200546582_HDR-300x225.jpg 300w, https:\/\/www.feuerwehr-burgau.de\/wp-content\/uploads\/2025\/05\/IMG_20250520_200546582_HDR-1024x768.jpg 1024w, https:\/\/www.feuerwehr-burgau.de\/wp-content\/uploads\/2025\/05\/IMG_20250520_200546582_HDR-768x576.jpg 768w, https:\/\/www.feuerwehr-burgau.de\/wp-content\/uploads\/2025\/05\/IMG_20250520_200546582_HDR-1536x1152.jpg 1536w, https:\/\/www.feuerwehr-burgau.de\/wp-content\/uploads\/2025\/05\/IMG_20250520_200546582_HDR-2048x1536.jpg 2048w\" sizes=\"auto, (max-width: 2560px) 100vw, 2560px\" \/><\/a><div class=\"caption-wrap\"><div class=\"caption\"><div style=\"text-align:center;\">Verkehrssicherungsanh\u00e4nger 2<\/div><\/div><\/div><\/li>\n                <li style=\"display: none; width: 100%;\" class=\"slide-4566 ms-image \" aria-roledescription=\"slide\" data-date=\"2024-10-04 10:57:25\" data-filename=\"IMG_20200409_115957-scaled.jpg\" data-slide-type=\"image\"><a href=\"https:\/\/www.feuerwehr-burgau.de\/index.php\/ausruestung\/anhaenger\/geraeteanhaenger\/\" target=\"_self\" aria-label=\"View Slide Details\" class=\"metaslider_image_link\"><img loading=\"lazy\" decoding=\"async\" width=\"2560\" height=\"1920\" src=\"https:\/\/www.feuerwehr-burgau.de\/wp-content\/uploads\/2020\/05\/IMG_20200409_115957-scaled.jpg\" class=\"slider-4563 slide-4566 msDefaultImage\" alt=\"\" rel=\"\" title=\"IMG_20200409_115957\" style=\"margin: 0 auto; width: 76.190476190476%\" srcset=\"https:\/\/www.feuerwehr-burgau.de\/wp-content\/uploads\/2020\/05\/IMG_20200409_115957-scaled.jpg 2560w, https:\/\/www.feuerwehr-burgau.de\/wp-content\/uploads\/2020\/05\/IMG_20200409_115957-300x225.jpg 300w, https:\/\/www.feuerwehr-burgau.de\/wp-content\/uploads\/2020\/05\/IMG_20200409_115957-1024x768.jpg 1024w, https:\/\/www.feuerwehr-burgau.de\/wp-content\/uploads\/2020\/05\/IMG_20200409_115957-768x576.jpg 768w, https:\/\/www.feuerwehr-burgau.de\/wp-content\/uploads\/2020\/05\/IMG_20200409_115957-1536x1152.jpg 1536w, https:\/\/www.feuerwehr-burgau.de\/wp-content\/uploads\/2020\/05\/IMG_20200409_115957-2048x1536.jpg 2048w\" sizes=\"auto, (max-width: 2560px) 100vw, 2560px\" \/><\/a><div class=\"caption-wrap\"><div class=\"caption\"><div style=\"text-align:center;\">Ger\u00e4teanh\u00e4nger L\u00f6schwasserversorgung<\/div><\/div><\/div><\/li>\n                <li style=\"display: none; width: 100%;\" class=\"slide-4569 ms-image \" aria-roledescription=\"slide\" data-date=\"2024-10-04 10:57:26\" data-filename=\"DSCN0025-e1546453258614.jpg\" data-slide-type=\"image\"><a href=\"https:\/\/www.feuerwehr-burgau.de\/index.php\/ausruestung\/anhaenger\/skimmer\/\" target=\"_self\" aria-label=\"View Slide Details\" class=\"metaslider_image_link\"><img loading=\"lazy\" decoding=\"async\" width=\"2000\" height=\"1500\" src=\"https:\/\/www.feuerwehr-burgau.de\/wp-content\/uploads\/2019\/01\/DSCN0025-e1546453258614.jpg\" class=\"slider-4563 slide-4569 msDefaultImage\" alt=\"\" rel=\"\" title=\"Skimmer\" style=\"margin: 0 auto; width: 76.190476190476%\" \/><\/a><div class=\"caption-wrap\"><div class=\"caption\"><div style=\"text-align:center;\">Skimmer<\/div><\/div><\/div><\/li>\n                <li style=\"display: none; width: 100%;\" class=\"slide-4565 ms-image \" aria-roledescription=\"slide\" data-date=\"2024-10-04 10:57:24\" data-filename=\"DSCN0023-scaled.jpg\" data-slide-type=\"image\"><a href=\"https:\/\/www.feuerwehr-burgau.de\/index.php\/ausruestung\/anhaenger\/notstromaggregat\/\" target=\"_self\" aria-label=\"View Slide Details\" class=\"metaslider_image_link\"><img loading=\"lazy\" decoding=\"async\" width=\"2560\" height=\"1920\" src=\"https:\/\/www.feuerwehr-burgau.de\/wp-content\/uploads\/2023\/03\/DSCN0023-scaled.jpg\" class=\"slider-4563 slide-4565 msDefaultImage\" alt=\"\" rel=\"\" title=\"DSCN0023\" style=\"margin: 0 auto; width: 76.190476190476%\" srcset=\"https:\/\/www.feuerwehr-burgau.de\/wp-content\/uploads\/2023\/03\/DSCN0023-scaled.jpg 2560w, https:\/\/www.feuerwehr-burgau.de\/wp-content\/uploads\/2023\/03\/DSCN0023-300x225.jpg 300w, https:\/\/www.feuerwehr-burgau.de\/wp-content\/uploads\/2023\/03\/DSCN0023-1024x768.jpg 1024w, https:\/\/www.feuerwehr-burgau.de\/wp-content\/uploads\/2023\/03\/DSCN0023-768x576.jpg 768w, https:\/\/www.feuerwehr-burgau.de\/wp-content\/uploads\/2023\/03\/DSCN0023-1536x1152.jpg 1536w, https:\/\/www.feuerwehr-burgau.de\/wp-content\/uploads\/2023\/03\/DSCN0023-2048x1536.jpg 2048w\" sizes=\"auto, (max-width: 2560px) 100vw, 2560px\" \/><\/a><div class=\"caption-wrap\"><div class=\"caption\"><div style=\"text-align:center;\">Notstromaggregat 1<\/div><\/div><\/div><\/li>\n                <li style=\"display: none; width: 100%;\" class=\"slide-4564 ms-image \" aria-roledescription=\"slide\" data-date=\"2024-10-04 10:57:24\" data-filename=\"20240528_194433-scaled-e1716981566274.jpg\" data-slide-type=\"image\"><a href=\"https:\/\/www.feuerwehr-burgau.de\/index.php\/ausruestung\/anhaenger\/notstromaggregat-2\/\" target=\"_self\" aria-label=\"View Slide Details\" class=\"metaslider_image_link\"><img loading=\"lazy\" decoding=\"async\" width=\"1932\" height=\"1352\" src=\"https:\/\/www.feuerwehr-burgau.de\/wp-content\/uploads\/2024\/05\/20240528_194433-scaled-e1716981566274.jpg\" class=\"slider-4563 slide-4564 msDefaultImage\" alt=\"\" rel=\"\" title=\"20240528_194433\" style=\"margin: 0 auto; width: 81.656804733728%\" srcset=\"https:\/\/www.feuerwehr-burgau.de\/wp-content\/uploads\/2024\/05\/20240528_194433-scaled-e1716981566274.jpg 1932w, https:\/\/www.feuerwehr-burgau.de\/wp-content\/uploads\/2024\/05\/20240528_194433-scaled-e1716981566274-300x210.jpg 300w, https:\/\/www.feuerwehr-burgau.de\/wp-content\/uploads\/2024\/05\/20240528_194433-scaled-e1716981566274-1024x717.jpg 1024w, https:\/\/www.feuerwehr-burgau.de\/wp-content\/uploads\/2024\/05\/20240528_194433-scaled-e1716981566274-768x537.jpg 768w, https:\/\/www.feuerwehr-burgau.de\/wp-content\/uploads\/2024\/05\/20240528_194433-scaled-e1716981566274-1536x1075.jpg 1536w, https:\/\/www.feuerwehr-burgau.de\/wp-content\/uploads\/2024\/05\/20240528_194433-scaled-e1716981566274-130x90.jpg 130w\" sizes=\"auto, (max-width: 1932px) 100vw, 1932px\" \/><\/a><div class=\"caption-wrap\"><div class=\"caption\"><div style=\"text-align:center;\">Notstromaggregat 2<\/div><\/div><\/div><\/li>\n            <\/ul>\n        <\/div>\n        \n    <\/div>\n<\/div>\n","protected":false},"excerpt":{"rendered":"","protected":false},"author":2,"featured_media":0,"parent":132,"menu_order":0,"comment_status":"closed","ping_status":"closed","template":"","meta":{"colormag_page_container_layout":"no_sidebar_full_width","colormag_page_sidebar_layout":"right_sidebar","footnotes":""},"class_list":["post-463","page","type-page","status-publish","hentry"],"_links":{"self":[{"href":"https:\/\/www.feuerwehr-burgau.de\/index.php\/wp-json\/wp\/v2\/pages\/463","targetHints":{"allow":["GET"]}}],"collection":[{"href":"https:\/\/www.feuerwehr-burgau.de\/index.php\/wp-json\/wp\/v2\/pages"}],"about":[{"href":"https:\/\/www.feuerwehr-burgau.de\/index.php\/wp-json\/wp\/v2\/types\/page"}],"author":[{"embeddable":true,"href":"https:\/\/www.feuerwehr-burgau.de\/index.php\/wp-json\/wp\/v2\/users\/2"}],"replies":[{"embeddable":true,"href":"https:\/\/www.feuerwehr-burgau.de\/index.php\/wp-json\/wp\/v2\/comments?post=463"}],"version-history":[{"count":3,"href":"https:\/\/www.feuerwehr-burgau.de\/index.php\/wp-json\/wp\/v2\/pages\/463\/revisions"}],"predecessor-version":[{"id":4571,"href":"https:\/\/www.feuerwehr-burgau.de\/index.php\/wp-json\/wp\/v2\/pages\/463\/revisions\/4571"}],"up":[{"embeddable":true,"href":"https:\/\/www.feuerwehr-burgau.de\/index.php\/wp-json\/wp\/v2\/pages\/132"}],"wp:attachment":[{"href":"https:\/\/www.feuerwehr-burgau.de\/index.php\/wp-json\/wp\/v2\/media?parent=463"}],"curies":[{"name":"wp","href":"https:\/\/api.w.org\/{rel}","templated":true}]}}