{"id":424,"date":"2018-11-29T17:22:44","date_gmt":"2018-11-29T16:22:44","guid":{"rendered":"https:\/\/www.feuerwehr-burgau.de\/wordpress\/?page_id=424"},"modified":"2019-02-10T11:54:05","modified_gmt":"2019-02-10T10:54:05","slug":"skimmer","status":"publish","type":"page","link":"https:\/\/www.feuerwehr-burgau.de\/index.php\/ausruestung\/anhaenger\/skimmer\/","title":{"rendered":"Skimmer"},"content":{"rendered":"\n<figure class=\"wp-block-image\"><img loading=\"lazy\" decoding=\"async\" width=\"1024\" height=\"768\" src=\"https:\/\/www.feuerwehr-burgau.de\/wp-content\/uploads\/2019\/01\/DSCN0025-1024x768.jpg\" alt=\"\" class=\"wp-image-1392\"\/><\/figure>\n\n\n\n<span id=\"tablepress-30-description\" class=\"tablepress-table-description tablepress-table-description-id-30\"><\/span>\n\n<table id=\"tablepress-30\" class=\"tablepress tablepress-id-30\" aria-describedby=\"tablepress-30-description\">\n<tbody>\n<tr class=\"row-1\">\n\t<td class=\"column-1\">Abk\u00fcrzung<\/td><td class=\"column-2\">Skimmer<\/td>\n<\/tr>\n<tr class=\"row-2\">\n\t<td class=\"column-1\">Baujahr<\/td><td class=\"column-2\">1995<\/td>\n<\/tr>\n<tr class=\"row-3\">\n\t<td class=\"column-1\">Beladung\/Spezifikationen<\/td><td class=\"column-2\">\u00d6lwehrger\u00e4te zum Absaugen von \u00d6l\/Wassergemischen aus offenen Gew\u00e4ssern<\/td>\n<\/tr>\n<\/tbody>\n<\/table>\n<!-- #tablepress-30 from cache -->\n","protected":false},"excerpt":{"rendered":"","protected":false},"author":2,"featured_media":0,"parent":463,"menu_order":0,"comment_status":"closed","ping_status":"closed","template":"","meta":{"colormag_page_container_layout":"no_sidebar_full_width","colormag_page_sidebar_layout":"right_sidebar","footnotes":""},"class_list":["post-424","page","type-page","status-publish","hentry"],"_links":{"self":[{"href":"https:\/\/www.feuerwehr-burgau.de\/index.php\/wp-json\/wp\/v2\/pages\/424","targetHints":{"allow":["GET"]}}],"collection":[{"href":"https:\/\/www.feuerwehr-burgau.de\/index.php\/wp-json\/wp\/v2\/pages"}],"about":[{"href":"https:\/\/www.feuerwehr-burgau.de\/index.php\/wp-json\/wp\/v2\/types\/page"}],"author":[{"embeddable":true,"href":"https:\/\/www.feuerwehr-burgau.de\/index.php\/wp-json\/wp\/v2\/users\/2"}],"replies":[{"embeddable":true,"href":"https:\/\/www.feuerwehr-burgau.de\/index.php\/wp-json\/wp\/v2\/comments?post=424"}],"version-history":[{"count":5,"href":"https:\/\/www.feuerwehr-burgau.de\/index.php\/wp-json\/wp\/v2\/pages\/424\/revisions"}],"predecessor-version":[{"id":3650,"href":"https:\/\/www.feuerwehr-burgau.de\/index.php\/wp-json\/wp\/v2\/pages\/424\/revisions\/3650"}],"up":[{"embeddable":true,"href":"https:\/\/www.feuerwehr-burgau.de\/index.php\/wp-json\/wp\/v2\/pages\/463"}],"wp:attachment":[{"href":"https:\/\/www.feuerwehr-burgau.de\/index.php\/wp-json\/wp\/v2\/media?parent=424"}],"curies":[{"name":"wp","href":"https:\/\/api.w.org\/{rel}","templated":true}]}}