{"id":379,"date":"2018-11-29T17:11:43","date_gmt":"2018-11-29T16:11:43","guid":{"rendered":"https:\/\/www.feuerwehr-burgau.de\/wordpress\/?page_id=379"},"modified":"2024-10-04T10:38:45","modified_gmt":"2024-10-04T08:38:45","slug":"gw-logistik-mgh","status":"publish","type":"page","link":"https:\/\/www.feuerwehr-burgau.de\/index.php\/ausruestung\/fahrzeuge\/gw-logistik-mgh\/","title":{"rendered":"Ger\u00e4tewagen Logistik MGH"},"content":{"rendered":"<div id=\"metaslider-id-4533\" style=\"width: 100%; margin: 0 auto;\" class=\"ml-slider-3-108-0 metaslider metaslider-flex metaslider-4533 ml-slider has-dots-nav ms-theme-default\" role=\"region\" aria-label=\"GW Logistik MGH 1\/56\/1\" data-height=\"400\" data-width=\"700\">\n    <div id=\"metaslider_container_4533\">\n        <div id=\"metaslider_4533\">\n            <ul class='slides'>\n                <li style=\"display: block; width: 100%;\" class=\"slide-4534 ms-image \" aria-roledescription=\"slide\" data-date=\"2024-10-04 10:37:04\" data-filename=\"IMG_4568-e1545847679588.jpg\" data-slide-type=\"image\"><img loading=\"lazy\" decoding=\"async\" width=\"2000\" height=\"1333\" src=\"https:\/\/www.feuerwehr-burgau.de\/wp-content\/uploads\/2018\/11\/IMG_4568-e1545847679588.jpg\" class=\"slider-4533 slide-4534 msDefaultImage\" alt=\"\" rel=\"\" title=\"IMG_4568\" style=\"margin: 0 auto; width: 85.735719644197%\" \/><\/li>\n                <li style=\"display: none; width: 100%;\" class=\"slide-4535 ms-image \" aria-roledescription=\"slide\" data-date=\"2024-10-04 10:37:04\" data-filename=\"IMG_4572-e1545847534525.jpg\" data-slide-type=\"image\"><img loading=\"lazy\" decoding=\"async\" width=\"2000\" height=\"1503\" src=\"https:\/\/www.feuerwehr-burgau.de\/wp-content\/uploads\/2018\/11\/IMG_4572-e1545847534525.jpg\" class=\"slider-4533 slide-4535 msDefaultImage\" alt=\"\" rel=\"\" title=\"IMG_4572\" style=\"margin: 0 auto; width: 76.038399391693%\" \/><\/li>\n                <li style=\"display: none; width: 100%;\" class=\"slide-4536 ms-image \" aria-roledescription=\"slide\" data-date=\"2024-10-04 10:37:05\" data-filename=\"IMG_4570-e1545847661727.jpg\" data-slide-type=\"image\"><img loading=\"lazy\" decoding=\"async\" width=\"2000\" height=\"1333\" src=\"https:\/\/www.feuerwehr-burgau.de\/wp-content\/uploads\/2018\/11\/IMG_4570-e1545847661727.jpg\" class=\"slider-4533 slide-4536 msDefaultImage\" alt=\"\" rel=\"\" title=\"IMG_4570\" style=\"margin: 0 auto; width: 85.735719644197%\" \/><\/li>\n                <li style=\"display: none; width: 100%;\" class=\"slide-4537 ms-image \" aria-roledescription=\"slide\" data-date=\"2024-10-04 10:37:05\" data-filename=\"IMG_4672-e1545847420286.jpg\" data-slide-type=\"image\"><img loading=\"lazy\" decoding=\"async\" width=\"2000\" height=\"1682\" src=\"https:\/\/www.feuerwehr-burgau.de\/wp-content\/uploads\/2018\/11\/IMG_4672-e1545847420286.jpg\" class=\"slider-4533 slide-4537 msDefaultImage\" alt=\"\" rel=\"\" title=\"IMG_4672\" style=\"margin: 0 auto; width: 67.9463224053%\" \/><\/li>\n                <li style=\"display: none; width: 100%;\" class=\"slide-4538 ms-image \" aria-roledescription=\"slide\" data-date=\"2024-10-04 10:37:07\" data-filename=\"IMG_4671-e1545847444337.jpg\" data-slide-type=\"image\"><img loading=\"lazy\" decoding=\"async\" width=\"2000\" height=\"2491\" src=\"https:\/\/www.feuerwehr-burgau.de\/wp-content\/uploads\/2018\/11\/IMG_4671-e1545847444337.jpg\" class=\"slider-4533 slide-4538 msDefaultImage\" alt=\"\" rel=\"\" title=\"IMG_4671\" style=\"margin: 0 auto; width: 45.879451740552%\" \/><\/li>\n                <li style=\"display: none; width: 100%;\" class=\"slide-4539 ms-image \" aria-roledescription=\"slide\" data-date=\"2024-10-04 10:37:07\" data-filename=\"IMG_4666-e1545847491700.jpg\" data-slide-type=\"image\"><img loading=\"lazy\" decoding=\"async\" width=\"2000\" height=\"1593\" src=\"https:\/\/www.feuerwehr-burgau.de\/wp-content\/uploads\/2018\/11\/IMG_4666-e1545847491700.jpg\" class=\"slider-4533 slide-4539 msDefaultImage\" alt=\"\" rel=\"\" title=\"IMG_4666\" style=\"margin: 0 auto; width: 71.742444623801%\" \/><\/li>\n                <li style=\"display: none; width: 100%;\" class=\"slide-4540 ms-image \" aria-roledescription=\"slide\" data-date=\"2024-10-04 10:37:08\" data-filename=\"IMG_4664-e1545847520198.jpg\" data-slide-type=\"image\"><img loading=\"lazy\" decoding=\"async\" width=\"2000\" height=\"1333\" src=\"https:\/\/www.feuerwehr-burgau.de\/wp-content\/uploads\/2018\/11\/IMG_4664-e1545847520198.jpg\" class=\"slider-4533 slide-4540 msDefaultImage\" alt=\"\" rel=\"\" title=\"IMG_4664\" style=\"margin: 0 auto; width: 85.735719644197%\" \/><\/li>\n            <\/ul>\n        <\/div>\n        \n    <\/div>\n<\/div>\n\n\n<span id=\"tablepress-8-description\" class=\"tablepress-table-description tablepress-table-description-id-8\">Der Ger\u00e4tewagen Logistik ist mit diversen Rollw\u00e4gen f\u00fcr Hochwasserschadenslagen ausgestattet (MGH = Modularer Ger\u00e4tewagen Hochwasser). Er wurde zentral vom Freistaat Bayern beschafft und wird im Rahmen des Katastrophenschutzes auch zu \u00fcberregionalen Eins\u00e4tzen alarmiert. Zus\u00e4tzlich wird dieses Fahrzeug zur Verkehrsabsicherung mit dem Verkehrssicherungsanh\u00e4nger 1 verwendet.<\/span>\n\n<table id=\"tablepress-8\" class=\"tablepress tablepress-id-8\" aria-describedby=\"tablepress-8-description\">\n<tbody>\n<tr class=\"row-1\">\n\t<td class=\"column-1\">Funkrufname<\/td><td class=\"column-2\">Florian Burgau 1\/56\/1<\/td>\n<\/tr>\n<tr class=\"row-2\">\n\t<td class=\"column-1\">Abk\u00fcrzung<\/td><td class=\"column-2\">GW MGH<\/td>\n<\/tr>\n<tr class=\"row-3\">\n\t<td class=\"column-1\">Baujahr<\/td><td class=\"column-2\">2017<\/td>\n<\/tr>\n<tr class=\"row-4\">\n\t<td class=\"column-1\">Besatzung<\/td><td class=\"column-2\">1\/5<\/td>\n<\/tr>\n<tr class=\"row-5\">\n\t<td class=\"column-1\">Fahrgestell<\/td><td class=\"column-2\">MAN TGM 13.290 4&#215;4 BL 290PS<\/td>\n<\/tr>\n<tr class=\"row-6\">\n\t<td class=\"column-1\">Aufbau\/Ausbau<\/td><td class=\"column-2\">Firma Freytag (Elze)<\/td>\n<\/tr>\n<tr class=\"row-7\">\n\t<td class=\"column-1\">Beladung\/Spezifikationen<\/td><td class=\"column-2\">2x HRT-Funkger\u00e4te<br \/>\n14x Schmutzwasserpumpen<br \/>\n3x Stromerzeuger 13 kVA<br \/>\n3x Beleuchtungssatz<br \/>\nSchl\u00e4uche<br \/>\ndiv. Pumpenzubeh\u00f6r<br \/>\nVerkehrssicherungsmaterial<\/td>\n<\/tr>\n<\/tbody>\n<\/table>\n<!-- #tablepress-8 from cache -->\n\n\n<p><\/p>\n","protected":false},"excerpt":{"rendered":"","protected":false},"author":2,"featured_media":0,"parent":36,"menu_order":0,"comment_status":"closed","ping_status":"closed","template":"","meta":{"colormag_page_container_layout":"no_sidebar_full_width","colormag_page_sidebar_layout":"right_sidebar","footnotes":""},"class_list":["post-379","page","type-page","status-publish","hentry"],"_links":{"self":[{"href":"https:\/\/www.feuerwehr-burgau.de\/index.php\/wp-json\/wp\/v2\/pages\/379","targetHints":{"allow":["GET"]}}],"collection":[{"href":"https:\/\/www.feuerwehr-burgau.de\/index.php\/wp-json\/wp\/v2\/pages"}],"about":[{"href":"https:\/\/www.feuerwehr-burgau.de\/index.php\/wp-json\/wp\/v2\/types\/page"}],"author":[{"embeddable":true,"href":"https:\/\/www.feuerwehr-burgau.de\/index.php\/wp-json\/wp\/v2\/users\/2"}],"replies":[{"embeddable":true,"href":"https:\/\/www.feuerwehr-burgau.de\/index.php\/wp-json\/wp\/v2\/comments?post=379"}],"version-history":[{"count":7,"href":"https:\/\/www.feuerwehr-burgau.de\/index.php\/wp-json\/wp\/v2\/pages\/379\/revisions"}],"predecessor-version":[{"id":4542,"href":"https:\/\/www.feuerwehr-burgau.de\/index.php\/wp-json\/wp\/v2\/pages\/379\/revisions\/4542"}],"up":[{"embeddable":true,"href":"https:\/\/www.feuerwehr-burgau.de\/index.php\/wp-json\/wp\/v2\/pages\/36"}],"wp:attachment":[{"href":"https:\/\/www.feuerwehr-burgau.de\/index.php\/wp-json\/wp\/v2\/media?parent=379"}],"curies":[{"name":"wp","href":"https:\/\/api.w.org\/{rel}","templated":true}]}}