{"id":375,"date":"2018-11-29T17:07:10","date_gmt":"2018-11-29T16:07:10","guid":{"rendered":"https:\/\/www.feuerwehr-burgau.de\/wordpress\/?page_id=375"},"modified":"2024-06-17T14:45:52","modified_gmt":"2024-06-17T12:45:52","slug":"ab-sandsack","status":"publish","type":"page","link":"https:\/\/www.feuerwehr-burgau.de\/index.php\/ausruestung\/abrollbehaelter\/ab-sandsack\/","title":{"rendered":"AB Sandsack 1"},"content":{"rendered":"\n<figure class=\"wp-block-image\"><img loading=\"lazy\" decoding=\"async\" width=\"1024\" height=\"768\" src=\"https:\/\/www.feuerwehr-burgau.de\/wp-content\/uploads\/2019\/01\/DSCN4554-1024x768.jpg\" alt=\"\" class=\"wp-image-1385\"\/><\/figure>\n\n\n\n<span id=\"tablepress-26-description\" class=\"tablepress-table-description tablepress-table-description-id-26\">Zehn F\u00e4cher zum Sandsacktransport von 10 bzw. 15 Paletten. Durch klappbare Trennw\u00e4nde k\u00f6nnen auch alle Paletten auf einmal abgekippt werden.<\/span>\n\n<table id=\"tablepress-26\" class=\"tablepress tablepress-id-26\" aria-describedby=\"tablepress-26-description\">\n<tbody>\n<tr class=\"row-1\">\n\t<td class=\"column-1\"><\/td><td class=\"column-2\"><\/td>\n<\/tr>\n<\/tbody>\n<\/table>\n<!-- #tablepress-26 from cache -->\n","protected":false},"excerpt":{"rendered":"","protected":false},"author":2,"featured_media":0,"parent":461,"menu_order":0,"comment_status":"closed","ping_status":"closed","template":"","meta":{"colormag_page_container_layout":"no_sidebar_full_width","colormag_page_sidebar_layout":"right_sidebar","footnotes":""},"class_list":["post-375","page","type-page","status-publish","hentry"],"_links":{"self":[{"href":"https:\/\/www.feuerwehr-burgau.de\/index.php\/wp-json\/wp\/v2\/pages\/375","targetHints":{"allow":["GET"]}}],"collection":[{"href":"https:\/\/www.feuerwehr-burgau.de\/index.php\/wp-json\/wp\/v2\/pages"}],"about":[{"href":"https:\/\/www.feuerwehr-burgau.de\/index.php\/wp-json\/wp\/v2\/types\/page"}],"author":[{"embeddable":true,"href":"https:\/\/www.feuerwehr-burgau.de\/index.php\/wp-json\/wp\/v2\/users\/2"}],"replies":[{"embeddable":true,"href":"https:\/\/www.feuerwehr-burgau.de\/index.php\/wp-json\/wp\/v2\/comments?post=375"}],"version-history":[{"count":5,"href":"https:\/\/www.feuerwehr-burgau.de\/index.php\/wp-json\/wp\/v2\/pages\/375\/revisions"}],"predecessor-version":[{"id":4340,"href":"https:\/\/www.feuerwehr-burgau.de\/index.php\/wp-json\/wp\/v2\/pages\/375\/revisions\/4340"}],"up":[{"embeddable":true,"href":"https:\/\/www.feuerwehr-burgau.de\/index.php\/wp-json\/wp\/v2\/pages\/461"}],"wp:attachment":[{"href":"https:\/\/www.feuerwehr-burgau.de\/index.php\/wp-json\/wp\/v2\/media?parent=375"}],"curies":[{"name":"wp","href":"https:\/\/api.w.org\/{rel}","templated":true}]}}