{"id":371,"date":"2018-11-29T17:06:41","date_gmt":"2018-11-29T16:06:41","guid":{"rendered":"https:\/\/www.feuerwehr-burgau.de\/wordpress\/?page_id=371"},"modified":"2024-10-02T14:21:17","modified_gmt":"2024-10-02T12:21:17","slug":"ab-wasser-schaum","status":"publish","type":"page","link":"https:\/\/www.feuerwehr-burgau.de\/index.php\/ausruestung\/abrollbehaelter\/ab-wasser-schaum\/","title":{"rendered":"AB Wasser\/Schaum"},"content":{"rendered":"<div id=\"metaslider-id-4494\" style=\"width: 100%; margin: 0 auto;\" class=\"ml-slider-3-108-0 metaslider metaslider-flex metaslider-4494 ml-slider has-dots-nav ms-theme-default\" role=\"region\" aria-label=\"AB Wasser\" data-height=\"400\" data-width=\"700\">\n    <div id=\"metaslider_container_4494\">\n        <div id=\"metaslider_4494\">\n            <ul class='slides'>\n                <li style=\"display: block; width: 100%;\" class=\"slide-4495 ms-image \" aria-roledescription=\"slide\" data-date=\"2024-10-02 14:11:03\" data-filename=\"IMG_1377-e1546278740343.jpg\" data-slide-type=\"image\"><img loading=\"lazy\" decoding=\"async\" width=\"2000\" height=\"1500\" src=\"https:\/\/www.feuerwehr-burgau.de\/wp-content\/uploads\/2018\/12\/IMG_1377-e1546278740343.jpg\" class=\"slider-4494 slide-4495 msDefaultImage\" alt=\"\" rel=\"\" title=\"AB Wasser 1.6\" style=\"margin: 0 auto; width: 76.190476190476%\" \/><\/li>\n                <li style=\"display: none; width: 100%;\" class=\"slide-4496 ms-image \" aria-roledescription=\"slide\" data-date=\"2024-10-02 14:11:04\" data-filename=\"IMG_1373-e1546278722345.jpg\" data-slide-type=\"image\"><img loading=\"lazy\" decoding=\"async\" width=\"2000\" height=\"2667\" src=\"https:\/\/www.feuerwehr-burgau.de\/wp-content\/uploads\/2018\/12\/IMG_1373-e1546278722345.jpg\" class=\"slider-4494 slide-4496 msDefaultImage\" alt=\"\" rel=\"\" title=\"AB Wasser 1.5\" style=\"margin: 0 auto; width: 42.851786383845%\" \/><\/li>\n                <li style=\"display: none; width: 100%;\" class=\"slide-4497 ms-image \" aria-roledescription=\"slide\" data-date=\"2024-10-02 14:11:05\" data-filename=\"IMG_1369-e1546278612652.jpg\" data-slide-type=\"image\"><img loading=\"lazy\" decoding=\"async\" width=\"2000\" height=\"2667\" src=\"https:\/\/www.feuerwehr-burgau.de\/wp-content\/uploads\/2018\/12\/IMG_1369-e1546278612652.jpg\" class=\"slider-4494 slide-4497 msDefaultImage\" alt=\"\" rel=\"\" title=\"AB Wasser 1.3\" style=\"margin: 0 auto; width: 42.851786383845%\" \/><\/li>\n                <li style=\"display: none; width: 100%;\" class=\"slide-4500 ms-image \" aria-roledescription=\"slide\" data-date=\"2024-10-02 14:11:06\" data-filename=\"IMG_1372-e1546278627850.jpg\" data-slide-type=\"image\"><img loading=\"lazy\" decoding=\"async\" width=\"2000\" height=\"1500\" src=\"https:\/\/www.feuerwehr-burgau.de\/wp-content\/uploads\/2018\/12\/IMG_1372-e1546278627850.jpg\" class=\"slider-4494 slide-4500 msDefaultImage\" alt=\"\" rel=\"\" title=\"AB Wasser 1.4\" style=\"margin: 0 auto; width: 76.190476190476%\" \/><\/li>\n                <li style=\"display: none; width: 100%;\" class=\"slide-4501 ms-image \" aria-roledescription=\"slide\" data-date=\"2024-10-02 14:11:06\" data-filename=\"IMG_4587-e1546278412552.jpg\" data-slide-type=\"image\"><img loading=\"lazy\" decoding=\"async\" width=\"1944\" height=\"2592\" src=\"https:\/\/www.feuerwehr-burgau.de\/wp-content\/uploads\/2018\/12\/IMG_4587-e1546278412552.jpg\" class=\"slider-4494 slide-4501 msDefaultImage\" alt=\"\" rel=\"\" title=\"AB Wasser 1.0\" style=\"margin: 0 auto; width: 42.857142857143%\" srcset=\"https:\/\/www.feuerwehr-burgau.de\/wp-content\/uploads\/2018\/12\/IMG_4587-e1546278412552.jpg 1944w, https:\/\/www.feuerwehr-burgau.de\/wp-content\/uploads\/2018\/12\/IMG_4587-e1546278412552-225x300.jpg 225w, https:\/\/www.feuerwehr-burgau.de\/wp-content\/uploads\/2018\/12\/IMG_4587-e1546278412552-768x1024.jpg 768w\" sizes=\"auto, (max-width: 1944px) 100vw, 1944px\" \/><\/li>\n            <\/ul>\n        <\/div>\n        \n    <\/div>\n<\/div>\n\n\n\n<span id=\"tablepress-24-description\" class=\"tablepress-table-description tablepress-table-description-id-24\">Kernst\u00fcck des AB Wasser\/Schaum ist sein gro\u00dfer L\u00f6schwassertank. Neben seinem weiteren Zubeh\u00f6r kann er auch im abgesattelten Zustand dank der fest verbauten Pumpe autark betrieben werden.<\/span>\n\n<table id=\"tablepress-24\" class=\"tablepress tablepress-id-24\" aria-describedby=\"tablepress-24-description\">\n<tbody>\n<tr class=\"row-1\">\n\t<td class=\"column-1\">Ausbau<\/td><td class=\"column-2\">Heinz Meyer<\/td>\n<\/tr>\n<tr class=\"row-2\">\n\t<td class=\"column-1\">Beladung<\/td><td class=\"column-2\">6300l Wasser<br \/>\n250l Class-A 1% Schaummittel<br \/>\n60l AFFF (alkoholbest\u00e4ndiges Schaummittel)<br \/>\nTragkraftspritze Rosenbauer Fox PFPN 10\/1500<br \/>\nSchaumzumischanlage Hale FoamLogix 3.3<br \/>\nNebell\u00f6schsystem<br \/>\n2x Atemschutzger\u00e4te<br \/>\nMultifunktionsleiter<br \/>\nRescue-S\u00e4ge<br \/>\nSchl\u00e4uche und Armaturen<br \/>\nStromerzeuger<br \/>\nLichtmast<\/td>\n<\/tr>\n<\/tbody>\n<\/table>\n<!-- #tablepress-24 from cache -->\n","protected":false},"excerpt":{"rendered":"","protected":false},"author":2,"featured_media":0,"parent":461,"menu_order":0,"comment_status":"closed","ping_status":"closed","template":"","meta":{"colormag_page_container_layout":"no_sidebar_full_width","colormag_page_sidebar_layout":"right_sidebar","footnotes":""},"class_list":["post-371","page","type-page","status-publish","hentry"],"_links":{"self":[{"href":"https:\/\/www.feuerwehr-burgau.de\/index.php\/wp-json\/wp\/v2\/pages\/371","targetHints":{"allow":["GET"]}}],"collection":[{"href":"https:\/\/www.feuerwehr-burgau.de\/index.php\/wp-json\/wp\/v2\/pages"}],"about":[{"href":"https:\/\/www.feuerwehr-burgau.de\/index.php\/wp-json\/wp\/v2\/types\/page"}],"author":[{"embeddable":true,"href":"https:\/\/www.feuerwehr-burgau.de\/index.php\/wp-json\/wp\/v2\/users\/2"}],"replies":[{"embeddable":true,"href":"https:\/\/www.feuerwehr-burgau.de\/index.php\/wp-json\/wp\/v2\/comments?post=371"}],"version-history":[{"count":4,"href":"https:\/\/www.feuerwehr-burgau.de\/index.php\/wp-json\/wp\/v2\/pages\/371\/revisions"}],"predecessor-version":[{"id":4503,"href":"https:\/\/www.feuerwehr-burgau.de\/index.php\/wp-json\/wp\/v2\/pages\/371\/revisions\/4503"}],"up":[{"embeddable":true,"href":"https:\/\/www.feuerwehr-burgau.de\/index.php\/wp-json\/wp\/v2\/pages\/461"}],"wp:attachment":[{"href":"https:\/\/www.feuerwehr-burgau.de\/index.php\/wp-json\/wp\/v2\/media?parent=371"}],"curies":[{"name":"wp","href":"https:\/\/api.w.org\/{rel}","templated":true}]}}