{"id":367,"date":"2018-11-29T17:05:51","date_gmt":"2018-11-29T16:05:51","guid":{"rendered":"https:\/\/www.feuerwehr-burgau.de\/wordpress\/?page_id=367"},"modified":"2024-10-04T10:13:28","modified_gmt":"2024-10-04T08:13:28","slug":"wechsellader-2","status":"publish","type":"page","link":"https:\/\/www.feuerwehr-burgau.de\/index.php\/ausruestung\/fahrzeuge\/wechsellader-2\/","title":{"rendered":"Wechsellader 2"},"content":{"rendered":"<div id=\"metaslider-id-4527\" style=\"width: 100%; margin: 0 auto;\" class=\"ml-slider-3-109-0 metaslider metaslider-flex metaslider-4527 ml-slider has-dots-nav ms-theme-default\" role=\"region\" aria-label=\"WLF 1\/36\/2\" data-height=\"400\" data-width=\"700\">\n    <div id=\"metaslider_container_4527\">\n        <div id=\"metaslider_4527\">\n            <ul class='slides'>\n                <li style=\"display: block; width: 100%;\" class=\"slide-4528 ms-image \" aria-roledescription=\"slide\" data-date=\"2024-10-04 10:11:13\" data-filename=\"DSCN4161-e1546188095118.jpg\" data-slide-type=\"image\"><img loading=\"lazy\" decoding=\"async\" width=\"2000\" height=\"1500\" src=\"https:\/\/www.feuerwehr-burgau.de\/wp-content\/uploads\/2018\/12\/DSCN4161-e1546188095118.jpg\" class=\"slider-4527 slide-4528 msDefaultImage\" alt=\"\" rel=\"\" title=\"WLF2\" style=\"margin: 0 auto; width: 76.190476190476%\" \/><\/li>\n                <li style=\"display: none; width: 100%;\" class=\"slide-4529 ms-image \" aria-roledescription=\"slide\" data-date=\"2024-10-04 10:11:14\" data-filename=\"DSCN4165-e1546188128925.jpg\" data-slide-type=\"image\"><img loading=\"lazy\" decoding=\"async\" width=\"2000\" height=\"1558\" src=\"https:\/\/www.feuerwehr-burgau.de\/wp-content\/uploads\/2018\/12\/DSCN4165-e1546188128925.jpg\" class=\"slider-4527 slide-4529 msDefaultImage\" alt=\"\" rel=\"\" title=\"WLF2.3\" style=\"margin: 0 auto; width: 73.354116999817%\" \/><\/li>\n                <li style=\"display: none; width: 100%;\" class=\"slide-4530 ms-image \" aria-roledescription=\"slide\" data-date=\"2024-10-04 10:11:14\" data-filename=\"DSCN4168-e1546188112409.jpg\" data-slide-type=\"image\"><img loading=\"lazy\" decoding=\"async\" width=\"2000\" height=\"1500\" src=\"https:\/\/www.feuerwehr-burgau.de\/wp-content\/uploads\/2018\/12\/DSCN4168-e1546188112409.jpg\" class=\"slider-4527 slide-4530 msDefaultImage\" alt=\"\" rel=\"\" title=\"WLF2.1\" style=\"margin: 0 auto; width: 76.190476190476%\" \/><\/li>\n            <\/ul>\n        <\/div>\n        \n    <\/div>\n<\/div>\n\n\n<span id=\"tablepress-15-description\" class=\"tablepress-table-description tablepress-table-description-id-15\">Auf dem Wechsellader 2 ist standardm\u00e4\u00dfig der Abrollbeh\u00e4lter Wasser\/Schaum aufgesattelt. Das Fahrzeug besitzt ein gel\u00e4ndeg\u00e4ngiges Fahrgestell mit Allrad-Antrieb, um auch abseits befestigter Stra\u00dfen ausreichend L\u00f6schwasser f\u00fcr den Erstangriff zur Verf\u00fcgung stellen zu k\u00f6nnen.<\/span>\n\n<table id=\"tablepress-15\" class=\"tablepress tablepress-id-15\" aria-describedby=\"tablepress-15-description\">\n<tbody>\n<tr class=\"row-1\">\n\t<td class=\"column-1\">Funkrufname<\/td><td class=\"column-2\">Florian Burgau 1\/36\/2<\/td>\n<\/tr>\n<tr class=\"row-2\">\n\t<td class=\"column-1\">Abk\u00fcrzung<\/td><td class=\"column-2\">WLF 2<\/td>\n<\/tr>\n<tr class=\"row-3\">\n\t<td class=\"column-1\">Baujahr<\/td><td class=\"column-2\">2013<\/td>\n<\/tr>\n<tr class=\"row-4\">\n\t<td class=\"column-1\">Besatzung<\/td><td class=\"column-2\">1\/3<\/td>\n<\/tr>\n<tr class=\"row-5\">\n\t<td class=\"column-1\">Fahrgestell<\/td><td class=\"column-2\">Iveco Trakker AT-N 190T 41 W<\/td>\n<\/tr>\n<tr class=\"row-6\">\n\t<td class=\"column-1\">Aufbau\/Ausbau<\/td><td class=\"column-2\">DTS<\/td>\n<\/tr>\n<tr class=\"row-7\">\n\t<td class=\"column-1\">Beladung\/Spezifikationen<\/td><td class=\"column-2\">2x HRT Funkger\u00e4te<br \/>\n2x Atemschutzger\u00e4te<br \/>\nHakenger\u00e4t<br \/>\nSeilwinde Rotzler Treibmatic TR 060\/6, 8t, 60m Seil<br \/>\nVerkehrssicherungsmaterial<br \/>\n6kg Pulverl\u00f6scher<\/td>\n<\/tr>\n<\/tbody>\n<\/table>\n<!-- #tablepress-15 from cache -->\n","protected":false},"excerpt":{"rendered":"","protected":false},"author":2,"featured_media":0,"parent":36,"menu_order":0,"comment_status":"closed","ping_status":"closed","template":"","meta":{"colormag_page_container_layout":"no_sidebar_full_width","colormag_page_sidebar_layout":"right_sidebar","footnotes":""},"class_list":["post-367","page","type-page","status-publish","hentry"],"_links":{"self":[{"href":"https:\/\/www.feuerwehr-burgau.de\/index.php\/wp-json\/wp\/v2\/pages\/367","targetHints":{"allow":["GET"]}}],"collection":[{"href":"https:\/\/www.feuerwehr-burgau.de\/index.php\/wp-json\/wp\/v2\/pages"}],"about":[{"href":"https:\/\/www.feuerwehr-burgau.de\/index.php\/wp-json\/wp\/v2\/types\/page"}],"author":[{"embeddable":true,"href":"https:\/\/www.feuerwehr-burgau.de\/index.php\/wp-json\/wp\/v2\/users\/2"}],"replies":[{"embeddable":true,"href":"https:\/\/www.feuerwehr-burgau.de\/index.php\/wp-json\/wp\/v2\/comments?post=367"}],"version-history":[{"count":4,"href":"https:\/\/www.feuerwehr-burgau.de\/index.php\/wp-json\/wp\/v2\/pages\/367\/revisions"}],"predecessor-version":[{"id":4532,"href":"https:\/\/www.feuerwehr-burgau.de\/index.php\/wp-json\/wp\/v2\/pages\/367\/revisions\/4532"}],"up":[{"embeddable":true,"href":"https:\/\/www.feuerwehr-burgau.de\/index.php\/wp-json\/wp\/v2\/pages\/36"}],"wp:attachment":[{"href":"https:\/\/www.feuerwehr-burgau.de\/index.php\/wp-json\/wp\/v2\/media?parent=367"}],"curies":[{"name":"wp","href":"https:\/\/api.w.org\/{rel}","templated":true}]}}