{"id":364,"date":"2018-11-29T17:05:35","date_gmt":"2018-11-29T16:05:35","guid":{"rendered":"https:\/\/www.feuerwehr-burgau.de\/wordpress\/?page_id=364"},"modified":"2024-10-04T10:08:10","modified_gmt":"2024-10-04T08:08:10","slug":"wechsellader-1","status":"publish","type":"page","link":"https:\/\/www.feuerwehr-burgau.de\/index.php\/ausruestung\/fahrzeuge\/wechsellader-1\/","title":{"rendered":"Wechsellader 1"},"content":{"rendered":"<div id=\"metaslider-id-4520\" style=\"width: 100%; margin: 0 auto;\" class=\"ml-slider-3-109-0 metaslider metaslider-flex metaslider-4520 ml-slider has-dots-nav ms-theme-default\" role=\"region\" aria-label=\"WLF 1\/36\/1\" data-height=\"400\" data-width=\"700\">\n    <div id=\"metaslider_container_4520\">\n        <div id=\"metaslider_4520\">\n            <ul class='slides'>\n                <li style=\"display: block; width: 100%;\" class=\"slide-4521 ms-image \" aria-roledescription=\"slide\" data-date=\"2024-10-04 10:06:17\" data-filename=\"IMG_0594.jpg\" data-slide-type=\"image\"><img loading=\"lazy\" decoding=\"async\" width=\"3648\" height=\"2736\" src=\"https:\/\/www.feuerwehr-burgau.de\/wp-content\/uploads\/2018\/12\/IMG_0594.jpg\" class=\"slider-4520 slide-4521 msDefaultImage\" alt=\"\" rel=\"\" title=\"WLF1.3\" style=\"margin: 0 auto; width: 76.190476190476%\" srcset=\"https:\/\/www.feuerwehr-burgau.de\/wp-content\/uploads\/2018\/12\/IMG_0594.jpg 3648w, https:\/\/www.feuerwehr-burgau.de\/wp-content\/uploads\/2018\/12\/IMG_0594-300x225.jpg 300w, https:\/\/www.feuerwehr-burgau.de\/wp-content\/uploads\/2018\/12\/IMG_0594-768x576.jpg 768w, https:\/\/www.feuerwehr-burgau.de\/wp-content\/uploads\/2018\/12\/IMG_0594-1024x768.jpg 1024w\" sizes=\"auto, (max-width: 3648px) 100vw, 3648px\" \/><\/li>\n                <li style=\"display: none; width: 100%;\" class=\"slide-4522 ms-image \" aria-roledescription=\"slide\" data-date=\"2024-10-04 10:06:18\" data-filename=\"IMG_0596-e1546187656167.jpg\" data-slide-type=\"image\"><img loading=\"lazy\" decoding=\"async\" width=\"2000\" height=\"1500\" src=\"https:\/\/www.feuerwehr-burgau.de\/wp-content\/uploads\/2018\/12\/IMG_0596-e1546187656167.jpg\" class=\"slider-4520 slide-4522 msDefaultImage\" alt=\"\" rel=\"\" title=\"WLF1.2\" style=\"margin: 0 auto; width: 76.190476190476%\" \/><\/li>\n                <li style=\"display: none; width: 100%;\" class=\"slide-4523 ms-image \" aria-roledescription=\"slide\" data-date=\"2024-10-04 10:06:18\" data-filename=\"IMG_0599-e1546187574480.jpg\" data-slide-type=\"image\"><img loading=\"lazy\" decoding=\"async\" width=\"2000\" height=\"1500\" src=\"https:\/\/www.feuerwehr-burgau.de\/wp-content\/uploads\/2018\/12\/IMG_0599-e1546187574480.jpg\" class=\"slider-4520 slide-4523 msDefaultImage\" alt=\"\" rel=\"\" title=\"WLF1.1\" style=\"margin: 0 auto; width: 76.190476190476%\" \/><\/li>\n                <li style=\"display: none; width: 100%;\" class=\"slide-4524 ms-image \" aria-roledescription=\"slide\" data-date=\"2024-10-04 10:06:19\" data-filename=\"IMG_0574-e1546187636573.jpg\" data-slide-type=\"image\"><img loading=\"lazy\" decoding=\"async\" width=\"2000\" height=\"1500\" src=\"https:\/\/www.feuerwehr-burgau.de\/wp-content\/uploads\/2018\/12\/IMG_0574-e1546187636573.jpg\" class=\"slider-4520 slide-4524 msDefaultImage\" alt=\"\" rel=\"\" title=\"WLF1.4\" style=\"margin: 0 auto; width: 76.190476190476%\" \/><\/li>\n            <\/ul>\n        <\/div>\n        \n    <\/div>\n<\/div>\n\n\n\n<p><br><span id=\"tablepress-14-description\" class=\"tablepress-table-description tablepress-table-description-id-14\">Auf dem Wechsellader 1 ist standardm\u00e4\u00dfig der Abrollbeh\u00e4lter R\u00fcst aufgesattelt. F\u00fcr besondere technische Hilfeleistungen verf\u00fcgt das Fahrzeug au\u00dferdem \u00fcber einen Kran.<\/span>\n\n<table id=\"tablepress-14\" class=\"tablepress tablepress-id-14\" aria-describedby=\"tablepress-14-description\">\n<tbody>\n<tr class=\"row-1\">\n\t<td class=\"column-1\">Funkrufname<\/td><td class=\"column-2\">Florian Burgau 1\/36\/1<\/td>\n<\/tr>\n<tr class=\"row-2\">\n\t<td class=\"column-1\">Abk\u00fcrzung<\/td><td class=\"column-2\">WLF 1<\/td>\n<\/tr>\n<tr class=\"row-3\">\n\t<td class=\"column-1\">Baujahr<\/td><td class=\"column-2\">2009<\/td>\n<\/tr>\n<tr class=\"row-4\">\n\t<td class=\"column-1\">Besatzung<\/td><td class=\"column-2\">1\/2<\/td>\n<\/tr>\n<tr class=\"row-5\">\n\t<td class=\"column-1\">Fahrgestell<\/td><td class=\"column-2\">Iveco Stralis 420 AD 260 S 42 Y\/FS D<\/td>\n<\/tr>\n<tr class=\"row-6\">\n\t<td class=\"column-1\">Aufbau\/Ausbau<\/td><td class=\"column-2\">DTS\/Prem<\/td>\n<\/tr>\n<tr class=\"row-7\">\n\t<td class=\"column-1\">Beladung\/Spezifikationen<\/td><td class=\"column-2\">Hakenger\u00e4t Multilift XR 18S.53<br \/>\nKran Hiab Typ XS 244E-5 HIPRO mit Palettengabel (bei 2 m H\u00f6he und 20 m Ausladung Hubkraft von ca. 450 kg)<br \/>\n<br \/>\n2x HRT Funkger\u00e4te<br \/>\nKetten<br \/>\nVierfach-Geh\u00e4nge<br \/>\ndiverse Schlingen und Anschlagmittel<br \/>\nVerkehrsicherungsmaterial<br \/>\n6kg Pulverl\u00f6scher<\/td>\n<\/tr>\n<\/tbody>\n<\/table>\n<!-- #tablepress-14 from cache --><\/p>\n","protected":false},"excerpt":{"rendered":"","protected":false},"author":2,"featured_media":0,"parent":36,"menu_order":0,"comment_status":"closed","ping_status":"closed","template":"","meta":{"colormag_page_container_layout":"no_sidebar_full_width","colormag_page_sidebar_layout":"right_sidebar","footnotes":""},"class_list":["post-364","page","type-page","status-publish","hentry"],"_links":{"self":[{"href":"https:\/\/www.feuerwehr-burgau.de\/index.php\/wp-json\/wp\/v2\/pages\/364","targetHints":{"allow":["GET"]}}],"collection":[{"href":"https:\/\/www.feuerwehr-burgau.de\/index.php\/wp-json\/wp\/v2\/pages"}],"about":[{"href":"https:\/\/www.feuerwehr-burgau.de\/index.php\/wp-json\/wp\/v2\/types\/page"}],"author":[{"embeddable":true,"href":"https:\/\/www.feuerwehr-burgau.de\/index.php\/wp-json\/wp\/v2\/users\/2"}],"replies":[{"embeddable":true,"href":"https:\/\/www.feuerwehr-burgau.de\/index.php\/wp-json\/wp\/v2\/comments?post=364"}],"version-history":[{"count":8,"href":"https:\/\/www.feuerwehr-burgau.de\/index.php\/wp-json\/wp\/v2\/pages\/364\/revisions"}],"predecessor-version":[{"id":4526,"href":"https:\/\/www.feuerwehr-burgau.de\/index.php\/wp-json\/wp\/v2\/pages\/364\/revisions\/4526"}],"up":[{"embeddable":true,"href":"https:\/\/www.feuerwehr-burgau.de\/index.php\/wp-json\/wp\/v2\/pages\/36"}],"wp:attachment":[{"href":"https:\/\/www.feuerwehr-burgau.de\/index.php\/wp-json\/wp\/v2\/media?parent=364"}],"curies":[{"name":"wp","href":"https:\/\/api.w.org\/{rel}","templated":true}]}}