{"id":362,"date":"2018-11-29T17:05:14","date_gmt":"2018-11-29T16:05:14","guid":{"rendered":"https:\/\/www.feuerwehr-burgau.de\/wordpress\/?page_id=362"},"modified":"2025-11-11T13:09:56","modified_gmt":"2025-11-11T12:09:56","slug":"versorgungs-lkw","status":"publish","type":"page","link":"https:\/\/www.feuerwehr-burgau.de\/index.php\/ausruestung\/fahrzeuge\/versorgungs-lkw\/","title":{"rendered":"Versorgungs LKW"},"content":{"rendered":"<div id=\"metaslider-id-4967\" style=\"width: 100%; margin: 0 auto;\" class=\"ml-slider-3-109-0 metaslider metaslider-flex metaslider-4967 ml-slider has-dots-nav ms-theme-default-base\" role=\"region\" aria-label=\"V-LKW 1\/55\/1 (Renault)\" data-height=\"500\" data-width=\"700\">\n    <div id=\"metaslider_container_4967\">\n        <div id=\"metaslider_4967\">\n            <ul aria-live='off' class='slides'>\n                <li style=\"display: block; width: 100%;\" class=\"slide-4968 ms-image \" aria-roledescription=\"slide\" data-date=\"2025-11-11 13:05:56\" data-filename=\"IMG_20251111_105415632_HDR-scaled-700x500.jpg\" data-slide-type=\"image\"><img loading=\"lazy\" decoding=\"async\" src=\"https:\/\/www.feuerwehr-burgau.de\/wp-content\/uploads\/2025\/11\/IMG_20251111_105415632_HDR-scaled-700x500.jpg\" height=\"500\" width=\"700\" alt=\"\" class=\"slider-4967 slide-4968 msDefaultImage\" title=\"IMG_20251111_105415632_HDR\" \/><\/li>\n                <li style=\"display: none; width: 100%;\" class=\"slide-4969 ms-image \" aria-roledescription=\"slide\" data-date=\"2025-11-11 13:05:57\" data-filename=\"IMG_20251111_105432251_HDR-scaled-700x500.jpg\" data-slide-type=\"image\"><img loading=\"lazy\" decoding=\"async\" src=\"https:\/\/www.feuerwehr-burgau.de\/wp-content\/uploads\/2025\/11\/IMG_20251111_105432251_HDR-scaled-700x500.jpg\" height=\"500\" width=\"700\" alt=\"\" class=\"slider-4967 slide-4969 msDefaultImage\" title=\"IMG_20251111_105432251_HDR\" \/><\/li>\n                <li style=\"display: none; width: 100%;\" class=\"slide-4970 ms-image \" aria-roledescription=\"slide\" data-date=\"2025-11-11 13:05:57\" data-filename=\"IMG_20251111_105609768_HDR-scaled-700x500.jpg\" data-slide-type=\"image\"><img loading=\"lazy\" decoding=\"async\" src=\"https:\/\/www.feuerwehr-burgau.de\/wp-content\/uploads\/2025\/11\/IMG_20251111_105609768_HDR-scaled-700x500.jpg\" height=\"500\" width=\"700\" alt=\"\" class=\"slider-4967 slide-4970 msDefaultImage\" title=\"IMG_20251111_105609768_HDR\" \/><\/li>\n                <li style=\"display: none; width: 100%;\" class=\"slide-4971 ms-image \" aria-roledescription=\"slide\" data-date=\"2025-11-11 13:05:58\" data-filename=\"IMG_20251111_105652947_HDR-scaled-700x500.jpg\" data-slide-type=\"image\"><img loading=\"lazy\" decoding=\"async\" src=\"https:\/\/www.feuerwehr-burgau.de\/wp-content\/uploads\/2025\/11\/IMG_20251111_105652947_HDR-scaled-700x500.jpg\" height=\"500\" width=\"700\" alt=\"\" class=\"slider-4967 slide-4971 msDefaultImage\" title=\"IMG_20251111_105652947_HDR\" \/><\/li>\n                <li style=\"display: none; width: 100%;\" class=\"slide-4972 ms-image \" aria-roledescription=\"slide\" data-date=\"2025-11-11 13:05:58\" data-filename=\"IMG_20251111_110127498-scaled-700x500.jpg\" data-slide-type=\"image\"><img loading=\"lazy\" decoding=\"async\" src=\"https:\/\/www.feuerwehr-burgau.de\/wp-content\/uploads\/2025\/11\/IMG_20251111_110127498-scaled-700x500.jpg\" height=\"500\" width=\"700\" alt=\"\" class=\"slider-4967 slide-4972 msDefaultImage\" title=\"IMG_20251111_110127498\" \/><\/li>\n            <\/ul>\n        <\/div>\n        \n    <\/div>\n<\/div>\n\n\n<span id=\"tablepress-49-description\" class=\"tablepress-table-description tablepress-table-description-id-49\">Der Versorgungs-LKW wurde 2025 gebraucht beschafft, vorher war er bei einer niederl\u00e4ndischen Feuerwehr im Dienst. Er kommt bei vielf\u00e4ltigen Logistik-Aufgaben zum Einsatz und dient als Zugfahrzeug f\u00fcr den VSA 2.<\/span>\n\n<table id=\"tablepress-49\" class=\"tablepress tablepress-id-49\" aria-describedby=\"tablepress-49-description\">\n<tbody>\n<tr class=\"row-1\">\n\t<td class=\"column-1\">Funkrufname<\/td><td class=\"column-2\">Florian Burgau 1\/55\/1<\/td>\n<\/tr>\n<tr class=\"row-2\">\n\t<td class=\"column-1\">Abk\u00fcrzung<\/td><td class=\"column-2\">V-LKW<\/td>\n<\/tr>\n<tr class=\"row-3\">\n\t<td class=\"column-1\">Baujahr<\/td><td class=\"column-2\">2011<\/td>\n<\/tr>\n<tr class=\"row-4\">\n\t<td class=\"column-1\">Im Dienst seit<\/td><td class=\"column-2\">2025<\/td>\n<\/tr>\n<tr class=\"row-5\">\n\t<td class=\"column-1\">Besatzung<\/td><td class=\"column-2\">1\/7<\/td>\n<\/tr>\n<tr class=\"row-6\">\n\t<td class=\"column-1\">Fahrgestell<\/td><td class=\"column-2\">Renault Midlum DXi 270 \/ 265 PS<\/td>\n<\/tr>\n<tr class=\"row-7\">\n\t<td class=\"column-1\">Beladung\/Spezifikationen<\/td><td class=\"column-2\">1x HRT Funkger\u00e4t<br \/>\nDynawatt-Anlage<br \/>\nLichtmast<br \/>\nRollwagen (\u00d6lbindemittel)<br \/>\nRollwagen (leer)<br \/>\nSchaufel\/Besen<br \/>\nhydraulische Ladebordwand<\/td>\n<\/tr>\n<\/tbody>\n<\/table>\n<!-- #tablepress-49 from cache -->\n","protected":false},"excerpt":{"rendered":"","protected":false},"author":2,"featured_media":0,"parent":36,"menu_order":0,"comment_status":"closed","ping_status":"closed","template":"","meta":{"colormag_page_container_layout":"no_sidebar_full_width","colormag_page_sidebar_layout":"right_sidebar","footnotes":""},"class_list":["post-362","page","type-page","status-publish","hentry"],"_links":{"self":[{"href":"https:\/\/www.feuerwehr-burgau.de\/index.php\/wp-json\/wp\/v2\/pages\/362","targetHints":{"allow":["GET"]}}],"collection":[{"href":"https:\/\/www.feuerwehr-burgau.de\/index.php\/wp-json\/wp\/v2\/pages"}],"about":[{"href":"https:\/\/www.feuerwehr-burgau.de\/index.php\/wp-json\/wp\/v2\/types\/page"}],"author":[{"embeddable":true,"href":"https:\/\/www.feuerwehr-burgau.de\/index.php\/wp-json\/wp\/v2\/users\/2"}],"replies":[{"embeddable":true,"href":"https:\/\/www.feuerwehr-burgau.de\/index.php\/wp-json\/wp\/v2\/comments?post=362"}],"version-history":[{"count":5,"href":"https:\/\/www.feuerwehr-burgau.de\/index.php\/wp-json\/wp\/v2\/pages\/362\/revisions"}],"predecessor-version":[{"id":4973,"href":"https:\/\/www.feuerwehr-burgau.de\/index.php\/wp-json\/wp\/v2\/pages\/362\/revisions\/4973"}],"up":[{"embeddable":true,"href":"https:\/\/www.feuerwehr-burgau.de\/index.php\/wp-json\/wp\/v2\/pages\/36"}],"wp:attachment":[{"href":"https:\/\/www.feuerwehr-burgau.de\/index.php\/wp-json\/wp\/v2\/media?parent=362"}],"curies":[{"name":"wp","href":"https:\/\/api.w.org\/{rel}","templated":true}]}}