{"id":360,"date":"2018-11-29T17:04:55","date_gmt":"2018-11-29T16:04:55","guid":{"rendered":"https:\/\/www.feuerwehr-burgau.de\/wordpress\/?page_id=360"},"modified":"2019-02-10T12:03:24","modified_gmt":"2019-02-10T11:03:24","slug":"vorausruestwagen","status":"publish","type":"page","link":"https:\/\/www.feuerwehr-burgau.de\/index.php\/ausruestung\/fahrzeuge\/vorausruestwagen\/","title":{"rendered":"Vorausr\u00fcstwagen"},"content":{"rendered":"\n<figure class=\"wp-block-image\"><img loading=\"lazy\" decoding=\"async\" width=\"1024\" height=\"623\" src=\"https:\/\/www.feuerwehr-burgau.de\/wp-content\/uploads\/2018\/12\/GW-\u00d6Lb-1-1024x623.jpg\" alt=\"\" class=\"wp-image-783\"\/><\/figure>\n\n\n<span id=\"tablepress-11-description\" class=\"tablepress-table-description tablepress-table-description-id-11\">Der Vorausr\u00fcstwagen wird zur technischen Hilfeleistung eingesetzt, z.B. bei Verkehrsunf\u00e4llen oder zu T\u00fcr\u00f6ffnungen. Er r\u00fcckt dabei in der Regel als erstes Fahrzeug aus und ist aufgrund seiner Bauart schnell an der Einsatzstelle.<\/span>\n\n<table id=\"tablepress-11\" class=\"tablepress tablepress-id-11\" aria-describedby=\"tablepress-11-description\">\n<tbody>\n<tr class=\"row-1\">\n\t<td class=\"column-1\">Funkrufname<\/td><td class=\"column-2\">Florian Burgau 1\/62\/1<\/td>\n<\/tr>\n<tr class=\"row-2\">\n\t<td class=\"column-1\">Abk\u00fcrzung<\/td><td class=\"column-2\">VRW<\/td>\n<\/tr>\n<tr class=\"row-3\">\n\t<td class=\"column-1\">Baujahr<\/td><td class=\"column-2\">2004<\/td>\n<\/tr>\n<tr class=\"row-4\">\n\t<td class=\"column-1\">Besatzung<\/td><td class=\"column-2\">1\/2<\/td>\n<\/tr>\n<tr class=\"row-5\">\n\t<td class=\"column-1\">Fahrgestell<\/td><td class=\"column-2\">Nissan Navara<\/td>\n<\/tr>\n<tr class=\"row-6\">\n\t<td class=\"column-1\">Aufbau\/Ausbau<\/td><td class=\"column-2\">Fa. Hensel \/ FF Burgau<\/td>\n<\/tr>\n<tr class=\"row-7\">\n\t<td class=\"column-1\">Beladung\/Spezifikationen<\/td><td class=\"column-2\">2x HRT Funkger\u00e4te<br \/>\neingebauter Stromerzeuger 5 kVA<br \/>\nLichtmast<br \/>\nSpreizer \/ Rettungsschere<br \/>\nPedalschneider<br \/>\n3x Rettungszylinder<br \/>\nMicroCAFS-L\u00f6scher<br \/>\nMasken mit Filter<br \/>\nSauerstoffger\u00e4t<br \/>\nNotfallrucksack<br \/>\nAbsicherungsmaterial<\/td>\n<\/tr>\n<\/tbody>\n<\/table>\n<!-- #tablepress-11 from cache -->\n","protected":false},"excerpt":{"rendered":"","protected":false},"author":2,"featured_media":0,"parent":36,"menu_order":0,"comment_status":"closed","ping_status":"closed","template":"","meta":{"colormag_page_container_layout":"no_sidebar_full_width","colormag_page_sidebar_layout":"right_sidebar","footnotes":""},"class_list":["post-360","page","type-page","status-publish","hentry"],"_links":{"self":[{"href":"https:\/\/www.feuerwehr-burgau.de\/index.php\/wp-json\/wp\/v2\/pages\/360","targetHints":{"allow":["GET"]}}],"collection":[{"href":"https:\/\/www.feuerwehr-burgau.de\/index.php\/wp-json\/wp\/v2\/pages"}],"about":[{"href":"https:\/\/www.feuerwehr-burgau.de\/index.php\/wp-json\/wp\/v2\/types\/page"}],"author":[{"embeddable":true,"href":"https:\/\/www.feuerwehr-burgau.de\/index.php\/wp-json\/wp\/v2\/users\/2"}],"replies":[{"embeddable":true,"href":"https:\/\/www.feuerwehr-burgau.de\/index.php\/wp-json\/wp\/v2\/comments?post=360"}],"version-history":[{"count":4,"href":"https:\/\/www.feuerwehr-burgau.de\/index.php\/wp-json\/wp\/v2\/pages\/360\/revisions"}],"predecessor-version":[{"id":2244,"href":"https:\/\/www.feuerwehr-burgau.de\/index.php\/wp-json\/wp\/v2\/pages\/360\/revisions\/2244"}],"up":[{"embeddable":true,"href":"https:\/\/www.feuerwehr-burgau.de\/index.php\/wp-json\/wp\/v2\/pages\/36"}],"wp:attachment":[{"href":"https:\/\/www.feuerwehr-burgau.de\/index.php\/wp-json\/wp\/v2\/media?parent=360"}],"curies":[{"name":"wp","href":"https:\/\/api.w.org\/{rel}","templated":true}]}}