{"id":351,"date":"2018-11-29T17:03:01","date_gmt":"2018-11-29T16:03:01","guid":{"rendered":"https:\/\/www.feuerwehr-burgau.de\/wordpress\/?page_id=351"},"modified":"2025-08-09T12:48:26","modified_gmt":"2025-08-09T10:48:26","slug":"hlf2","status":"publish","type":"page","link":"https:\/\/www.feuerwehr-burgau.de\/index.php\/ausruestung\/fahrzeuge\/hlf2\/","title":{"rendered":"Hilfeleistungsl\u00f6schgruppenfahrzeug 2"},"content":{"rendered":"<div id=\"metaslider-id-4886\" style=\"width: 100%; margin: 0 auto;\" class=\"ml-slider-3-109-0 metaslider metaslider-flex metaslider-4886 ml-slider has-dots-nav ms-theme-default-base\" role=\"region\" aria-label=\"HLF 2\" data-height=\"300\" data-width=\"700\">\n    <div id=\"metaslider_container_4886\">\n        <div id=\"metaslider_4886\">\n            <ul class='slides'>\n                <li style=\"display: block; width: 100%;\" class=\"slide-4887 ms-image \" aria-roledescription=\"slide\" data-date=\"2025-08-09 12:40:21\" data-filename=\"IMG_20250809_112724394_HDR_AE-scaled.jpg\" data-slide-type=\"image\"><img loading=\"lazy\" decoding=\"async\" width=\"2560\" height=\"1920\" src=\"https:\/\/www.feuerwehr-burgau.de\/wp-content\/uploads\/2025\/08\/IMG_20250809_112724394_HDR_AE-scaled.jpg\" class=\"slider-4886 slide-4887 msDefaultImage\" alt=\"\" rel=\"\" title=\"IMG_20250809_112724394_HDR_AE\" srcset=\"https:\/\/www.feuerwehr-burgau.de\/wp-content\/uploads\/2025\/08\/IMG_20250809_112724394_HDR_AE-scaled.jpg 2560w, https:\/\/www.feuerwehr-burgau.de\/wp-content\/uploads\/2025\/08\/IMG_20250809_112724394_HDR_AE-300x225.jpg 300w, https:\/\/www.feuerwehr-burgau.de\/wp-content\/uploads\/2025\/08\/IMG_20250809_112724394_HDR_AE-1024x768.jpg 1024w, https:\/\/www.feuerwehr-burgau.de\/wp-content\/uploads\/2025\/08\/IMG_20250809_112724394_HDR_AE-768x576.jpg 768w, https:\/\/www.feuerwehr-burgau.de\/wp-content\/uploads\/2025\/08\/IMG_20250809_112724394_HDR_AE-1536x1152.jpg 1536w, https:\/\/www.feuerwehr-burgau.de\/wp-content\/uploads\/2025\/08\/IMG_20250809_112724394_HDR_AE-2048x1536.jpg 2048w\" sizes=\"auto, (max-width: 2560px) 100vw, 2560px\" \/><\/li>\n                <li style=\"display: none; width: 100%;\" class=\"slide-4888 ms-image \" aria-roledescription=\"slide\" data-date=\"2025-08-09 12:40:34\" data-filename=\"IMG_20250809_112736909_HDR_AE-scaled.jpg\" data-slide-type=\"image\"><img loading=\"lazy\" decoding=\"async\" width=\"2560\" height=\"1920\" src=\"https:\/\/www.feuerwehr-burgau.de\/wp-content\/uploads\/2025\/08\/IMG_20250809_112736909_HDR_AE-scaled.jpg\" class=\"slider-4886 slide-4888 msDefaultImage\" alt=\"\" rel=\"\" title=\"IMG_20250809_112736909_HDR_AE\" srcset=\"https:\/\/www.feuerwehr-burgau.de\/wp-content\/uploads\/2025\/08\/IMG_20250809_112736909_HDR_AE-scaled.jpg 2560w, https:\/\/www.feuerwehr-burgau.de\/wp-content\/uploads\/2025\/08\/IMG_20250809_112736909_HDR_AE-300x225.jpg 300w, https:\/\/www.feuerwehr-burgau.de\/wp-content\/uploads\/2025\/08\/IMG_20250809_112736909_HDR_AE-1024x768.jpg 1024w, https:\/\/www.feuerwehr-burgau.de\/wp-content\/uploads\/2025\/08\/IMG_20250809_112736909_HDR_AE-768x576.jpg 768w, https:\/\/www.feuerwehr-burgau.de\/wp-content\/uploads\/2025\/08\/IMG_20250809_112736909_HDR_AE-1536x1152.jpg 1536w, https:\/\/www.feuerwehr-burgau.de\/wp-content\/uploads\/2025\/08\/IMG_20250809_112736909_HDR_AE-2048x1536.jpg 2048w\" sizes=\"auto, (max-width: 2560px) 100vw, 2560px\" \/><\/li>\n                <li style=\"display: none; width: 100%;\" class=\"slide-4889 ms-image \" aria-roledescription=\"slide\" data-date=\"2025-08-09 12:40:47\" data-filename=\"IMG_20250809_112752709_HDR_AE-scaled.jpg\" data-slide-type=\"image\"><img loading=\"lazy\" decoding=\"async\" width=\"2560\" height=\"1920\" src=\"https:\/\/www.feuerwehr-burgau.de\/wp-content\/uploads\/2025\/08\/IMG_20250809_112752709_HDR_AE-scaled.jpg\" class=\"slider-4886 slide-4889 msDefaultImage\" alt=\"\" rel=\"\" title=\"IMG_20250809_112752709_HDR_AE\" srcset=\"https:\/\/www.feuerwehr-burgau.de\/wp-content\/uploads\/2025\/08\/IMG_20250809_112752709_HDR_AE-scaled.jpg 2560w, https:\/\/www.feuerwehr-burgau.de\/wp-content\/uploads\/2025\/08\/IMG_20250809_112752709_HDR_AE-300x225.jpg 300w, https:\/\/www.feuerwehr-burgau.de\/wp-content\/uploads\/2025\/08\/IMG_20250809_112752709_HDR_AE-1024x768.jpg 1024w, https:\/\/www.feuerwehr-burgau.de\/wp-content\/uploads\/2025\/08\/IMG_20250809_112752709_HDR_AE-768x576.jpg 768w, https:\/\/www.feuerwehr-burgau.de\/wp-content\/uploads\/2025\/08\/IMG_20250809_112752709_HDR_AE-1536x1152.jpg 1536w, https:\/\/www.feuerwehr-burgau.de\/wp-content\/uploads\/2025\/08\/IMG_20250809_112752709_HDR_AE-2048x1536.jpg 2048w\" sizes=\"auto, (max-width: 2560px) 100vw, 2560px\" \/><\/li>\n                <li style=\"display: none; width: 100%;\" class=\"slide-4890 ms-image \" aria-roledescription=\"slide\" data-date=\"2025-08-09 12:41:06\" data-filename=\"IMG_20250809_112816857_HDR_AE-scaled.jpg\" data-slide-type=\"image\"><img loading=\"lazy\" decoding=\"async\" width=\"2560\" height=\"1920\" src=\"https:\/\/www.feuerwehr-burgau.de\/wp-content\/uploads\/2025\/08\/IMG_20250809_112816857_HDR_AE-scaled.jpg\" class=\"slider-4886 slide-4890 msDefaultImage\" alt=\"\" rel=\"\" title=\"IMG_20250809_112816857_HDR_AE\" srcset=\"https:\/\/www.feuerwehr-burgau.de\/wp-content\/uploads\/2025\/08\/IMG_20250809_112816857_HDR_AE-scaled.jpg 2560w, https:\/\/www.feuerwehr-burgau.de\/wp-content\/uploads\/2025\/08\/IMG_20250809_112816857_HDR_AE-300x225.jpg 300w, https:\/\/www.feuerwehr-burgau.de\/wp-content\/uploads\/2025\/08\/IMG_20250809_112816857_HDR_AE-1024x768.jpg 1024w, https:\/\/www.feuerwehr-burgau.de\/wp-content\/uploads\/2025\/08\/IMG_20250809_112816857_HDR_AE-768x576.jpg 768w, https:\/\/www.feuerwehr-burgau.de\/wp-content\/uploads\/2025\/08\/IMG_20250809_112816857_HDR_AE-1536x1152.jpg 1536w, https:\/\/www.feuerwehr-burgau.de\/wp-content\/uploads\/2025\/08\/IMG_20250809_112816857_HDR_AE-2048x1536.jpg 2048w\" sizes=\"auto, (max-width: 2560px) 100vw, 2560px\" \/><\/li>\n                <li style=\"display: none; width: 100%;\" class=\"slide-4891 ms-image \" aria-roledescription=\"slide\" data-date=\"2025-08-09 12:41:21\" data-filename=\"IMG_20250809_112904437_HDR_AE-scaled.jpg\" data-slide-type=\"image\"><img loading=\"lazy\" decoding=\"async\" width=\"2560\" height=\"1920\" src=\"https:\/\/www.feuerwehr-burgau.de\/wp-content\/uploads\/2025\/08\/IMG_20250809_112904437_HDR_AE-scaled.jpg\" class=\"slider-4886 slide-4891 msDefaultImage\" alt=\"\" rel=\"\" title=\"IMG_20250809_112904437_HDR_AE\" srcset=\"https:\/\/www.feuerwehr-burgau.de\/wp-content\/uploads\/2025\/08\/IMG_20250809_112904437_HDR_AE-scaled.jpg 2560w, https:\/\/www.feuerwehr-burgau.de\/wp-content\/uploads\/2025\/08\/IMG_20250809_112904437_HDR_AE-300x225.jpg 300w, https:\/\/www.feuerwehr-burgau.de\/wp-content\/uploads\/2025\/08\/IMG_20250809_112904437_HDR_AE-1024x768.jpg 1024w, https:\/\/www.feuerwehr-burgau.de\/wp-content\/uploads\/2025\/08\/IMG_20250809_112904437_HDR_AE-768x576.jpg 768w, https:\/\/www.feuerwehr-burgau.de\/wp-content\/uploads\/2025\/08\/IMG_20250809_112904437_HDR_AE-1536x1152.jpg 1536w, https:\/\/www.feuerwehr-burgau.de\/wp-content\/uploads\/2025\/08\/IMG_20250809_112904437_HDR_AE-2048x1536.jpg 2048w\" sizes=\"auto, (max-width: 2560px) 100vw, 2560px\" \/><\/li>\n                <li style=\"display: none; width: 100%;\" class=\"slide-4892 ms-image \" aria-roledescription=\"slide\" data-date=\"2025-08-09 12:41:40\" data-filename=\"IMG_20250809_113143186_HDR_AE-scaled.jpg\" data-slide-type=\"image\"><img loading=\"lazy\" decoding=\"async\" width=\"2560\" height=\"1920\" src=\"https:\/\/www.feuerwehr-burgau.de\/wp-content\/uploads\/2025\/08\/IMG_20250809_113143186_HDR_AE-scaled.jpg\" class=\"slider-4886 slide-4892 msDefaultImage\" alt=\"\" rel=\"\" title=\"IMG_20250809_113143186_HDR_AE\" srcset=\"https:\/\/www.feuerwehr-burgau.de\/wp-content\/uploads\/2025\/08\/IMG_20250809_113143186_HDR_AE-scaled.jpg 2560w, https:\/\/www.feuerwehr-burgau.de\/wp-content\/uploads\/2025\/08\/IMG_20250809_113143186_HDR_AE-300x225.jpg 300w, https:\/\/www.feuerwehr-burgau.de\/wp-content\/uploads\/2025\/08\/IMG_20250809_113143186_HDR_AE-1024x768.jpg 1024w, https:\/\/www.feuerwehr-burgau.de\/wp-content\/uploads\/2025\/08\/IMG_20250809_113143186_HDR_AE-768x576.jpg 768w, https:\/\/www.feuerwehr-burgau.de\/wp-content\/uploads\/2025\/08\/IMG_20250809_113143186_HDR_AE-1536x1152.jpg 1536w, https:\/\/www.feuerwehr-burgau.de\/wp-content\/uploads\/2025\/08\/IMG_20250809_113143186_HDR_AE-2048x1536.jpg 2048w\" sizes=\"auto, (max-width: 2560px) 100vw, 2560px\" \/><\/li>\n                <li style=\"display: none; width: 100%;\" class=\"slide-4893 ms-image \" aria-roledescription=\"slide\" data-date=\"2025-08-09 12:41:57\" data-filename=\"IMG_20250809_113001849_HDR_AE-scaled.jpg\" data-slide-type=\"image\"><img loading=\"lazy\" decoding=\"async\" width=\"2560\" height=\"1920\" src=\"https:\/\/www.feuerwehr-burgau.de\/wp-content\/uploads\/2025\/08\/IMG_20250809_113001849_HDR_AE-scaled.jpg\" class=\"slider-4886 slide-4893 msDefaultImage\" alt=\"\" rel=\"\" title=\"IMG_20250809_113001849_HDR_AE\" srcset=\"https:\/\/www.feuerwehr-burgau.de\/wp-content\/uploads\/2025\/08\/IMG_20250809_113001849_HDR_AE-scaled.jpg 2560w, https:\/\/www.feuerwehr-burgau.de\/wp-content\/uploads\/2025\/08\/IMG_20250809_113001849_HDR_AE-300x225.jpg 300w, https:\/\/www.feuerwehr-burgau.de\/wp-content\/uploads\/2025\/08\/IMG_20250809_113001849_HDR_AE-1024x768.jpg 1024w, https:\/\/www.feuerwehr-burgau.de\/wp-content\/uploads\/2025\/08\/IMG_20250809_113001849_HDR_AE-768x576.jpg 768w, https:\/\/www.feuerwehr-burgau.de\/wp-content\/uploads\/2025\/08\/IMG_20250809_113001849_HDR_AE-1536x1152.jpg 1536w, https:\/\/www.feuerwehr-burgau.de\/wp-content\/uploads\/2025\/08\/IMG_20250809_113001849_HDR_AE-2048x1536.jpg 2048w\" sizes=\"auto, (max-width: 2560px) 100vw, 2560px\" \/><\/li>\n                <li style=\"display: none; width: 100%;\" class=\"slide-4894 ms-image \" aria-roledescription=\"slide\" data-date=\"2025-08-09 12:42:18\" data-filename=\"IMG_20250809_113007597_HDR_AE-scaled.jpg\" data-slide-type=\"image\"><img loading=\"lazy\" decoding=\"async\" width=\"2560\" height=\"1920\" src=\"https:\/\/www.feuerwehr-burgau.de\/wp-content\/uploads\/2025\/08\/IMG_20250809_113007597_HDR_AE-scaled.jpg\" class=\"slider-4886 slide-4894 msDefaultImage\" alt=\"\" rel=\"\" title=\"IMG_20250809_113007597_HDR_AE\" srcset=\"https:\/\/www.feuerwehr-burgau.de\/wp-content\/uploads\/2025\/08\/IMG_20250809_113007597_HDR_AE-scaled.jpg 2560w, https:\/\/www.feuerwehr-burgau.de\/wp-content\/uploads\/2025\/08\/IMG_20250809_113007597_HDR_AE-300x225.jpg 300w, https:\/\/www.feuerwehr-burgau.de\/wp-content\/uploads\/2025\/08\/IMG_20250809_113007597_HDR_AE-1024x768.jpg 1024w, https:\/\/www.feuerwehr-burgau.de\/wp-content\/uploads\/2025\/08\/IMG_20250809_113007597_HDR_AE-768x576.jpg 768w, https:\/\/www.feuerwehr-burgau.de\/wp-content\/uploads\/2025\/08\/IMG_20250809_113007597_HDR_AE-1536x1152.jpg 1536w, https:\/\/www.feuerwehr-burgau.de\/wp-content\/uploads\/2025\/08\/IMG_20250809_113007597_HDR_AE-2048x1536.jpg 2048w\" sizes=\"auto, (max-width: 2560px) 100vw, 2560px\" \/><\/li>\n                <li style=\"display: none; width: 100%;\" class=\"slide-4895 ms-image \" aria-roledescription=\"slide\" data-date=\"2025-08-09 12:42:42\" data-filename=\"IMG_20250809_114910411_HDR_AE-scaled.jpg\" data-slide-type=\"image\"><img loading=\"lazy\" decoding=\"async\" width=\"2560\" height=\"1920\" src=\"https:\/\/www.feuerwehr-burgau.de\/wp-content\/uploads\/2025\/08\/IMG_20250809_114910411_HDR_AE-scaled.jpg\" class=\"slider-4886 slide-4895 msDefaultImage\" alt=\"\" rel=\"\" title=\"IMG_20250809_114910411_HDR_AE\" srcset=\"https:\/\/www.feuerwehr-burgau.de\/wp-content\/uploads\/2025\/08\/IMG_20250809_114910411_HDR_AE-scaled.jpg 2560w, https:\/\/www.feuerwehr-burgau.de\/wp-content\/uploads\/2025\/08\/IMG_20250809_114910411_HDR_AE-300x225.jpg 300w, https:\/\/www.feuerwehr-burgau.de\/wp-content\/uploads\/2025\/08\/IMG_20250809_114910411_HDR_AE-1024x768.jpg 1024w, https:\/\/www.feuerwehr-burgau.de\/wp-content\/uploads\/2025\/08\/IMG_20250809_114910411_HDR_AE-768x576.jpg 768w, https:\/\/www.feuerwehr-burgau.de\/wp-content\/uploads\/2025\/08\/IMG_20250809_114910411_HDR_AE-1536x1152.jpg 1536w, https:\/\/www.feuerwehr-burgau.de\/wp-content\/uploads\/2025\/08\/IMG_20250809_114910411_HDR_AE-2048x1536.jpg 2048w\" sizes=\"auto, (max-width: 2560px) 100vw, 2560px\" \/><\/li>\n            <\/ul>\n        <\/div>\n        \n    <\/div>\n<\/div>\n\n\n<span id=\"tablepress-19-description\" class=\"tablepress-table-description tablepress-table-description-id-19\">Dieses Fahrzeug kann zu Brandeins\u00e4tzen und zur technischen Hilfeleistung alarmiert werden, es wird von uns vorrangig zur Brandbek\u00e4mpfung eingesetzt, z.B. auch als Begleitfahrzeug f\u00fcr die Drehleiter<\/span>\n\n<table id=\"tablepress-19\" class=\"tablepress tablepress-id-19\" aria-describedby=\"tablepress-19-description\">\n<tbody>\n<tr class=\"row-1\">\n\t<td class=\"column-1\">Funkrufname<\/td><td class=\"column-2\">Florian Burgau 1\/40\/2<\/td>\n<\/tr>\n<tr class=\"row-2\">\n\t<td class=\"column-1\">Abk\u00fcrzung<\/td><td class=\"column-2\">HLF 20<\/td>\n<\/tr>\n<tr class=\"row-3\">\n\t<td class=\"column-1\">Baujahr<\/td><td class=\"column-2\">2024<\/td>\n<\/tr>\n<tr class=\"row-4\">\n\t<td class=\"column-1\">Besatzung<\/td><td class=\"column-2\">1\/8<\/td>\n<\/tr>\n<tr class=\"row-5\">\n\t<td class=\"column-1\">Fahrgestell<\/td><td class=\"column-2\">Mercedes-Benz Atego 1630 \/ 299 PS<\/td>\n<\/tr>\n<tr class=\"row-6\">\n\t<td class=\"column-1\">Aufbau\/Ausbau<\/td><td class=\"column-2\">BAI<\/td>\n<\/tr>\n<tr class=\"row-7\">\n\t<td class=\"column-1\">Beladung\/Spezifikationen<\/td><td class=\"column-2\">4x HRT Funkger\u00e4te<br \/>\nHydraul. Rettungssatz Fa. Weber<br \/>\n2x Rettungszylinder<br \/>\nHebekissen<br \/>\nStabFast-System<br \/>\nLKW-Rettungsb\u00fchne<br \/>\nMotors\u00e4ge<br \/>\nS\u00e4bels\u00e4ge<br \/>\nGreifzug<br \/>\nStromerzeuger <br \/>\nLichtmast<br \/>\n4x Atemschutzger\u00e4te<br \/>\nNotfallrucksack<br \/>\nSpine-Board<br \/>\nSprungretter<br \/>\n\u00dcberdruckl\u00fcfter <br \/>\nMicroCAFS<br \/>\nWassertank 2000 l<br \/>\nSchaummitteltank 200 l<br \/>\nSchaumzumischung<br \/>\ndiv. Schlauchmaterial<br \/>\ndiv. Werkzeug<br \/>\nSchlauchhaspel<br \/>\nVerkehrshaspel<\/td>\n<\/tr>\n<\/tbody>\n<\/table>\n<!-- #tablepress-19 from cache -->\n","protected":false},"excerpt":{"rendered":"","protected":false},"author":2,"featured_media":0,"parent":36,"menu_order":0,"comment_status":"closed","ping_status":"closed","template":"","meta":{"colormag_page_container_layout":"no_sidebar_full_width","colormag_page_sidebar_layout":"right_sidebar","footnotes":""},"class_list":["post-351","page","type-page","status-publish","hentry"],"_links":{"self":[{"href":"https:\/\/www.feuerwehr-burgau.de\/index.php\/wp-json\/wp\/v2\/pages\/351","targetHints":{"allow":["GET"]}}],"collection":[{"href":"https:\/\/www.feuerwehr-burgau.de\/index.php\/wp-json\/wp\/v2\/pages"}],"about":[{"href":"https:\/\/www.feuerwehr-burgau.de\/index.php\/wp-json\/wp\/v2\/types\/page"}],"author":[{"embeddable":true,"href":"https:\/\/www.feuerwehr-burgau.de\/index.php\/wp-json\/wp\/v2\/users\/2"}],"replies":[{"embeddable":true,"href":"https:\/\/www.feuerwehr-burgau.de\/index.php\/wp-json\/wp\/v2\/comments?post=351"}],"version-history":[{"count":7,"href":"https:\/\/www.feuerwehr-burgau.de\/index.php\/wp-json\/wp\/v2\/pages\/351\/revisions"}],"predecessor-version":[{"id":4898,"href":"https:\/\/www.feuerwehr-burgau.de\/index.php\/wp-json\/wp\/v2\/pages\/351\/revisions\/4898"}],"up":[{"embeddable":true,"href":"https:\/\/www.feuerwehr-burgau.de\/index.php\/wp-json\/wp\/v2\/pages\/36"}],"wp:attachment":[{"href":"https:\/\/www.feuerwehr-burgau.de\/index.php\/wp-json\/wp\/v2\/media?parent=351"}],"curies":[{"name":"wp","href":"https:\/\/api.w.org\/{rel}","templated":true}]}}