{"id":349,"date":"2018-11-29T17:02:34","date_gmt":"2018-11-29T16:02:34","guid":{"rendered":"https:\/\/www.feuerwehr-burgau.de\/wordpress\/?page_id=349"},"modified":"2024-10-04T10:03:37","modified_gmt":"2024-10-04T08:03:37","slug":"einsatzleitwagen","status":"publish","type":"page","link":"https:\/\/www.feuerwehr-burgau.de\/index.php\/ausruestung\/fahrzeuge\/einsatzleitwagen\/","title":{"rendered":"Einsatzleitwagen"},"content":{"rendered":"<div id=\"metaslider-id-4512\" style=\"width: 100%; margin: 0 auto;\" class=\"ml-slider-3-109-0 metaslider metaslider-flex metaslider-4512 ml-slider has-dots-nav ms-theme-default\" role=\"region\" aria-label=\"ELW 1\/12\/1\" data-height=\"400\" data-width=\"700\">\n    <div id=\"metaslider_container_4512\">\n        <div id=\"metaslider_4512\">\n            <ul class='slides'>\n                <li style=\"display: block; width: 100%;\" class=\"slide-4513 ms-image \" aria-roledescription=\"slide\" data-date=\"2024-10-04 10:01:40\" data-filename=\"IMG_0948-e1546266048746.jpg\" data-slide-type=\"image\"><img loading=\"lazy\" decoding=\"async\" width=\"2000\" height=\"1500\" src=\"https:\/\/www.feuerwehr-burgau.de\/wp-content\/uploads\/2018\/12\/IMG_0948-e1546266048746.jpg\" class=\"slider-4512 slide-4513 msDefaultImage\" alt=\"\" rel=\"\" title=\"ELW1.2\" style=\"margin: 0 auto; width: 76.190476190476%\" \/><\/li>\n                <li style=\"display: none; width: 100%;\" class=\"slide-4514 ms-image \" aria-roledescription=\"slide\" data-date=\"2024-10-04 10:01:40\" data-filename=\"IMG_0949-e1546266082512.jpg\" data-slide-type=\"image\"><img loading=\"lazy\" decoding=\"async\" width=\"2000\" height=\"1500\" src=\"https:\/\/www.feuerwehr-burgau.de\/wp-content\/uploads\/2018\/12\/IMG_0949-e1546266082512.jpg\" class=\"slider-4512 slide-4514 msDefaultImage\" alt=\"\" rel=\"\" title=\"ELW1.3\" style=\"margin: 0 auto; width: 76.190476190476%\" \/><\/li>\n                <li style=\"display: none; width: 100%;\" class=\"slide-4515 ms-image \" aria-roledescription=\"slide\" data-date=\"2024-10-04 10:01:41\" data-filename=\"IMG_4591-e1546266106369.jpg\" data-slide-type=\"image\"><img loading=\"lazy\" decoding=\"async\" width=\"2000\" height=\"1333\" src=\"https:\/\/www.feuerwehr-burgau.de\/wp-content\/uploads\/2018\/12\/IMG_4591-e1546266106369.jpg\" class=\"slider-4512 slide-4515 msDefaultImage\" alt=\"\" rel=\"\" title=\"ELW1.4\" style=\"margin: 0 auto; width: 85.735719644197%\" \/><\/li>\n                <li style=\"display: none; width: 100%;\" class=\"slide-4516 ms-image \" aria-roledescription=\"slide\" data-date=\"2024-10-04 10:01:41\" data-filename=\"IMG_4594-e1546265945516.jpg\" data-slide-type=\"image\"><img loading=\"lazy\" decoding=\"async\" width=\"2000\" height=\"1333\" src=\"https:\/\/www.feuerwehr-burgau.de\/wp-content\/uploads\/2018\/12\/IMG_4594-e1546265945516.jpg\" class=\"slider-4512 slide-4516 msDefaultImage\" alt=\"\" rel=\"\" title=\"ELW1\" style=\"margin: 0 auto; width: 85.735719644197%\" \/><\/li>\n                <li style=\"display: none; width: 100%;\" class=\"slide-4517 ms-image \" aria-roledescription=\"slide\" data-date=\"2024-10-04 10:01:41\" data-filename=\"IMG_4596-e1546265996838.jpg\" data-slide-type=\"image\"><img loading=\"lazy\" decoding=\"async\" width=\"2000\" height=\"1333\" src=\"https:\/\/www.feuerwehr-burgau.de\/wp-content\/uploads\/2018\/12\/IMG_4596-e1546265996838.jpg\" class=\"slider-4512 slide-4517 msDefaultImage\" alt=\"\" rel=\"\" title=\"ELW1.1\" style=\"margin: 0 auto; width: 85.735719644197%\" \/><\/li>\n            <\/ul>\n        <\/div>\n        \n    <\/div>\n<\/div>\n\n\n\n<span id=\"tablepress-7-description\" class=\"tablepress-table-description tablepress-table-description-id-7\">Der Einsatzleitwagen wird bei gr\u00f6\u00dferen Eins\u00e4tzen zur Koordinierung an die Einsatzstelle alarmiert. Die Telefonanlage hat Zugang in zwei verschiedene Mobilfunknetze, wodurch eine Internetverbindung des Fahrzeugs auch bei schlechter Netzabdeckung gew\u00e4hrleistet wird .<\/span>\n\n<table id=\"tablepress-7\" class=\"tablepress tablepress-id-7\" aria-describedby=\"tablepress-7-description\">\n<tbody>\n<tr class=\"row-1\">\n\t<td class=\"column-1\">Funkrufname<\/td><td class=\"column-2\">Florian Burgau 1\/12\/1<\/td>\n<\/tr>\n<tr class=\"row-2\">\n\t<td class=\"column-1\">Abk\u00fcrzung<\/td><td class=\"column-2\">ELW<\/td>\n<\/tr>\n<tr class=\"row-3\">\n\t<td class=\"column-1\">Baujahr<\/td><td class=\"column-2\">2016<\/td>\n<\/tr>\n<tr class=\"row-4\">\n\t<td class=\"column-1\">Besatzung<\/td><td class=\"column-2\">1\/3<\/td>\n<\/tr>\n<tr class=\"row-5\">\n\t<td class=\"column-1\">Fahrgestell<\/td><td class=\"column-2\">Ford Transit 155 PS<\/td>\n<\/tr>\n<tr class=\"row-6\">\n\t<td class=\"column-1\">Aufbau\/Ausbau<\/td><td class=\"column-2\">Firma Hartmann, Alsfeld<\/td>\n<\/tr>\n<tr class=\"row-7\">\n\t<td class=\"column-1\">Beladung\/Spezifikationen<\/td><td class=\"column-2\">Funkger\u00e4te:<br \/>\n3 x MRT <br \/>\n6 x HRT<br \/>\n1 x 4m<br \/>\n<br \/>\nAusstattung:<br \/>\n2x Car-PC mit 4 Monitoren<br \/>\nMultifunktionsger\u00e4t Drucken, Scannen, Faxen<br \/>\nTelefonanlage mit 2 Netzanschl\u00fcssen<br \/>\n1x Handy<br \/>\nStromerzeuger 2,6 kVA (schallged\u00e4mpft)<br \/>\nMessger\u00e4te (Gefahrgut)<br \/>\n2x Atemschutzmasken mit Filter<br \/>\n2x Whiteboards<br \/>\nGr\u00fcnlicht (autom. versenkbar)<br \/>\nMarkise<br \/>\nVerkehrsabsicherungsmaterial<\/td>\n<\/tr>\n<\/tbody>\n<\/table>\n<!-- #tablepress-7 from cache -->\n","protected":false},"excerpt":{"rendered":"","protected":false},"author":2,"featured_media":0,"parent":36,"menu_order":0,"comment_status":"closed","ping_status":"closed","template":"","meta":{"colormag_page_container_layout":"no_sidebar_full_width","colormag_page_sidebar_layout":"right_sidebar","footnotes":""},"class_list":["post-349","page","type-page","status-publish","hentry"],"_links":{"self":[{"href":"https:\/\/www.feuerwehr-burgau.de\/index.php\/wp-json\/wp\/v2\/pages\/349","targetHints":{"allow":["GET"]}}],"collection":[{"href":"https:\/\/www.feuerwehr-burgau.de\/index.php\/wp-json\/wp\/v2\/pages"}],"about":[{"href":"https:\/\/www.feuerwehr-burgau.de\/index.php\/wp-json\/wp\/v2\/types\/page"}],"author":[{"embeddable":true,"href":"https:\/\/www.feuerwehr-burgau.de\/index.php\/wp-json\/wp\/v2\/users\/2"}],"replies":[{"embeddable":true,"href":"https:\/\/www.feuerwehr-burgau.de\/index.php\/wp-json\/wp\/v2\/comments?post=349"}],"version-history":[{"count":10,"href":"https:\/\/www.feuerwehr-burgau.de\/index.php\/wp-json\/wp\/v2\/pages\/349\/revisions"}],"predecessor-version":[{"id":4519,"href":"https:\/\/www.feuerwehr-burgau.de\/index.php\/wp-json\/wp\/v2\/pages\/349\/revisions\/4519"}],"up":[{"embeddable":true,"href":"https:\/\/www.feuerwehr-burgau.de\/index.php\/wp-json\/wp\/v2\/pages\/36"}],"wp:attachment":[{"href":"https:\/\/www.feuerwehr-burgau.de\/index.php\/wp-json\/wp\/v2\/media?parent=349"}],"curies":[{"name":"wp","href":"https:\/\/api.w.org\/{rel}","templated":true}]}}