{"id":346,"date":"2018-11-29T17:02:05","date_gmt":"2018-11-29T16:02:05","guid":{"rendered":"https:\/\/www.feuerwehr-burgau.de\/wordpress\/?page_id=346"},"modified":"2018-12-26T19:35:15","modified_gmt":"2018-12-26T18:35:15","slug":"mehrzweckfahrzeug","status":"publish","type":"page","link":"https:\/\/www.feuerwehr-burgau.de\/index.php\/ausruestung\/fahrzeuge\/mehrzweckfahrzeug\/","title":{"rendered":"Mehrzweckfahrzeug"},"content":{"rendered":"\n<figure class=\"wp-block-image\"><img loading=\"lazy\" decoding=\"async\" width=\"1024\" height=\"650\" src=\"https:\/\/www.feuerwehr-burgau.de\/wordpress\/wp-content\/uploads\/2018\/12\/GW-\u00d6Lb-2-1024x650.jpg\" alt=\"\" class=\"wp-image-784\" srcset=\"https:\/\/www.feuerwehr-burgau.de\/wp-content\/uploads\/2018\/12\/GW-\u00d6Lb-2-1024x650.jpg 1024w, https:\/\/www.feuerwehr-burgau.de\/wp-content\/uploads\/2018\/12\/GW-\u00d6Lb-2-300x190.jpg 300w, https:\/\/www.feuerwehr-burgau.de\/wp-content\/uploads\/2018\/12\/GW-\u00d6Lb-2-768x488.jpg 768w\" sizes=\"auto, (max-width: 1024px) 100vw, 1024px\" \/><\/figure>\n\n\n<span id=\"tablepress-18-description\" class=\"tablepress-table-description tablepress-table-description-id-18\">Der ehemalige Einsatzleitwagen wird mittlerweile als Mehrzweckfahrzeug eingesetzt und beherbergt die ABC-Strahlenschutz-Ausr\u00fcstung, die Drohne oder unterst\u00fctzt bei Atemschutz-Eins\u00e4tzen.<\/span>\n\n<table id=\"tablepress-18\" class=\"tablepress tablepress-id-18\" aria-describedby=\"tablepress-18-description\">\n<tbody>\n<tr class=\"row-1\">\n\t<td class=\"column-1\">Funkrufname<\/td><td class=\"column-2\">Florian Burgau 1\/11\/1<\/td>\n<\/tr>\n<tr class=\"row-2\">\n\t<td class=\"column-1\">Abk\u00fcrzung<\/td><td class=\"column-2\">MZF<\/td>\n<\/tr>\n<tr class=\"row-3\">\n\t<td class=\"column-1\">Baujahr<\/td><td class=\"column-2\">2002<\/td>\n<\/tr>\n<tr class=\"row-4\">\n\t<td class=\"column-1\">Besatzung<\/td><td class=\"column-2\">1\/6<\/td>\n<\/tr>\n<tr class=\"row-5\">\n\t<td class=\"column-1\">Fahrgestell<\/td><td class=\"column-2\">Fiat Ducato 127 PS<\/td>\n<\/tr>\n<tr class=\"row-6\">\n\t<td class=\"column-1\">Aufbau\/Ausbau<\/td><td class=\"column-2\">FF Burgau<\/td>\n<\/tr>\n<tr class=\"row-7\">\n\t<td class=\"column-1\">Beladung\/Spezifikationen<\/td><td class=\"column-2\">4x Atemschutzger\u00e4t<br \/>\nMessger\u00e4te (Strahlenschutz)<br \/>\n4x Schutzanzug bei Dekontamination<br \/>\nGasleitungs-Verschlusssatz<br \/>\nDrohne<br \/>\nVerkehrsabsicherungsmaterial<br \/>\nLeiter<br \/>\n2x HRT-Funkger\u00e4t<br \/>\nStromerzeuger 5 kVA<\/td>\n<\/tr>\n<\/tbody>\n<\/table>\n<!-- #tablepress-18 from cache -->\n","protected":false},"excerpt":{"rendered":"","protected":false},"author":2,"featured_media":0,"parent":36,"menu_order":0,"comment_status":"closed","ping_status":"closed","template":"","meta":{"colormag_page_container_layout":"no_sidebar_full_width","colormag_page_sidebar_layout":"right_sidebar","footnotes":""},"class_list":["post-346","page","type-page","status-publish","hentry"],"_links":{"self":[{"href":"https:\/\/www.feuerwehr-burgau.de\/index.php\/wp-json\/wp\/v2\/pages\/346","targetHints":{"allow":["GET"]}}],"collection":[{"href":"https:\/\/www.feuerwehr-burgau.de\/index.php\/wp-json\/wp\/v2\/pages"}],"about":[{"href":"https:\/\/www.feuerwehr-burgau.de\/index.php\/wp-json\/wp\/v2\/types\/page"}],"author":[{"embeddable":true,"href":"https:\/\/www.feuerwehr-burgau.de\/index.php\/wp-json\/wp\/v2\/users\/2"}],"replies":[{"embeddable":true,"href":"https:\/\/www.feuerwehr-burgau.de\/index.php\/wp-json\/wp\/v2\/comments?post=346"}],"version-history":[{"count":3,"href":"https:\/\/www.feuerwehr-burgau.de\/index.php\/wp-json\/wp\/v2\/pages\/346\/revisions"}],"predecessor-version":[{"id":791,"href":"https:\/\/www.feuerwehr-burgau.de\/index.php\/wp-json\/wp\/v2\/pages\/346\/revisions\/791"}],"up":[{"embeddable":true,"href":"https:\/\/www.feuerwehr-burgau.de\/index.php\/wp-json\/wp\/v2\/pages\/36"}],"wp:attachment":[{"href":"https:\/\/www.feuerwehr-burgau.de\/index.php\/wp-json\/wp\/v2\/media?parent=346"}],"curies":[{"name":"wp","href":"https:\/\/api.w.org\/{rel}","templated":true}]}}