{"id":336,"date":"2018-11-29T16:54:39","date_gmt":"2018-11-29T15:54:39","guid":{"rendered":"https:\/\/www.feuerwehr-burgau.de\/wordpress\/?page_id=336"},"modified":"2024-10-02T13:28:18","modified_gmt":"2024-10-02T11:28:18","slug":"kleinloeschfahrzeug","status":"publish","type":"page","link":"https:\/\/www.feuerwehr-burgau.de\/index.php\/ausruestung\/fahrzeuge\/kleinloeschfahrzeug\/","title":{"rendered":"Kleinl\u00f6schfahrzeug"},"content":{"rendered":"<div id=\"metaslider-id-4445\" style=\"width: 100%; margin: 0 auto;\" class=\"ml-slider-3-109-0 metaslider metaslider-flex metaslider-4445 ml-slider has-dots-nav ms-theme-default\" role=\"region\" aria-label=\"KLF 1\/49\/1\" data-height=\"400\" data-width=\"700\">\n    <div id=\"metaslider_container_4445\">\n        <div id=\"metaslider_4445\">\n            <ul class='slides'>\n                <li style=\"display: block; width: 100%;\" class=\"slide-4446 ms-image \" aria-roledescription=\"slide\" data-date=\"2024-10-02 13:24:50\" data-filename=\"IMG_2274.jpeg\" data-slide-type=\"image\"><img loading=\"lazy\" decoding=\"async\" width=\"2048\" height=\"1536\" src=\"https:\/\/www.feuerwehr-burgau.de\/wp-content\/uploads\/2022\/03\/IMG_2274.jpeg\" class=\"slider-4445 slide-4446 msDefaultImage\" alt=\"\" rel=\"\" title=\"IMG_2274\" srcset=\"https:\/\/www.feuerwehr-burgau.de\/wp-content\/uploads\/2022\/03\/IMG_2274.jpeg 2048w, https:\/\/www.feuerwehr-burgau.de\/wp-content\/uploads\/2022\/03\/IMG_2274-300x225.jpeg 300w, https:\/\/www.feuerwehr-burgau.de\/wp-content\/uploads\/2022\/03\/IMG_2274-1024x768.jpeg 1024w, https:\/\/www.feuerwehr-burgau.de\/wp-content\/uploads\/2022\/03\/IMG_2274-768x576.jpeg 768w, https:\/\/www.feuerwehr-burgau.de\/wp-content\/uploads\/2022\/03\/IMG_2274-1536x1152.jpeg 1536w\" sizes=\"auto, (max-width: 2048px) 100vw, 2048px\" \/><\/li>\n                <li style=\"display: none; width: 100%;\" class=\"slide-4451 ms-image \" aria-roledescription=\"slide\" data-date=\"2024-10-02 13:24:52\" data-filename=\"IMG_2275.jpeg\" data-slide-type=\"image\"><img loading=\"lazy\" decoding=\"async\" width=\"2048\" height=\"1536\" src=\"https:\/\/www.feuerwehr-burgau.de\/wp-content\/uploads\/2022\/03\/IMG_2275.jpeg\" class=\"slider-4445 slide-4451 msDefaultImage\" alt=\"\" rel=\"\" title=\"IMG_2275\" srcset=\"https:\/\/www.feuerwehr-burgau.de\/wp-content\/uploads\/2022\/03\/IMG_2275.jpeg 2048w, https:\/\/www.feuerwehr-burgau.de\/wp-content\/uploads\/2022\/03\/IMG_2275-300x225.jpeg 300w, https:\/\/www.feuerwehr-burgau.de\/wp-content\/uploads\/2022\/03\/IMG_2275-1024x768.jpeg 1024w, https:\/\/www.feuerwehr-burgau.de\/wp-content\/uploads\/2022\/03\/IMG_2275-768x576.jpeg 768w, https:\/\/www.feuerwehr-burgau.de\/wp-content\/uploads\/2022\/03\/IMG_2275-1536x1152.jpeg 1536w\" sizes=\"auto, (max-width: 2048px) 100vw, 2048px\" \/><\/li>\n                <li style=\"display: none; width: 100%;\" class=\"slide-4450 ms-image \" aria-roledescription=\"slide\" data-date=\"2024-10-02 13:24:52\" data-filename=\"IMG_2276.jpeg\" data-slide-type=\"image\"><img loading=\"lazy\" decoding=\"async\" width=\"2048\" height=\"1536\" src=\"https:\/\/www.feuerwehr-burgau.de\/wp-content\/uploads\/2022\/03\/IMG_2276.jpeg\" class=\"slider-4445 slide-4450 msDefaultImage\" alt=\"\" rel=\"\" title=\"IMG_2276\" srcset=\"https:\/\/www.feuerwehr-burgau.de\/wp-content\/uploads\/2022\/03\/IMG_2276.jpeg 2048w, https:\/\/www.feuerwehr-burgau.de\/wp-content\/uploads\/2022\/03\/IMG_2276-300x225.jpeg 300w, https:\/\/www.feuerwehr-burgau.de\/wp-content\/uploads\/2022\/03\/IMG_2276-1024x768.jpeg 1024w, https:\/\/www.feuerwehr-burgau.de\/wp-content\/uploads\/2022\/03\/IMG_2276-768x576.jpeg 768w, https:\/\/www.feuerwehr-burgau.de\/wp-content\/uploads\/2022\/03\/IMG_2276-1536x1152.jpeg 1536w\" sizes=\"auto, (max-width: 2048px) 100vw, 2048px\" \/><\/li>\n                <li style=\"display: none; width: 100%;\" class=\"slide-4447 ms-image \" aria-roledescription=\"slide\" data-date=\"2024-10-02 13:24:50\" data-filename=\"IMG_2280.jpeg\" data-slide-type=\"image\"><img loading=\"lazy\" decoding=\"async\" width=\"2048\" height=\"1536\" src=\"https:\/\/www.feuerwehr-burgau.de\/wp-content\/uploads\/2022\/03\/IMG_2280.jpeg\" class=\"slider-4445 slide-4447 msDefaultImage\" alt=\"\" rel=\"\" title=\"IMG_2280\" srcset=\"https:\/\/www.feuerwehr-burgau.de\/wp-content\/uploads\/2022\/03\/IMG_2280.jpeg 2048w, https:\/\/www.feuerwehr-burgau.de\/wp-content\/uploads\/2022\/03\/IMG_2280-300x225.jpeg 300w, https:\/\/www.feuerwehr-burgau.de\/wp-content\/uploads\/2022\/03\/IMG_2280-1024x768.jpeg 1024w, https:\/\/www.feuerwehr-burgau.de\/wp-content\/uploads\/2022\/03\/IMG_2280-768x576.jpeg 768w, https:\/\/www.feuerwehr-burgau.de\/wp-content\/uploads\/2022\/03\/IMG_2280-1536x1152.jpeg 1536w\" sizes=\"auto, (max-width: 2048px) 100vw, 2048px\" \/><\/li>\n                <li style=\"display: none; width: 100%;\" class=\"slide-4449 ms-image \" aria-roledescription=\"slide\" data-date=\"2024-10-02 13:24:51\" data-filename=\"IMG_2277.jpeg\" data-slide-type=\"image\"><img loading=\"lazy\" decoding=\"async\" width=\"2048\" height=\"1536\" src=\"https:\/\/www.feuerwehr-burgau.de\/wp-content\/uploads\/2022\/03\/IMG_2277.jpeg\" class=\"slider-4445 slide-4449 msDefaultImage\" alt=\"\" rel=\"\" title=\"IMG_2277\" srcset=\"https:\/\/www.feuerwehr-burgau.de\/wp-content\/uploads\/2022\/03\/IMG_2277.jpeg 2048w, https:\/\/www.feuerwehr-burgau.de\/wp-content\/uploads\/2022\/03\/IMG_2277-300x225.jpeg 300w, https:\/\/www.feuerwehr-burgau.de\/wp-content\/uploads\/2022\/03\/IMG_2277-1024x768.jpeg 1024w, https:\/\/www.feuerwehr-burgau.de\/wp-content\/uploads\/2022\/03\/IMG_2277-768x576.jpeg 768w, https:\/\/www.feuerwehr-burgau.de\/wp-content\/uploads\/2022\/03\/IMG_2277-1536x1152.jpeg 1536w\" sizes=\"auto, (max-width: 2048px) 100vw, 2048px\" \/><\/li>\n                <li style=\"display: none; width: 100%;\" class=\"slide-4448 ms-image \" aria-roledescription=\"slide\" data-date=\"2024-10-02 13:24:51\" data-filename=\"IMG_2278.jpeg\" data-slide-type=\"image\"><img loading=\"lazy\" decoding=\"async\" width=\"2048\" height=\"1536\" src=\"https:\/\/www.feuerwehr-burgau.de\/wp-content\/uploads\/2022\/03\/IMG_2278.jpeg\" class=\"slider-4445 slide-4448 msDefaultImage\" alt=\"\" rel=\"\" title=\"IMG_2278\" srcset=\"https:\/\/www.feuerwehr-burgau.de\/wp-content\/uploads\/2022\/03\/IMG_2278.jpeg 2048w, https:\/\/www.feuerwehr-burgau.de\/wp-content\/uploads\/2022\/03\/IMG_2278-300x225.jpeg 300w, https:\/\/www.feuerwehr-burgau.de\/wp-content\/uploads\/2022\/03\/IMG_2278-1024x768.jpeg 1024w, https:\/\/www.feuerwehr-burgau.de\/wp-content\/uploads\/2022\/03\/IMG_2278-768x576.jpeg 768w, https:\/\/www.feuerwehr-burgau.de\/wp-content\/uploads\/2022\/03\/IMG_2278-1536x1152.jpeg 1536w\" sizes=\"auto, (max-width: 2048px) 100vw, 2048px\" \/><\/li>\n            <\/ul>\n        <\/div>\n        \n    <\/div>\n<\/div>\n\n\n\n<span id=\"tablepress-40-description\" class=\"tablepress-table-description tablepress-table-description-id-40\">Das KLF r\u00fcckt unter anderem bei PKW-Br\u00e4nden oder kleinen Br\u00e4nden im Freien aus. Durch seine niedrige Fahrzeugh\u00f6he und das vergleichsweise geringe Gewicht kann es auch Parkdecks befahren. Es wurde 2022 gebraucht aus den Niederlanden beschafft und der Feuerwehr Burgau komplett durch ortsans\u00e4ssige Firmen auf Spendenbasis zur Verf\u00fcgung gestellt.<\/span>\n\n<table id=\"tablepress-40\" class=\"tablepress tablepress-id-40\" aria-describedby=\"tablepress-40-description\">\n<tbody>\n<tr class=\"row-1\">\n\t<td class=\"column-1\">Funkrufname<\/td><td class=\"column-2\">Florian Burgau 1\/49\/1<\/td>\n<\/tr>\n<tr class=\"row-2\">\n\t<td class=\"column-1\">Abk\u00fcrzung<\/td><td class=\"column-2\">KLF<\/td>\n<\/tr>\n<tr class=\"row-3\">\n\t<td class=\"column-1\">Baujahr<\/td><td class=\"column-2\">2004<\/td>\n<\/tr>\n<tr class=\"row-4\">\n\t<td class=\"column-1\">Besatzung<\/td><td class=\"column-2\">1\/2<\/td>\n<\/tr>\n<tr class=\"row-5\">\n\t<td class=\"column-1\">Fahrgestell<\/td><td class=\"column-2\">Renault Traffic <\/td>\n<\/tr>\n<tr class=\"row-6\">\n\t<td class=\"column-1\">Aufbau\/Ausbau<\/td><td class=\"column-2\">Selbstausbau<\/td>\n<\/tr>\n<tr class=\"row-7\">\n\t<td class=\"column-1\">Beladung\/Spezifikationen<\/td><td class=\"column-2\">Hochdruckl\u00f6schanlage Rosenbauer UHPS<br \/>\n2x Atemschutzger\u00e4te<br \/>\nWasser- &amp; Schaumtank 300 Liter<br \/>\n1x HRT-Funkger\u00e4t<br \/>\nPKW-L\u00f6schdecke<br \/>\nVerkehrsabsicherungsmaterial<\/td>\n<\/tr>\n<\/tbody>\n<\/table>\n<!-- #tablepress-40 from cache -->\n","protected":false},"excerpt":{"rendered":"","protected":false},"author":2,"featured_media":0,"parent":36,"menu_order":0,"comment_status":"closed","ping_status":"closed","template":"","meta":{"colormag_page_container_layout":"no_sidebar_full_width","colormag_page_sidebar_layout":"right_sidebar","footnotes":""},"class_list":["post-336","page","type-page","status-publish","hentry"],"_links":{"self":[{"href":"https:\/\/www.feuerwehr-burgau.de\/index.php\/wp-json\/wp\/v2\/pages\/336","targetHints":{"allow":["GET"]}}],"collection":[{"href":"https:\/\/www.feuerwehr-burgau.de\/index.php\/wp-json\/wp\/v2\/pages"}],"about":[{"href":"https:\/\/www.feuerwehr-burgau.de\/index.php\/wp-json\/wp\/v2\/types\/page"}],"author":[{"embeddable":true,"href":"https:\/\/www.feuerwehr-burgau.de\/index.php\/wp-json\/wp\/v2\/users\/2"}],"replies":[{"embeddable":true,"href":"https:\/\/www.feuerwehr-burgau.de\/index.php\/wp-json\/wp\/v2\/comments?post=336"}],"version-history":[{"count":9,"href":"https:\/\/www.feuerwehr-burgau.de\/index.php\/wp-json\/wp\/v2\/pages\/336\/revisions"}],"predecessor-version":[{"id":4452,"href":"https:\/\/www.feuerwehr-burgau.de\/index.php\/wp-json\/wp\/v2\/pages\/336\/revisions\/4452"}],"up":[{"embeddable":true,"href":"https:\/\/www.feuerwehr-burgau.de\/index.php\/wp-json\/wp\/v2\/pages\/36"}],"wp:attachment":[{"href":"https:\/\/www.feuerwehr-burgau.de\/index.php\/wp-json\/wp\/v2\/media?parent=336"}],"curies":[{"name":"wp","href":"https:\/\/api.w.org\/{rel}","templated":true}]}}