{"id":2602,"date":"2019-10-23T18:06:26","date_gmt":"2019-10-23T16:06:26","guid":{"rendered":"https:\/\/www.feuerwehr-burgau.de\/?page_id=2602"},"modified":"2024-10-02T13:43:08","modified_gmt":"2024-10-02T11:43:08","slug":"drehleiter-mit-korb-23-12-neu","status":"publish","type":"page","link":"https:\/\/www.feuerwehr-burgau.de\/index.php\/ausruestung\/fahrzeuge\/drehleiter-mit-korb-23-12-neu\/","title":{"rendered":"Drehleiter mit Korb 23\/12"},"content":{"rendered":"<div id=\"metaslider-id-4458\" style=\"width: 100%; margin: 0 auto;\" class=\"ml-slider-3-109-0 metaslider metaslider-flex metaslider-4458 ml-slider has-dots-nav ms-theme-default\" role=\"region\" aria-label=\"DLK 1\/30\/1\" data-height=\"400\" data-width=\"700\">\n    <div id=\"metaslider_container_4458\">\n        <div id=\"metaslider_4458\">\n            <ul class='slides'>\n                <li style=\"display: block; width: 100%;\" class=\"slide-4459 ms-image \" aria-roledescription=\"slide\" data-date=\"2024-10-02 13:34:09\" data-filename=\"IMG_20190808_145712-e1569949570929-700x400.jpg\" data-slide-type=\"image\"><img loading=\"lazy\" decoding=\"async\" src=\"https:\/\/www.feuerwehr-burgau.de\/wp-content\/uploads\/2019\/10\/IMG_20190808_145712-e1569949570929-700x400.jpg\" height=\"400\" width=\"700\" alt=\"\" class=\"slider-4458 slide-4459 msDefaultImage\" title=\"sdr_HDRB\" \/><\/li>\n                <li style=\"display: none; width: 100%;\" class=\"slide-4460 ms-image \" aria-roledescription=\"slide\" data-date=\"2024-10-02 13:34:09\" data-filename=\"IMG_20190808_145827-e1569949660291-700x400.jpg\" data-slide-type=\"image\"><img loading=\"lazy\" decoding=\"async\" src=\"https:\/\/www.feuerwehr-burgau.de\/wp-content\/uploads\/2019\/10\/IMG_20190808_145827-e1569949660291-700x400.jpg\" height=\"400\" width=\"700\" alt=\"\" class=\"slider-4458 slide-4460 msDefaultImage\" title=\"sdr_HDRB\" \/><\/li>\n                <li style=\"display: none; width: 100%;\" class=\"slide-4461 ms-image \" aria-roledescription=\"slide\" data-date=\"2024-10-02 13:34:10\" data-filename=\"IMG_20190808_145846-e1569949670124-700x400.jpg\" data-slide-type=\"image\"><img loading=\"lazy\" decoding=\"async\" src=\"https:\/\/www.feuerwehr-burgau.de\/wp-content\/uploads\/2019\/10\/IMG_20190808_145846-e1569949670124-700x400.jpg\" height=\"400\" width=\"700\" alt=\"\" class=\"slider-4458 slide-4461 msDefaultImage\" title=\"rhdr\" \/><\/li>\n                <li style=\"display: none; width: 100%;\" class=\"slide-4462 ms-image \" aria-roledescription=\"slide\" data-date=\"2024-10-02 13:34:10\" data-filename=\"IMG_20190808_145856-e1569949678291-700x400.jpg\" data-slide-type=\"image\"><img loading=\"lazy\" decoding=\"async\" src=\"https:\/\/www.feuerwehr-burgau.de\/wp-content\/uploads\/2019\/10\/IMG_20190808_145856-e1569949678291-700x400.jpg\" height=\"400\" width=\"700\" alt=\"\" class=\"slider-4458 slide-4462 msDefaultImage\" title=\"rhdr\" \/><\/li>\n                <li style=\"display: none; width: 100%;\" class=\"slide-4463 ms-image \" aria-roledescription=\"slide\" data-date=\"2024-10-02 13:34:10\" data-filename=\"IMG_20190808_145755-e1569949578628-700x400.jpg\" data-slide-type=\"image\"><img loading=\"lazy\" decoding=\"async\" src=\"https:\/\/www.feuerwehr-burgau.de\/wp-content\/uploads\/2019\/10\/IMG_20190808_145755-e1569949578628-700x400.jpg\" height=\"400\" width=\"700\" alt=\"\" class=\"slider-4458 slide-4463 msDefaultImage\" title=\"cof\" \/><\/li>\n                <li style=\"display: none; width: 100%;\" class=\"slide-4464 ms-image \" aria-roledescription=\"slide\" data-date=\"2024-10-02 13:34:11\" data-filename=\"IMG_20190808_145958-e1569949694675-700x400.jpg\" data-slide-type=\"image\"><img loading=\"lazy\" decoding=\"async\" src=\"https:\/\/www.feuerwehr-burgau.de\/wp-content\/uploads\/2019\/10\/IMG_20190808_145958-e1569949694675-700x400.jpg\" height=\"400\" width=\"700\" alt=\"\" class=\"slider-4458 slide-4464 msDefaultImage\" title=\"cof\" \/><\/li>\n                <li style=\"display: none; width: 100%;\" class=\"slide-4465 ms-image \" aria-roledescription=\"slide\" data-date=\"2024-10-02 13:34:11\" data-filename=\"IMG_20190808_150620-e1569949494584-700x400.jpg\" data-slide-type=\"image\"><img loading=\"lazy\" decoding=\"async\" src=\"https:\/\/www.feuerwehr-burgau.de\/wp-content\/uploads\/2019\/10\/IMG_20190808_150620-e1569949494584-700x400.jpg\" height=\"400\" width=\"700\" alt=\"\" class=\"slider-4458 slide-4465 msDefaultImage\" title=\"cof\" \/><\/li>\n                <li style=\"display: none; width: 100%;\" class=\"slide-4466 ms-image \" aria-roledescription=\"slide\" data-date=\"2024-10-02 13:34:12\" data-filename=\"IMG_20190808_151530-e1569949503692-700x400.jpg\" data-slide-type=\"image\"><img loading=\"lazy\" decoding=\"async\" src=\"https:\/\/www.feuerwehr-burgau.de\/wp-content\/uploads\/2019\/10\/IMG_20190808_151530-e1569949503692-700x400.jpg\" height=\"400\" width=\"700\" alt=\"\" class=\"slider-4458 slide-4466 msDefaultImage\" title=\"sdr_HDRB\" \/><\/li>\n                <li style=\"display: none; width: 100%;\" class=\"slide-4467 ms-image \" aria-roledescription=\"slide\" data-date=\"2024-10-02 13:34:12\" data-filename=\"IMG_20190808_152049-e1569949516554-700x400.jpg\" data-slide-type=\"image\"><img loading=\"lazy\" decoding=\"async\" src=\"https:\/\/www.feuerwehr-burgau.de\/wp-content\/uploads\/2019\/10\/IMG_20190808_152049-e1569949516554-700x400.jpg\" height=\"400\" width=\"700\" alt=\"\" class=\"slider-4458 slide-4467 msDefaultImage\" title=\"cof\" \/><\/li>\n                <li style=\"display: none; width: 100%;\" class=\"slide-4468 ms-image \" aria-roledescription=\"slide\" data-date=\"2024-10-02 13:34:13\" data-filename=\"IMG_20190823_095850-e1569949533840-700x400.jpg\" data-slide-type=\"image\"><img loading=\"lazy\" decoding=\"async\" src=\"https:\/\/www.feuerwehr-burgau.de\/wp-content\/uploads\/2019\/10\/IMG_20190823_095850-e1569949533840-700x400.jpg\" height=\"400\" width=\"700\" alt=\"\" class=\"slider-4458 slide-4468 msDefaultImage\" title=\"IMG_20190823_095850\" \/><\/li>\n                <li style=\"display: none; width: 100%;\" class=\"slide-4469 ms-image \" aria-roledescription=\"slide\" data-date=\"2024-10-02 13:34:13\" data-filename=\"IMG_20190823_100431-e1569949548930-700x400.jpg\" data-slide-type=\"image\"><img loading=\"lazy\" decoding=\"async\" src=\"https:\/\/www.feuerwehr-burgau.de\/wp-content\/uploads\/2019\/10\/IMG_20190823_100431-e1569949548930-700x400.jpg\" height=\"400\" width=\"700\" alt=\"\" class=\"slider-4458 slide-4469 msDefaultImage\" title=\"IMG_20190823_100431\" \/><\/li>\n                <li style=\"display: none; width: 100%;\" class=\"slide-4470 ms-image \" aria-roledescription=\"slide\" data-date=\"2024-10-02 13:34:14\" data-filename=\"IMG_20190823_102931-e1569949558339-700x400.jpg\" data-slide-type=\"image\"><img loading=\"lazy\" decoding=\"async\" src=\"https:\/\/www.feuerwehr-burgau.de\/wp-content\/uploads\/2019\/10\/IMG_20190823_102931-e1569949558339-700x400.jpg\" height=\"400\" width=\"700\" alt=\"\" class=\"slider-4458 slide-4470 msDefaultImage\" title=\"IMG_20190823_102931\" \/><\/li>\n                <li style=\"display: none; width: 100%;\" class=\"slide-4471 ms-image \" aria-roledescription=\"slide\" data-date=\"2024-10-02 13:34:14\" data-filename=\"IMG_20190808_150603_1-e1569949481623-700x400.jpg\" data-slide-type=\"image\"><img loading=\"lazy\" decoding=\"async\" src=\"https:\/\/www.feuerwehr-burgau.de\/wp-content\/uploads\/2019\/10\/IMG_20190808_150603_1-e1569949481623-700x400.jpg\" height=\"400\" width=\"700\" alt=\"\" class=\"slider-4458 slide-4471 msDefaultImage\" title=\"dav\" \/><\/li>\n            <\/ul>\n        <\/div>\n        \n    <\/div>\n<\/div>\n\n\n<span id=\"tablepress-37-description\" class=\"tablepress-table-description tablepress-table-description-id-37\">Die Drehleiter kommt bei verschiedenen Situationen zum Einsatz; zum Beispiel zur Rettung von Personen mittels Krankentrage oder zur Brandbek\u00e4mpfung. Durch den abknickbaren Leiterpark ist eine maximale Flexibilit\u00e4t gew\u00e4hrleistet. <\/span>\n\n<table id=\"tablepress-37\" class=\"tablepress tablepress-id-37\" aria-describedby=\"tablepress-37-description\">\n<tbody>\n<tr class=\"row-1\">\n\t<td class=\"column-1\">Funkrufname<\/td><td class=\"column-2\">Florian Burgau 1\/30\/1<\/td>\n<\/tr>\n<tr class=\"row-2\">\n\t<td class=\"column-1\">Abk\u00fcrzung<\/td><td class=\"column-2\">DLK 23\/12<\/td>\n<\/tr>\n<tr class=\"row-3\">\n\t<td class=\"column-1\">Baujahr<\/td><td class=\"column-2\">2019<\/td>\n<\/tr>\n<tr class=\"row-4\">\n\t<td class=\"column-1\">Besatzung<\/td><td class=\"column-2\">1\/2<\/td>\n<\/tr>\n<tr class=\"row-5\">\n\t<td class=\"column-1\">Fahrgestell<\/td><td class=\"column-2\">Mercedes Atego 1530<\/td>\n<\/tr>\n<tr class=\"row-6\">\n\t<td class=\"column-1\">Aufbau\/Ausbau<\/td><td class=\"column-2\">Rosenbauer L32A-XS<\/td>\n<\/tr>\n<tr class=\"row-7\">\n\t<td class=\"column-1\">Beladung\/Spezifikationen<\/td><td class=\"column-2\">2x HRT Funkger\u00e4te<br \/>\nDynawatt-Stromerzeugung 5 kVA<br \/>\n2x Atemschutzger\u00e4te<br \/>\nMonitor\/Wasserwerfer (fernsteuerbar)<br \/>\nHalterung f\u00fcr Krankentrage (Rettungsdienst)<br \/>\nSchleifkorbtrage<br \/>\nSchwerlasttrage<br \/>\nRollstuhlhalterung<br \/>\nSwissroll (Abseilger\u00e4t)<br \/>\nPKW-Rangierhilfe<br \/>\nL\u00fcfter mit Leichtschaumkalotte (zum Einsatz am Korb)<br \/>\nFognail (L\u00f6schlanze)<br \/>\nKettens\u00e4ge<br \/>\nAbsicherungsmaterial<\/td>\n<\/tr>\n<\/tbody>\n<\/table>\n<!-- #tablepress-37 from cache -->","protected":false},"excerpt":{"rendered":"","protected":false},"author":2,"featured_media":0,"parent":36,"menu_order":0,"comment_status":"closed","ping_status":"closed","template":"","meta":{"colormag_page_container_layout":"no_sidebar_full_width","colormag_page_sidebar_layout":"right_sidebar","footnotes":""},"class_list":["post-2602","page","type-page","status-publish","hentry"],"_links":{"self":[{"href":"https:\/\/www.feuerwehr-burgau.de\/index.php\/wp-json\/wp\/v2\/pages\/2602","targetHints":{"allow":["GET"]}}],"collection":[{"href":"https:\/\/www.feuerwehr-burgau.de\/index.php\/wp-json\/wp\/v2\/pages"}],"about":[{"href":"https:\/\/www.feuerwehr-burgau.de\/index.php\/wp-json\/wp\/v2\/types\/page"}],"author":[{"embeddable":true,"href":"https:\/\/www.feuerwehr-burgau.de\/index.php\/wp-json\/wp\/v2\/users\/2"}],"replies":[{"embeddable":true,"href":"https:\/\/www.feuerwehr-burgau.de\/index.php\/wp-json\/wp\/v2\/comments?post=2602"}],"version-history":[{"count":4,"href":"https:\/\/www.feuerwehr-burgau.de\/index.php\/wp-json\/wp\/v2\/pages\/2602\/revisions"}],"predecessor-version":[{"id":4473,"href":"https:\/\/www.feuerwehr-burgau.de\/index.php\/wp-json\/wp\/v2\/pages\/2602\/revisions\/4473"}],"up":[{"embeddable":true,"href":"https:\/\/www.feuerwehr-burgau.de\/index.php\/wp-json\/wp\/v2\/pages\/36"}],"wp:attachment":[{"href":"https:\/\/www.feuerwehr-burgau.de\/index.php\/wp-json\/wp\/v2\/media?parent=2602"}],"curies":[{"name":"wp","href":"https:\/\/api.w.org\/{rel}","templated":true}]}}