{"id":194,"date":"2018-11-21T12:20:36","date_gmt":"2018-11-21T11:20:36","guid":{"rendered":"https:\/\/www.feuerwehr-burgau.de\/wordpress\/?page_id=194"},"modified":"2025-03-24T10:35:42","modified_gmt":"2025-03-24T09:35:42","slug":"geraetewagen-luefter","status":"publish","type":"page","link":"https:\/\/www.feuerwehr-burgau.de\/index.php\/ausruestung\/fahrzeuge\/geraetewagen-luefter\/","title":{"rendered":"Ger\u00e4tewagen L\u00fcfter"},"content":{"rendered":"\n<p class=\"has-text-align-left\"><\/p>\n\n\n<div id=\"metaslider-id-4554\" style=\"width: 100%; margin: 0 auto;\" class=\"ml-slider-3-109-0 metaslider metaslider-flex metaslider-4554 ml-slider has-dots-nav ms-theme-default\" role=\"region\" aria-label=\"L\u00fcfter 1\/59\/1\" data-height=\"400\" data-width=\"700\">\n    <div id=\"metaslider_container_4554\">\n        <div id=\"metaslider_4554\">\n            <ul class='slides'>\n                <li style=\"display: block; width: 100%;\" class=\"slide-4555 ms-image \" aria-roledescription=\"slide\" data-date=\"2024-10-04 10:50:54\" data-filename=\"IMG_4575-e1545847865733.jpg\" data-slide-type=\"image\"><img loading=\"lazy\" decoding=\"async\" width=\"2000\" height=\"1623\" src=\"https:\/\/www.feuerwehr-burgau.de\/wp-content\/uploads\/2018\/11\/IMG_4575-e1545847865733.jpg\" class=\"slider-4554 slide-4555 msDefaultImage\" alt=\"\" rel=\"\" title=\"IMG_4575\" style=\"margin: 0 auto; width: 70.416336590089%\" \/><\/li>\n                <li style=\"display: none; width: 100%;\" class=\"slide-4556 ms-image \" aria-roledescription=\"slide\" data-date=\"2024-10-04 10:50:55\" data-filename=\"IMG_4582-e1545847824991.jpg\" data-slide-type=\"image\"><img loading=\"lazy\" decoding=\"async\" width=\"2000\" height=\"1225\" src=\"https:\/\/www.feuerwehr-burgau.de\/wp-content\/uploads\/2018\/11\/IMG_4582-e1545847824991.jpg\" class=\"slider-4554 slide-4556 msDefaultImage\" alt=\"\" rel=\"\" title=\"IMG_4582\" style=\"margin: 0 auto; width: 93.294460641399%\" \/><\/li>\n                <li style=\"display: none; width: 100%;\" class=\"slide-4557 ms-image \" aria-roledescription=\"slide\" data-date=\"2024-10-04 10:50:55\" data-filename=\"IMG_4580-e1545847834397.jpg\" data-slide-type=\"image\"><img loading=\"lazy\" decoding=\"async\" width=\"2000\" height=\"1521\" src=\"https:\/\/www.feuerwehr-burgau.de\/wp-content\/uploads\/2018\/11\/IMG_4580-e1545847834397.jpg\" class=\"slider-4554 slide-4557 msDefaultImage\" alt=\"\" rel=\"\" title=\"IMG_4580\" style=\"margin: 0 auto; width: 75.138536676998%\" \/><\/li>\n                <li style=\"display: none; width: 100%;\" class=\"slide-4558 ms-image \" aria-roledescription=\"slide\" data-date=\"2024-10-04 10:50:56\" data-filename=\"IMG_4586-e1545847807361.jpg\" data-slide-type=\"image\"><img loading=\"lazy\" decoding=\"async\" width=\"2000\" height=\"1333\" src=\"https:\/\/www.feuerwehr-burgau.de\/wp-content\/uploads\/2018\/11\/IMG_4586-e1545847807361.jpg\" class=\"slider-4554 slide-4558 msDefaultImage\" alt=\"\" rel=\"\" title=\"IMG_4586\" style=\"margin: 0 auto; width: 85.735719644197%\" \/><\/li>\n                <li style=\"display: none; width: 100%;\" class=\"slide-4559 ms-image \" aria-roledescription=\"slide\" data-date=\"2024-10-04 10:50:56\" data-filename=\"IMG_4587-2-e1545847797751.jpg\" data-slide-type=\"image\"><img loading=\"lazy\" decoding=\"async\" width=\"2000\" height=\"2197\" src=\"https:\/\/www.feuerwehr-burgau.de\/wp-content\/uploads\/2018\/11\/IMG_4587-2-e1545847797751.jpg\" class=\"slider-4554 slide-4559 msDefaultImage\" alt=\"\" rel=\"\" title=\"IMG_4587 (2)\" style=\"margin: 0 auto; width: 52.01898693023%\" \/><\/li>\n                <li style=\"display: none; width: 100%;\" class=\"slide-4560 ms-image \" aria-roledescription=\"slide\" data-date=\"2024-10-04 10:50:56\" data-filename=\"IMG_4584.jpg\" data-slide-type=\"image\"><img loading=\"lazy\" decoding=\"async\" width=\"4752\" height=\"3168\" src=\"https:\/\/www.feuerwehr-burgau.de\/wp-content\/uploads\/2018\/11\/IMG_4584.jpg\" class=\"slider-4554 slide-4560 msDefaultImage\" alt=\"\" rel=\"\" title=\"IMG_4584\" style=\"margin: 0 auto; width: 85.714285714286%\" srcset=\"https:\/\/www.feuerwehr-burgau.de\/wp-content\/uploads\/2018\/11\/IMG_4584.jpg 4752w, https:\/\/www.feuerwehr-burgau.de\/wp-content\/uploads\/2018\/11\/IMG_4584-300x200.jpg 300w, https:\/\/www.feuerwehr-burgau.de\/wp-content\/uploads\/2018\/11\/IMG_4584-768x512.jpg 768w, https:\/\/www.feuerwehr-burgau.de\/wp-content\/uploads\/2018\/11\/IMG_4584-1024x683.jpg 1024w\" sizes=\"auto, (max-width: 4752px) 100vw, 4752px\" \/><\/li>\n            <\/ul>\n        <\/div>\n        \n    <\/div>\n<\/div>\n\n\n\n<p class=\"has-text-align-left\"><\/p>\n\n\n<span id=\"tablepress-2-description\" class=\"tablepress-table-description tablepress-table-description-id-2\">Dieses Fahrzeug wird zur \u00dcberdruckbel\u00fcftung gro\u00dfer Industriehallen eingesetzt. Alternativ kann mit dem Spiralschlauchsystem auch Brandrauch abgesaugt werden. Ein Teil der Anschaffungskosten wurde durch eine Spende mehrerer \u00f6rtlicher Firmen \u00fcbernommen. <\/span>\n\n<table id=\"tablepress-2\" class=\"tablepress tablepress-id-2\" aria-describedby=\"tablepress-2-description\">\n<tbody>\n<tr class=\"row-1\">\n\t<td class=\"column-1\">Funkrufname<\/td><td class=\"column-2\">Florian Burgau 1\/59\/1<\/td>\n<\/tr>\n<tr class=\"row-2\">\n\t<td class=\"column-1\">Abk\u00fcrzung<\/td><td class=\"column-2\">L\u00fcfter<\/td>\n<\/tr>\n<tr class=\"row-3\">\n\t<td class=\"column-1\">Baujahr<\/td><td class=\"column-2\">2018<\/td>\n<\/tr>\n<tr class=\"row-4\">\n\t<td class=\"column-1\">Besatzung<\/td><td class=\"column-2\">1\/2<\/td>\n<\/tr>\n<tr class=\"row-5\">\n\t<td class=\"column-1\">Fahrgestell<\/td><td class=\"column-2\">Ford Transit FT 350 L 125kW<\/td>\n<\/tr>\n<tr class=\"row-6\">\n\t<td class=\"column-1\">Aufbau\/Ausbau<\/td><td class=\"column-2\">B.S. Bel\u00fcftungs-GmbH<\/td>\n<\/tr>\n<tr class=\"row-7\">\n\t<td class=\"column-1\">Beladung\/Spezifikationen<\/td><td class=\"column-2\">1x HRT-Funkger\u00e4t<br \/>\n1x \u00dcberdruckl\u00fcfter (klein)<br \/>\n4x 15m Spiralschlauch mit GFK-Montageadapter<br \/>\n<br \/>\nTechnische Daten:<br \/>\nVentilator-Einheit MGV L 125\/105FII<br \/>\nDurchmesser 1.600mm<br \/>\nVolumenleistung ca. 220.000 m\u00b3\/h<br \/>\nVentilatormotor Ford ZSG 416Ti-VCT mit 90 kW<br \/>\nVentilator Ausfahrh\u00f6he 610mm<br \/>\nDrehvorrichtung \u00b1100\u00b0<br \/>\nNeigevorrichtung \u00b120\u00b0<br \/>\nWassernebeleinrichtung mit ca. 280 l\/min<\/td>\n<\/tr>\n<\/tbody>\n<\/table>\n<!-- #tablepress-2 from cache -->\n\n\n<p class=\"has-text-align-left\"><\/p>\n\n\n\n<p class=\"has-text-align-center\">&nbsp;<\/p>\n","protected":false},"excerpt":{"rendered":"<p>&nbsp;<\/p>\n","protected":false},"author":2,"featured_media":0,"parent":36,"menu_order":0,"comment_status":"closed","ping_status":"closed","template":"","meta":{"colormag_page_container_layout":"no_sidebar_full_width","colormag_page_sidebar_layout":"right_sidebar","footnotes":""},"class_list":["post-194","page","type-page","status-publish","hentry"],"_links":{"self":[{"href":"https:\/\/www.feuerwehr-burgau.de\/index.php\/wp-json\/wp\/v2\/pages\/194","targetHints":{"allow":["GET"]}}],"collection":[{"href":"https:\/\/www.feuerwehr-burgau.de\/index.php\/wp-json\/wp\/v2\/pages"}],"about":[{"href":"https:\/\/www.feuerwehr-burgau.de\/index.php\/wp-json\/wp\/v2\/types\/page"}],"author":[{"embeddable":true,"href":"https:\/\/www.feuerwehr-burgau.de\/index.php\/wp-json\/wp\/v2\/users\/2"}],"replies":[{"embeddable":true,"href":"https:\/\/www.feuerwehr-burgau.de\/index.php\/wp-json\/wp\/v2\/comments?post=194"}],"version-history":[{"count":31,"href":"https:\/\/www.feuerwehr-burgau.de\/index.php\/wp-json\/wp\/v2\/pages\/194\/revisions"}],"predecessor-version":[{"id":4830,"href":"https:\/\/www.feuerwehr-burgau.de\/index.php\/wp-json\/wp\/v2\/pages\/194\/revisions\/4830"}],"up":[{"embeddable":true,"href":"https:\/\/www.feuerwehr-burgau.de\/index.php\/wp-json\/wp\/v2\/pages\/36"}],"wp:attachment":[{"href":"https:\/\/www.feuerwehr-burgau.de\/index.php\/wp-json\/wp\/v2\/media?parent=194"}],"curies":[{"name":"wp","href":"https:\/\/api.w.org\/{rel}","templated":true}]}}