{"id":183,"date":"2018-11-21T08:52:37","date_gmt":"2018-11-21T07:52:37","guid":{"rendered":"https:\/\/www.feuerwehr-burgau.de\/wordpress\/?page_id=183"},"modified":"2022-12-14T11:40:05","modified_gmt":"2022-12-14T10:40:05","slug":"alarmierung","status":"publish","type":"page","link":"https:\/\/www.feuerwehr-burgau.de\/index.php\/service\/alarmierung\/","title":{"rendered":"Alarmierung"},"content":{"rendered":"\n<p><strong>Alarmierung<\/strong><br>Nachdem ein Notruf eingegangen ist (im Landkreis G\u00fcnzburg laufen die Notrufe bei der &#8222;Integrierten Leitstelle Donau\/Iller&#8220; auf) gibt der Disponent im Computer Einsatzstichwort, Ortschaft und Stra\u00dfe\/Objekt ein. Daraufhin unterbreitet der Computer ihm einen Alarmierungsvorschlag aufgrund hinterlegter Alarmpl\u00e4ne. Der Disponent kann dann die Alarmierung noch einmal \u00e4ndern oder durchf\u00fchren. Daraufhin werden Funksignale ausgesendet, die die Funkmeldeempf\u00e4nger (FME oder auch &#8222;Piepser&#8220; genannt) und Sirenen ausl\u00f6sen. \u00dcber die Funkmeldeempf\u00e4nger erhalten die Einsatzkr\u00e4fte direkt das Einsatzstichwort und den Einsatzort mitgeteilt. Die alarmierten Kr\u00e4fte eilen zu den Ger\u00e4teh\u00e4usern, ziehen sich um und besetzen je nach Einsatz die verschiedenen Fahrzeuge und r\u00fccken zum Einsatzort aus.<\/p>\n\n\n\n<p><a href=\"https:\/\/www.stmi.bayern.de\/assets\/stmi\/sus\/rettungswesen\/id3_26e_03_voe_03_fachthema_abek_in_by_einsatzstichwoerter_anl_2-1-4_20170307.pdf\" target=\"_blank\" rel=\"noopener\">\u00dcbersicht der Einsatzstichworte der Leitstellen in Bayern<\/a><\/p>\n\n\n\n<p class=\"has-text-align-left\">Weitere Informationen zur Integrierten Leitstelle Donau\/Iller finden Sie auf der <a href=\"https:\/\/www.rettungsdienst.brk.de\/nc\/ils-donau-iller.html\" target=\"_blank\" rel=\"noreferrer noopener\">Website der Leitstelle<\/a>.<\/p>\n\n\n\n<p><strong>Anfahrt zum Ger\u00e4tehaus (Dachaufsetzer)<br><\/strong>Ihnen sind vielleicht auch schon Autos aufgefallen, die gelbe oder rote Schilder mit dem Aufdruck &#8222;Feuerwehr im Einsatz&#8220; auf dem Dach haben. Diese Magnet-Dachaufsetzer haben sich viele Feuerwehrleute gekauft, um den anderen Verkehrsteilnehmern den Feuerwehreinsatz zu signalisieren.<\/p>\n\n\n\n<p>Diese Schilder k\u00f6nnen&nbsp;<b>nicht Blaulicht und Martinshorn ersetzen&nbsp;<\/b>und das sollen sie auch nicht. Der einzige Zweck der Schilder ist, die anderen Verkehrsteilnehmer \u00fcber den Feuerwehreinsatz zu informieren, denn ohne dieses Schild ist der PKW nicht von einem anderen zu unterscheiden!<\/p>\n\n\n\n<figure class=\"wp-block-image aligncenter size-large is-resized\"><img loading=\"lazy\" decoding=\"async\" src=\"https:\/\/www.feuerwehr-burgau.de\/wp-content\/uploads\/2022\/12\/20221202_110122-1024x768.jpg\" alt=\"\" class=\"wp-image-3247\" width=\"561\" height=\"421\" srcset=\"https:\/\/www.feuerwehr-burgau.de\/wp-content\/uploads\/2022\/12\/20221202_110122-1024x768.jpg 1024w, https:\/\/www.feuerwehr-burgau.de\/wp-content\/uploads\/2022\/12\/20221202_110122-300x225.jpg 300w, https:\/\/www.feuerwehr-burgau.de\/wp-content\/uploads\/2022\/12\/20221202_110122-768x576.jpg 768w, https:\/\/www.feuerwehr-burgau.de\/wp-content\/uploads\/2022\/12\/20221202_110122-1536x1152.jpg 1536w, https:\/\/www.feuerwehr-burgau.de\/wp-content\/uploads\/2022\/12\/20221202_110122-2048x1536.jpg 2048w\" sizes=\"auto, (max-width: 561px) 100vw, 561px\" \/><\/figure>\n\n\n\n<p>Sollten sie einen PKW mit Dachaufsetzer sehen, k\u00f6nnen sie unsere Arbeit dadurch erleichtern, indem sie freiwillig Platz machen und z.B. rechts ranfahren oder dem anderen PKW die Vorfahrt gew\u00e4hren. Beachten sie dabei aber, dass sie dabei andere Verkehrsteilnehmer nicht gef\u00e4hrden. Bitte zeigen Sie ihre Absicht deutlich mit Handzeichen oder Blinker an, damit sich alle Beteiligten darauf einstellen k\u00f6nnen.<\/p>\n\n\n\n<p><b>Sie sind nicht dazu verpflichtet, Platz zu machen, wenn sich ein PKW mit Dachaufsetzer n\u00e4hert. Doch bitte bedenken Sie: das n\u00e4chste mal warten vielleicht Sie auf die schnelle Hilfe der Feuerwehr&#8230;<\/b><\/p>\n\n\n\n<p><b>Ausr\u00fccken<br><\/b>Nach Ankunft am Ger\u00e4tehaus ziehen sich die Feuerwehrangeh\u00f6rigen schnellst m\u00f6glich ihre Einsatzkleidung \u00fcber. Auf den Alarmmonitoren erscheint der Einsatzort, die ben\u00f6tigten Fahrzeuge und eine Anfahrtsbeschreibung. Von unserer Wache k\u00f6nnen Sie sich gerne <a href=\"https:\/\/www.feuerwehr-burgau.de\/index.php\/ausruestung\/geraetehaus\/\" target=\"_blank\" rel=\"noopener\"><strong>HIER<\/strong> <\/a>ein Bild machen.<\/p>\n","protected":false},"excerpt":{"rendered":"<p>AlarmierungNachdem ein Notruf eingegangen ist (im Landkreis G\u00fcnzburg laufen die Notrufe bei der &#8222;Integrierten Leitstelle Donau\/Iller&#8220; auf) gibt der Disponent<\/p>\n","protected":false},"author":2,"featured_media":0,"parent":110,"menu_order":0,"comment_status":"closed","ping_status":"closed","template":"","meta":{"colormag_page_container_layout":"no_sidebar_full_width","colormag_page_sidebar_layout":"no_sidebar","footnotes":""},"class_list":["post-183","page","type-page","status-publish","hentry"],"_links":{"self":[{"href":"https:\/\/www.feuerwehr-burgau.de\/index.php\/wp-json\/wp\/v2\/pages\/183","targetHints":{"allow":["GET"]}}],"collection":[{"href":"https:\/\/www.feuerwehr-burgau.de\/index.php\/wp-json\/wp\/v2\/pages"}],"about":[{"href":"https:\/\/www.feuerwehr-burgau.de\/index.php\/wp-json\/wp\/v2\/types\/page"}],"author":[{"embeddable":true,"href":"https:\/\/www.feuerwehr-burgau.de\/index.php\/wp-json\/wp\/v2\/users\/2"}],"replies":[{"embeddable":true,"href":"https:\/\/www.feuerwehr-burgau.de\/index.php\/wp-json\/wp\/v2\/comments?post=183"}],"version-history":[{"count":14,"href":"https:\/\/www.feuerwehr-burgau.de\/index.php\/wp-json\/wp\/v2\/pages\/183\/revisions"}],"predecessor-version":[{"id":3277,"href":"https:\/\/www.feuerwehr-burgau.de\/index.php\/wp-json\/wp\/v2\/pages\/183\/revisions\/3277"}],"up":[{"embeddable":true,"href":"https:\/\/www.feuerwehr-burgau.de\/index.php\/wp-json\/wp\/v2\/pages\/110"}],"wp:attachment":[{"href":"https:\/\/www.feuerwehr-burgau.de\/index.php\/wp-json\/wp\/v2\/media?parent=183"}],"curies":[{"name":"wp","href":"https:\/\/api.w.org\/{rel}","templated":true}]}}