{"id":180,"date":"2018-11-21T08:49:36","date_gmt":"2018-11-21T07:49:36","guid":{"rendered":"https:\/\/www.feuerwehr-burgau.de\/wordpress\/?page_id=180"},"modified":"2025-01-08T08:24:14","modified_gmt":"2025-01-08T07:24:14","slug":"aktive-wehr","status":"publish","type":"page","link":"https:\/\/www.feuerwehr-burgau.de\/index.php\/ueber-uns\/aktive-wehr\/","title":{"rendered":"Aktive Wehr"},"content":{"rendered":"\n<figure class=\"wp-block-image size-large is-resized\"><img loading=\"lazy\" decoding=\"async\" width=\"1024\" height=\"768\" src=\"https:\/\/www.feuerwehr-burgau.de\/wp-content\/uploads\/2019\/06\/IMG_0682-1024x768.jpg\" alt=\"\" class=\"wp-image-2519\" srcset=\"https:\/\/www.feuerwehr-burgau.de\/wp-content\/uploads\/2019\/06\/IMG_0682-1024x768.jpg 1024w, https:\/\/www.feuerwehr-burgau.de\/wp-content\/uploads\/2019\/06\/IMG_0682-300x225.jpg 300w, https:\/\/www.feuerwehr-burgau.de\/wp-content\/uploads\/2019\/06\/IMG_0682-768x576.jpg 768w\" sizes=\"auto, (max-width: 1024px) 100vw, 1024px\" \/><figcaption class=\"wp-element-caption\">Inspektion 2019<\/figcaption><\/figure>\n\n\n\n<p>Die Einsatzabteilung der Feuerwehr Burgau umfasst im Moment ca. 106 Aktive im Alter von 18 &#8211; 65 Jahren.&nbsp; Darunter befinden sich 39 Atemschutzger\u00e4tetr\u00e4ger. Die Einsatzabteilung ist in zwei Z\u00fcge mit jeweils zwei Gruppen unterteilt, wobei die L\u00f6schgruppe aus Gro\u00dfanhausen dem 2. Zug angegliedert ist. <\/p>\n\n\n\n<p>Es werden regelm\u00e4\u00dfige \u00dcbungen zu verschiedenen Einsatzszenarien abgehalten, hierbei gilt es den Umgang mit dem technischen Ger\u00e4t zu festigen und die einzelnen Situationen zu erfassen. <\/p>\n\n\n\n<p>Der aktuelle \u00dcbungsplan steht am Ende der Seite zum Download zur Verf\u00fcgung.<\/p>\n\n\n\n<h2 class=\"wp-block-heading\">F\u00fchrung<\/h2>\n\n\n\n<figure class=\"wp-block-image aligncenter is-resized\"><img loading=\"lazy\" decoding=\"async\" width=\"1024\" height=\"683\" src=\"https:\/\/www.feuerwehr-burgau.de\/wp-content\/uploads\/2019\/02\/IMG_4948-1024x683.jpg\" alt=\"\" class=\"wp-image-2281\" srcset=\"https:\/\/www.feuerwehr-burgau.de\/wp-content\/uploads\/2019\/02\/IMG_4948-1024x683.jpg 1024w, https:\/\/www.feuerwehr-burgau.de\/wp-content\/uploads\/2019\/02\/IMG_4948-300x200.jpg 300w, https:\/\/www.feuerwehr-burgau.de\/wp-content\/uploads\/2019\/02\/IMG_4948-768x512.jpg 768w, https:\/\/www.feuerwehr-burgau.de\/wp-content\/uploads\/2019\/02\/IMG_4948-272x182.jpg 272w\" sizes=\"auto, (max-width: 1024px) 100vw, 1024px\" \/><figcaption class=\"wp-element-caption\">Die aktuelle F\u00fchrungsebene aus Kommandanten, Zug- und Gruppenf\u00fchrern<\/figcaption><\/figure>\n\n\n\n<p>Erster Kommandant ist seit 2006 Hans-Peter Merz, seit 2019 wird er von Matthias Imminger und Christian Schneider als Stellvertreter unterst\u00fctzt. Den beiden Einsatzz\u00fcgen und den Gruppen sind jeweils vorbenannte Zug- und Gruppenf\u00fchrer zugeordnet. Die Kommandanten fungieren als Verbandsf\u00fchrer f\u00fcr die gesamte Wehr.<\/p>\n\n\n\n<figure class=\"wp-block-image aligncenter size-large\"><img loading=\"lazy\" decoding=\"async\" width=\"1024\" height=\"307\" src=\"https:\/\/www.feuerwehr-burgau.de\/wp-content\/uploads\/2025\/01\/zugeinteilung-2025-1024x307.png\" alt=\"\" class=\"wp-image-4739\" srcset=\"https:\/\/www.feuerwehr-burgau.de\/wp-content\/uploads\/2025\/01\/zugeinteilung-2025-1024x307.png 1024w, https:\/\/www.feuerwehr-burgau.de\/wp-content\/uploads\/2025\/01\/zugeinteilung-2025-300x90.png 300w, https:\/\/www.feuerwehr-burgau.de\/wp-content\/uploads\/2025\/01\/zugeinteilung-2025-768x231.png 768w, https:\/\/www.feuerwehr-burgau.de\/wp-content\/uploads\/2025\/01\/zugeinteilung-2025.png 1429w\" sizes=\"auto, (max-width: 1024px) 100vw, 1024px\" \/><\/figure>\n\n\n\n<p><\/p>\n\n\n\n<h2 class=\"wp-block-heading\">Fachbereiche<\/h2>\n\n\n\n<p>Da auch zahlreiche fachspezifische Aufgaben anfallen, die weit \u00fcber das Arbeitspensum von zwei hauptamtlichen Kr\u00e4ften hinausgehen, wurden mehrere Fachbereiche definiert, deren Fachbereichsleiter sich ehrenamtlich um die dortigen Aufgaben k\u00fcmmern. Es existieren aktuell folgende Fachbereiche:<\/p>\n\n\n\n<ul class=\"wp-block-list\">\n<li>Atemschutz<\/li>\n\n\n\n<li>IT\/EDV<\/li>\n\n\n\n<li>Fahrzeuge<\/li>\n\n\n\n<li>Jugend<\/li>\n\n\n\n<li>Erste Hilfe\/Sanit\u00e4ter<\/li>\n\n\n\n<li>Verpflegung<\/li>\n\n\n\n<li>\u00d6ffentlichkeitsarbeit<\/li>\n\n\n\n<li>Feuerwehreinsatzzentrale (FEZ)<\/li>\n\n\n\n<li>Abschnittsf\u00fchrungsstelle (AF\u00fcSt)<\/li>\n\n\n\n<li>Drohne<\/li>\n<\/ul>\n\n\n\n<p><\/p>\n","protected":false},"excerpt":{"rendered":"<p>Die Einsatzabteilung der Feuerwehr Burgau umfasst im Moment ca. 106 Aktive im Alter von 18 &#8211; 65 Jahren.&nbsp; Darunter befinden<\/p>\n","protected":false},"author":2,"featured_media":0,"parent":63,"menu_order":0,"comment_status":"closed","ping_status":"closed","template":"","meta":{"colormag_page_container_layout":"no_sidebar_full_width","colormag_page_sidebar_layout":"no_sidebar","footnotes":""},"class_list":["post-180","page","type-page","status-publish","hentry"],"_links":{"self":[{"href":"https:\/\/www.feuerwehr-burgau.de\/index.php\/wp-json\/wp\/v2\/pages\/180","targetHints":{"allow":["GET"]}}],"collection":[{"href":"https:\/\/www.feuerwehr-burgau.de\/index.php\/wp-json\/wp\/v2\/pages"}],"about":[{"href":"https:\/\/www.feuerwehr-burgau.de\/index.php\/wp-json\/wp\/v2\/types\/page"}],"author":[{"embeddable":true,"href":"https:\/\/www.feuerwehr-burgau.de\/index.php\/wp-json\/wp\/v2\/users\/2"}],"replies":[{"embeddable":true,"href":"https:\/\/www.feuerwehr-burgau.de\/index.php\/wp-json\/wp\/v2\/comments?post=180"}],"version-history":[{"count":47,"href":"https:\/\/www.feuerwehr-burgau.de\/index.php\/wp-json\/wp\/v2\/pages\/180\/revisions"}],"predecessor-version":[{"id":4741,"href":"https:\/\/www.feuerwehr-burgau.de\/index.php\/wp-json\/wp\/v2\/pages\/180\/revisions\/4741"}],"up":[{"embeddable":true,"href":"https:\/\/www.feuerwehr-burgau.de\/index.php\/wp-json\/wp\/v2\/pages\/63"}],"wp:attachment":[{"href":"https:\/\/www.feuerwehr-burgau.de\/index.php\/wp-json\/wp\/v2\/media?parent=180"}],"curies":[{"name":"wp","href":"https:\/\/api.w.org\/{rel}","templated":true}]}}