{"id":156,"date":"2018-11-21T08:15:10","date_gmt":"2018-11-21T07:15:10","guid":{"rendered":"https:\/\/www.feuerwehr-burgau.de\/wordpress\/?page_id=156"},"modified":"2025-02-20T13:24:18","modified_gmt":"2025-02-20T12:24:18","slug":"stadtteile","status":"publish","type":"page","link":"https:\/\/www.feuerwehr-burgau.de\/index.php\/ueber-uns\/stadtteile\/","title":{"rendered":"Stadtteile"},"content":{"rendered":"<div id=\"pl-gb156-6a09659bb6ad0\"  class=\"panel-layout wp-block-siteorigin-panels-layout-block\" ><div id=\"pg-gb156-6a09659bb6ad0-0\"  class=\"panel-grid panel-no-style\" ><div id=\"pgc-gb156-6a09659bb6ad0-0-0\"  class=\"panel-grid-cell\" ><div id=\"panel-gb156-6a09659bb6ad0-0-0-0\" class=\"so-panel widget widget_text panel-first-child panel-last-child\" data-index=\"0\" >\t\t\t<div class=\"textwidget\"><p><img loading=\"lazy\" decoding=\"async\" class=\"alignleft wp-image-3297 size-large\" src=\"https:\/\/www.feuerwehr-burgau.de\/wp-content\/uploads\/2022\/12\/unterknoeringen-1024x683.png\" alt=\"\" width=\"800\" height=\"534\" srcset=\"https:\/\/www.feuerwehr-burgau.de\/wp-content\/uploads\/2022\/12\/unterknoeringen-1024x683.png 1024w, https:\/\/www.feuerwehr-burgau.de\/wp-content\/uploads\/2022\/12\/unterknoeringen-300x200.png 300w, https:\/\/www.feuerwehr-burgau.de\/wp-content\/uploads\/2022\/12\/unterknoeringen-768x512.png 768w, https:\/\/www.feuerwehr-burgau.de\/wp-content\/uploads\/2022\/12\/unterknoeringen-1536x1024.png 1536w, https:\/\/www.feuerwehr-burgau.de\/wp-content\/uploads\/2022\/12\/unterknoeringen-272x182.png 272w, https:\/\/www.feuerwehr-burgau.de\/wp-content\/uploads\/2022\/12\/unterknoeringen.png 1944w\" sizes=\"auto, (max-width: 800px) 100vw, 800px\" \/><\/p>\n<\/div>\n\t\t<\/div><\/div><div id=\"pgc-gb156-6a09659bb6ad0-0-1\"  class=\"panel-grid-cell\" ><div id=\"panel-gb156-6a09659bb6ad0-0-1-0\" class=\"so-panel widget widget_text panel-first-child panel-last-child\" data-index=\"1\" >\t\t\t<div class=\"textwidget\"><h2 id=\"tablepress-33-name\" class=\"tablepress-table-name tablepress-table-name-id-33\">Feuerwehr Unterkn\u00f6ringen<\/h2>\n<span id=\"tablepress-33-description\" class=\"tablepress-table-description tablepress-table-description-id-33\">Die Feuerwehr Unterkn\u00f6ringen (LF 10 + MTW) stellt den Brandschutz in ihrem Stadtteil sicher und unterst\u00fctzt uns im Bereich Atemschutz. <\/span>\n\n<table id=\"tablepress-33\" class=\"tablepress tablepress-id-33\" aria-labelledby=\"tablepress-33-name\" aria-describedby=\"tablepress-33-description\">\n<tbody>\n<tr class=\"row-1\">\n\t<td class=\"column-1\">Funkrufname<\/td><td class=\"column-2\">Florian Unterkn\u00f6ringen 43\/1<\/td>\n<\/tr>\n<tr class=\"row-2\">\n\t<td class=\"column-1\">Erstzulassung<\/td><td class=\"column-2\">2021<\/td>\n<\/tr>\n<tr class=\"row-3\">\n\t<td class=\"column-1\">Besatzung<\/td><td class=\"column-2\">1\/8<\/td>\n<\/tr>\n<tr class=\"row-4\">\n\t<td class=\"column-1\">1. Kommandant<\/td><td class=\"column-2\">Thorsten Findler<\/td>\n<\/tr>\n<tr class=\"row-5\">\n\t<td class=\"column-1\">2. Kommandantin<\/td><td class=\"column-2\">Daniela Kugler<\/td>\n<\/tr>\n<\/tbody>\n<\/table>\n<!-- #tablepress-33 from cache -->\n<\/div>\n\t\t<\/div><\/div><\/div><div id=\"pg-gb156-6a09659bb6ad0-1\"  class=\"panel-grid panel-no-style\" ><div id=\"pgc-gb156-6a09659bb6ad0-1-0\"  class=\"panel-grid-cell\" ><div id=\"panel-gb156-6a09659bb6ad0-1-0-0\" class=\"so-panel widget widget_text panel-first-child panel-last-child\" data-index=\"2\" >\t\t\t<div class=\"textwidget\"><p><img loading=\"lazy\" decoding=\"async\" class=\"alignleft wp-image-4771 size-full\" src=\"https:\/\/www.feuerwehr-burgau.de\/wp-content\/uploads\/2025\/02\/oberknoeringen.png\" alt=\"\" width=\"537\" height=\"374\" srcset=\"https:\/\/www.feuerwehr-burgau.de\/wp-content\/uploads\/2025\/02\/oberknoeringen.png 537w, https:\/\/www.feuerwehr-burgau.de\/wp-content\/uploads\/2025\/02\/oberknoeringen-300x209.png 300w, https:\/\/www.feuerwehr-burgau.de\/wp-content\/uploads\/2025\/02\/oberknoeringen-392x272.png 392w, https:\/\/www.feuerwehr-burgau.de\/wp-content\/uploads\/2025\/02\/oberknoeringen-130x90.png 130w\" sizes=\"auto, (max-width: 537px) 100vw, 537px\" \/><\/p>\n<\/div>\n\t\t<\/div><\/div><div id=\"pgc-gb156-6a09659bb6ad0-1-1\"  class=\"panel-grid-cell\" ><div id=\"panel-gb156-6a09659bb6ad0-1-1-0\" class=\"so-panel widget widget_text panel-first-child panel-last-child\" data-index=\"3\" >\t\t\t<div class=\"textwidget\"><h2 id=\"tablepress-32-name\" class=\"tablepress-table-name tablepress-table-name-id-32\">Feuerwehr Oberkn\u00f6ringen<\/h2>\n<span id=\"tablepress-32-description\" class=\"tablepress-table-description tablepress-table-description-id-32\">Die Feuerwehr Oberkn\u00f6ringen stellt den Brandschutz in ihrem Stadtteil sicher. Das Fahrzeug ist ein TSF-W, r\u00fcckt jedoch ohne Atemschutzger\u00e4te aus.<\/span>\n\n<table id=\"tablepress-32\" class=\"tablepress tablepress-id-32\" aria-labelledby=\"tablepress-32-name\" aria-describedby=\"tablepress-32-description\">\n<tbody>\n<tr class=\"row-1\">\n\t<td class=\"column-1\">Funkrufname<\/td><td class=\"column-2\">Florian Oberkn\u00f6ringen 44\/1<\/td>\n<\/tr>\n<tr class=\"row-2\">\n\t<td class=\"column-1\">Erstzulassung<\/td><td class=\"column-2\">2024<\/td>\n<\/tr>\n<tr class=\"row-3\">\n\t<td class=\"column-1\">Besatzung<\/td><td class=\"column-2\">1\/5<\/td>\n<\/tr>\n<tr class=\"row-4\">\n\t<td class=\"column-1\">1. Kommandant<\/td><td class=\"column-2\">Christian Blaha<\/td>\n<\/tr>\n<tr class=\"row-5\">\n\t<td class=\"column-1\">2. Kommandant<\/td><td class=\"column-2\">Markus Blaha<\/td>\n<\/tr>\n<tr class=\"row-6\">\n\t<td class=\"column-1\">Website<\/td><td class=\"column-2\"><a href=\"https:\/\/www.feuerwehr-oberknoeringen.com\/\" rel=\"noopener\" target=\"_blank\">www.feuerwehr-oberknoeringen.com<\/a><\/td>\n<\/tr>\n<\/tbody>\n<\/table>\n<!-- #tablepress-32 from cache -->\n<\/div>\n\t\t<\/div><\/div><\/div><div id=\"pg-gb156-6a09659bb6ad0-2\"  class=\"panel-grid panel-no-style\" ><div id=\"pgc-gb156-6a09659bb6ad0-2-0\"  class=\"panel-grid-cell\" ><div id=\"panel-gb156-6a09659bb6ad0-2-0-0\" class=\"so-panel widget widget_text panel-first-child panel-last-child\" data-index=\"4\" >\t\t\t<div class=\"textwidget\"><p><img loading=\"lazy\" decoding=\"async\" class=\"alignnone wp-image-3336 size-large\" src=\"https:\/\/www.feuerwehr-burgau.de\/wp-content\/uploads\/2023\/01\/IMG-20230104-WA0000-e1672825146831-1024x781.jpg\" alt=\"\" width=\"800\" height=\"610\" srcset=\"https:\/\/www.feuerwehr-burgau.de\/wp-content\/uploads\/2023\/01\/IMG-20230104-WA0000-e1672825146831-1024x781.jpg 1024w, https:\/\/www.feuerwehr-burgau.de\/wp-content\/uploads\/2023\/01\/IMG-20230104-WA0000-e1672825146831-300x229.jpg 300w, https:\/\/www.feuerwehr-burgau.de\/wp-content\/uploads\/2023\/01\/IMG-20230104-WA0000-e1672825146831-768x585.jpg 768w, https:\/\/www.feuerwehr-burgau.de\/wp-content\/uploads\/2023\/01\/IMG-20230104-WA0000-e1672825146831.jpg 1228w\" sizes=\"auto, (max-width: 800px) 100vw, 800px\" \/><\/p>\n<\/div>\n\t\t<\/div><\/div><div id=\"pgc-gb156-6a09659bb6ad0-2-1\"  class=\"panel-grid-cell\" ><div id=\"panel-gb156-6a09659bb6ad0-2-1-0\" class=\"so-panel widget widget_text panel-first-child panel-last-child\" data-index=\"5\" >\t\t\t<div class=\"textwidget\"><h2 id=\"tablepress-31-name\" class=\"tablepress-table-name tablepress-table-name-id-31\">Feuerwehr Limbach<\/h2>\n<span id=\"tablepress-31-description\" class=\"tablepress-table-description tablepress-table-description-id-31\">Die Feuerwehr Limbach unterst\u00fctzt uns mit ihrem Mittleren L\u00f6schfahrzeug (MLF) im Bereich Personal, im Bereich Atemschutz sowie bei Eins\u00e4tzen auf den Landstra\u00dfen westlich des Stadtgebiets.<\/span>\n\n<table id=\"tablepress-31\" class=\"tablepress tablepress-id-31\" aria-labelledby=\"tablepress-31-name\" aria-describedby=\"tablepress-31-description\">\n<tbody>\n<tr class=\"row-1\">\n\t<td class=\"column-1\">Funkrufname<\/td><td class=\"column-2\">Florian Limbach 47\/1<\/td>\n<\/tr>\n<tr class=\"row-2\">\n\t<td class=\"column-1\">Erstzulassung<\/td><td class=\"column-2\">2022<\/td>\n<\/tr>\n<tr class=\"row-3\">\n\t<td class=\"column-1\">Besatzung<\/td><td class=\"column-2\">1\/5<\/td>\n<\/tr>\n<tr class=\"row-4\">\n\t<td class=\"column-1\">1. Kommandant<\/td><td class=\"column-2\">Thorsten M\u00fcller<\/td>\n<\/tr>\n<tr class=\"row-5\">\n\t<td class=\"column-1\">2. Kommandant<\/td><td class=\"column-2\">Markus Dirr<\/td>\n<\/tr>\n<\/tbody>\n<\/table>\n<!-- #tablepress-31 from cache -->\n<\/div>\n\t\t<\/div><\/div><\/div><\/div>","protected":false},"excerpt":{"rendered":"","protected":false},"author":2,"featured_media":0,"parent":63,"menu_order":0,"comment_status":"closed","ping_status":"closed","template":"","meta":{"colormag_page_container_layout":"no_sidebar_full_width","colormag_page_sidebar_layout":"no_sidebar","footnotes":""},"class_list":["post-156","page","type-page","status-publish","hentry"],"_links":{"self":[{"href":"https:\/\/www.feuerwehr-burgau.de\/index.php\/wp-json\/wp\/v2\/pages\/156","targetHints":{"allow":["GET"]}}],"collection":[{"href":"https:\/\/www.feuerwehr-burgau.de\/index.php\/wp-json\/wp\/v2\/pages"}],"about":[{"href":"https:\/\/www.feuerwehr-burgau.de\/index.php\/wp-json\/wp\/v2\/types\/page"}],"author":[{"embeddable":true,"href":"https:\/\/www.feuerwehr-burgau.de\/index.php\/wp-json\/wp\/v2\/users\/2"}],"replies":[{"embeddable":true,"href":"https:\/\/www.feuerwehr-burgau.de\/index.php\/wp-json\/wp\/v2\/comments?post=156"}],"version-history":[{"count":17,"href":"https:\/\/www.feuerwehr-burgau.de\/index.php\/wp-json\/wp\/v2\/pages\/156\/revisions"}],"predecessor-version":[{"id":4773,"href":"https:\/\/www.feuerwehr-burgau.de\/index.php\/wp-json\/wp\/v2\/pages\/156\/revisions\/4773"}],"up":[{"embeddable":true,"href":"https:\/\/www.feuerwehr-burgau.de\/index.php\/wp-json\/wp\/v2\/pages\/63"}],"wp:attachment":[{"href":"https:\/\/www.feuerwehr-burgau.de\/index.php\/wp-json\/wp\/v2\/media?parent=156"}],"curies":[{"name":"wp","href":"https:\/\/api.w.org\/{rel}","templated":true}]}}