{"id":154,"date":"2018-11-21T08:15:01","date_gmt":"2018-11-21T07:15:01","guid":{"rendered":"https:\/\/www.feuerwehr-burgau.de\/wordpress\/?page_id=154"},"modified":"2025-04-29T14:16:03","modified_gmt":"2025-04-29T12:16:03","slug":"einsatzgebiet","status":"publish","type":"page","link":"https:\/\/www.feuerwehr-burgau.de\/index.php\/ueber-uns\/einsatzgebiet\/","title":{"rendered":"Einsatzgebiet"},"content":{"rendered":"\n<h3 class=\"wp-block-heading\">Burgau selbst &#8230;<\/h3>\n\n\n\n<figure class=\"wp-block-image aligncenter size-large is-resized\"><img loading=\"lazy\" decoding=\"async\" width=\"1024\" height=\"706\" src=\"https:\/\/www.feuerwehr-burgau.de\/wp-content\/uploads\/2023\/03\/Einsatzgebiet-1024x706.png\" alt=\"\" class=\"wp-image-3664\" style=\"width:921px;height:635px\" srcset=\"https:\/\/www.feuerwehr-burgau.de\/wp-content\/uploads\/2023\/03\/Einsatzgebiet-1024x706.png 1024w, https:\/\/www.feuerwehr-burgau.de\/wp-content\/uploads\/2023\/03\/Einsatzgebiet-300x207.png 300w, https:\/\/www.feuerwehr-burgau.de\/wp-content\/uploads\/2023\/03\/Einsatzgebiet-768x530.png 768w, https:\/\/www.feuerwehr-burgau.de\/wp-content\/uploads\/2023\/03\/Einsatzgebiet-130x90.png 130w, https:\/\/www.feuerwehr-burgau.de\/wp-content\/uploads\/2023\/03\/Einsatzgebiet.png 1419w\" sizes=\"auto, (max-width: 1024px) 100vw, 1024px\" \/><\/figure>\n\n\n\n<p>Am h\u00e4ufigsten fahren wir zu Eins\u00e4tzen im Stadtgebiet von Burgau mit allen Ortsteilen, Stra\u00dfen, zahlreichen Gewerbe- und Industriebetrieben und \u00f6ffentlichen Einrichtungen. Diese sind oftmals mit einer automatischen Brandmeldeanlage (BMA) ausger\u00fcstet, die eine Rauchentwicklung bereits fr\u00fchzeitig erkennt und automatisch an die Leitstelle meldet. Je nach Einsatzort unterst\u00fctzen uns dabei ggf. die <a href=\"https:\/\/www.feuerwehr-burgau.de\/index.php\/ueber-uns\/stadtteile\/\">Stadtteilwehren<\/a> aus Oberkn\u00f6ringen, Unterkn\u00f6ringen oder Limbach.<\/p>\n\n\n\n<p>Neben der Mindel, der Kammel und dem Erlenbach, die immer wieder mehr Wasser f\u00fchren als uns lieb ist, k\u00fcmmern wir uns bei Bedarf ebenso um einen Abschnitt der Bahnlinie Stuttgart-M\u00fcnchen inkl. dem Bahnhof Burgau.  <\/p>\n\n\n\n<p>Gem\u00e4\u00df Art. 17 (3) des Bayerischen Feuerwehrgesetzes sind wir au\u00dferdem f\u00fcr ein 23,7 km langes Teilst\u00fcck der BAB 8 von der Anschlussstelle Burgau bis nach Zusmarshausen (Fahrtrichtung M\u00fcnchen) und bis nach G\u00fcnzburg (Fahrtrichtung Stuttgart) zust\u00e4ndig. Dies beschert uns jedes Jahr zahlreiche Eins\u00e4tze.<\/p>\n\n\n\n<figure class=\"wp-block-table aligncenter is-style-regular\"><table><tbody><tr><td>Bev\u00f6lkerung (01.09.2024)<\/td><td>10.763<\/td><\/tr><tr><td>Fl\u00e4che<\/td><td>25,93 km\u00b2<\/td><\/tr><tr><td>Stra\u00dfennetz (Land- und Gemeindestra\u00dfen)<\/td><td>73,8 km<\/td><\/tr><tr><td>Autobahn BAB 8<\/td><td>23,7 km<\/td><\/tr><tr><td>Bahnlinie<\/td><td>3,3 km<\/td><\/tr><\/tbody><\/table><figcaption class=\"wp-element-caption\">Zahlen &amp; Daten zum direkten Einsatzgebiet <\/figcaption><\/figure>\n\n\n\n<h3 class=\"wp-block-heading\">&#8230; und dar\u00fcber hinaus<\/h3>\n\n\n\n<p>Als Schwerpunktfeuerwehr des Inspektionsbereichs Burgau sind wir bei gr\u00f6\u00dferen Eins\u00e4tzen au\u00dferhalb des Stadtgebietes f\u00fcr die Erg\u00e4nzung der \u00f6rtlichen Feuerwehren zust\u00e4ndig.&nbsp;Spezielle Fahrzeuge wie die <a href=\"https:\/\/www.feuerwehr-burgau.de\/index.php\/ausruestung\/fahrzeuge\/drehleiter-mit-korb-23-12-neu\/\" data-type=\"URL\" data-id=\"https:\/\/www.feuerwehr-burgau.de\/index.php\/ausruestung\/fahrzeuge\/drehleiter-mit-korb-23-12-neu\/\">Drehleiter<\/a>, der <a href=\"https:\/\/www.feuerwehr-burgau.de\/index.php\/ausruestung\/fahrzeuge\/einsatzleitwagen\/\" data-type=\"URL\" data-id=\"https:\/\/www.feuerwehr-burgau.de\/index.php\/ausruestung\/fahrzeuge\/einsatzleitwagen\/\">Einsatzleitwagen<\/a>, der <a href=\"https:\/\/www.feuerwehr-burgau.de\/index.php\/ausruestung\/fahrzeuge\/geraetewagen-luefter\/\" data-type=\"URL\" data-id=\"https:\/\/www.feuerwehr-burgau.de\/index.php\/ausruestung\/fahrzeuge\/geraetewagen-luefter\/\">GW L\u00fcfter<\/a> oder der <a href=\"https:\/\/www.feuerwehr-burgau.de\/index.php\/ausruestung\/abrollbehaelter\/ab-wasser-schaum\/\" data-type=\"URL\" data-id=\"https:\/\/www.feuerwehr-burgau.de\/index.php\/ausruestung\/abrollbehaelter\/ab-wasser-schaum\/\">AB Wasser\/Schaum<\/a> sowie z.B. \u00d6lwehrger\u00e4te, Schlauchmaterial, Atemschutzger\u00e4te oder der hydraulische Rettungssatz (&#8222;Schere\/Spreizer&#8220;), um nur einige zu nennen, werden von der Leitstelle bei einer entsprechenden Meldung automatisch zur Unterst\u00fctzung der Feuerwehren im Umland hinzu alarmiert. Bei gro\u00dfen Katastrophenf\u00e4llen kommen der<a rel=\"noreferrer noopener\" href=\"https:\/\/www.feuerwehr-burgau.de\/index.php\/ausruestung\/fahrzeuge\/wechsellader-2\/\" data-type=\"URL\" data-id=\"https:\/\/www.feuerwehr-burgau.de\/index.php\/ausruestung\/fahrzeuge\/wechsellader-2\/\" target=\"_blank\"> <\/a><a href=\"https:\/\/www.feuerwehr-burgau.de\/index.php\/ausruestung\/abrollbehaelter\/ab-sandsack\/\" data-type=\"URL\" data-id=\"https:\/\/www.feuerwehr-burgau.de\/index.php\/ausruestung\/abrollbehaelter\/ab-sandsack\/\">AB Sandsack<\/a> oder <a href=\"https:\/\/www.feuerwehr-burgau.de\/index.php\/ausruestung\/abrollbehaelter\/ab-mulde\/\" data-type=\"URL\" data-id=\"https:\/\/www.feuerwehr-burgau.de\/index.php\/ausruestung\/abrollbehaelter\/ab-mulde\/\">AB Mulde<\/a> auf einem <a href=\"https:\/\/www.feuerwehr-burgau.de\/index.php\/ausruestung\/fahrzeuge\/wechsellader-2\/\">Wechselladerfahrzeug<\/a> und der <a href=\"https:\/\/www.feuerwehr-burgau.de\/index.php\/ausruestung\/fahrzeuge\/gw-logistik-mgh\/\" data-type=\"URL\" data-id=\"https:\/\/www.feuerwehr-burgau.de\/index.php\/ausruestung\/fahrzeuge\/gw-logistik-mgh\/\">Modulare Ger\u00e4tewagen Hochwasser<\/a> auch bundesweit zum Einsatz, wie z.B. bei den Unwettern in Deggendorf (2016) oder im Ahrtal (2021).<\/p>\n\n\n\n<p>Bei \u00fcber\u00f6rtlichen Eins\u00e4tzen achten wir (speziell bei Alarmierung des Einsatzleitwagens) stets darauf, den Einsatzleitern vor Ort mit Technik und Know-How vor allem hilfreich zur Seite zu stehen. Keinesfalls nehmen wir den ortsans\u00e4ssigen Wehren die Einsatzleitung aus der Hand! In der Vergangenheit hat sich bewiesen, dass diese Zusammenarbeit sehr erfolgreich ist und von den meisten Wehren auch dankbar angenommen wird.<\/p>\n\n\n\n<figure class=\"wp-block-image aligncenter size-large is-resized\"><img loading=\"lazy\" decoding=\"async\" width=\"1024\" height=\"775\" src=\"https:\/\/www.feuerwehr-burgau.de\/wp-content\/uploads\/2025\/04\/Inspektionsbereich-Burgau-1024x775.png\" alt=\"\" class=\"wp-image-4843\" style=\"width:801px;height:606px\" srcset=\"https:\/\/www.feuerwehr-burgau.de\/wp-content\/uploads\/2025\/04\/Inspektionsbereich-Burgau-1024x775.png 1024w, https:\/\/www.feuerwehr-burgau.de\/wp-content\/uploads\/2025\/04\/Inspektionsbereich-Burgau-300x227.png 300w, https:\/\/www.feuerwehr-burgau.de\/wp-content\/uploads\/2025\/04\/Inspektionsbereich-Burgau-768x581.png 768w, https:\/\/www.feuerwehr-burgau.de\/wp-content\/uploads\/2025\/04\/Inspektionsbereich-Burgau.png 1310w\" sizes=\"auto, (max-width: 1024px) 100vw, 1024px\" \/><figcaption class=\"wp-element-caption\">Inspektionsbereich Burgau<\/figcaption><\/figure>\n\n\n\n<p>Au\u00dferdem f\u00fchrt die Feuerwehr Burgau als Dienstleister diverse Arbeiten f\u00fcr die st\u00e4dtischen Feuerwehren und die Wehren im n\u00e4heren Umkreis bzw. im Inspektionsbereich durch. So k\u00fcmmern sich unsere hauptamtlichen Ger\u00e4tewarte bzw. der Kommandant als sog. &#8222;federf\u00fchrender Kommandant&#8220; f\u00fcr alle vier st\u00e4dtischen Feuerwehren um<\/p>\n\n\n\n<ul class=\"wp-block-list\">\n<li>Betrieb der zentralen Kleiderkammer<\/li>\n\n\n\n<li>Pr\u00fcfung der Feuerl\u00f6scher<\/li>\n\n\n\n<li>Leiterpr\u00fcfung<\/li>\n\n\n\n<li>Betrieb von Digitalfunk\/ALAMOS<\/li>\n\n\n\n<li>Technische Ausr\u00fcstung der Feuerwehrger\u00e4teh\u00e4user<\/li>\n\n\n\n<li>Mitwirkung bei Feuerwehreinsatzpl\u00e4nen f\u00fcr Gro\u00dfgeb\u00e4ude<\/li>\n\n\n\n<li>Mitwirkung bei Beschaffungen\/Ausschreibungen aller st\u00e4dt. Feuerwehren<\/li>\n\n\n\n<li>Unterweisung Brandschutzordnung st\u00e4dt. Geb\u00e4ude<\/li>\n\n\n\n<li>Brandschutzerziehung <\/li>\n<\/ul>\n\n\n\n<p>und dar\u00fcber hinaus f\u00fcr andere Kommunen im Inspektionsbereich (gegen Kostenbescheid) um<\/p>\n\n\n\n<ul class=\"wp-block-list\">\n<li>Reinigung und Pr\u00fcfung von Atemschutzmasken<\/li>\n\n\n\n<li>(j\u00e4hrliche) Pr\u00fcfung der Atemschutzger\u00e4te<\/li>\n\n\n\n<li>F\u00fcllen und Pr\u00fcfen der Atemluftflaschen<\/li>\n\n\n\n<li>Reinigung und Druckpr\u00fcfung von Schlauchmaterial<\/li>\n<\/ul>\n","protected":false},"excerpt":{"rendered":"<p>Burgau selbst &#8230; Am h\u00e4ufigsten fahren wir zu Eins\u00e4tzen im Stadtgebiet von Burgau mit allen Ortsteilen, Stra\u00dfen, zahlreichen Gewerbe- und<\/p>\n","protected":false},"author":2,"featured_media":0,"parent":63,"menu_order":0,"comment_status":"closed","ping_status":"closed","template":"","meta":{"colormag_page_container_layout":"no_sidebar_full_width","colormag_page_sidebar_layout":"no_sidebar","footnotes":""},"class_list":["post-154","page","type-page","status-publish","hentry"],"_links":{"self":[{"href":"https:\/\/www.feuerwehr-burgau.de\/index.php\/wp-json\/wp\/v2\/pages\/154","targetHints":{"allow":["GET"]}}],"collection":[{"href":"https:\/\/www.feuerwehr-burgau.de\/index.php\/wp-json\/wp\/v2\/pages"}],"about":[{"href":"https:\/\/www.feuerwehr-burgau.de\/index.php\/wp-json\/wp\/v2\/types\/page"}],"author":[{"embeddable":true,"href":"https:\/\/www.feuerwehr-burgau.de\/index.php\/wp-json\/wp\/v2\/users\/2"}],"replies":[{"embeddable":true,"href":"https:\/\/www.feuerwehr-burgau.de\/index.php\/wp-json\/wp\/v2\/comments?post=154"}],"version-history":[{"count":17,"href":"https:\/\/www.feuerwehr-burgau.de\/index.php\/wp-json\/wp\/v2\/pages\/154\/revisions"}],"predecessor-version":[{"id":4845,"href":"https:\/\/www.feuerwehr-burgau.de\/index.php\/wp-json\/wp\/v2\/pages\/154\/revisions\/4845"}],"up":[{"embeddable":true,"href":"https:\/\/www.feuerwehr-burgau.de\/index.php\/wp-json\/wp\/v2\/pages\/63"}],"wp:attachment":[{"href":"https:\/\/www.feuerwehr-burgau.de\/index.php\/wp-json\/wp\/v2\/media?parent=154"}],"curies":[{"name":"wp","href":"https:\/\/api.w.org\/{rel}","templated":true}]}}