{"id":130,"date":"2018-11-21T08:03:31","date_gmt":"2018-11-21T07:03:31","guid":{"rendered":"https:\/\/www.feuerwehr-burgau.de\/wordpress\/?page_id=130"},"modified":"2023-03-02T11:45:18","modified_gmt":"2023-03-02T10:45:18","slug":"aufgaben","status":"publish","type":"page","link":"https:\/\/www.feuerwehr-burgau.de\/index.php\/ueber-uns\/aufgaben\/","title":{"rendered":"Aufgaben"},"content":{"rendered":"\n<p>&#8222;Gott zur Ehr, dem n\u00e4chsten zur Wehr&#8220; &#8211; Das ist der Leitspruch der bayerischen Feuerwehren. Nach diesem Grundsatz helfen wir, Menschen und Sachwerte vor Sch\u00e4den zu sch\u00fctzen. Dabei ist die Feuerwehr eine kommunale Einrichtung, die gesetzlich vorgeschrieben ist.<\/p>\n\n\n\n<p> Man kann vier Hauptbereiche unterscheiden: <\/p>\n\n\n\n<figure class=\"wp-block-image aligncenter size-full is-resized\"><img loading=\"lazy\" decoding=\"async\" src=\"https:\/\/www.feuerwehr-burgau.de\/wp-content\/uploads\/2023\/03\/Signet-2.png\" alt=\"\" class=\"wp-image-3626\" width=\"234\" height=\"234\" srcset=\"https:\/\/www.feuerwehr-burgau.de\/wp-content\/uploads\/2023\/03\/Signet-2.png 500w, https:\/\/www.feuerwehr-burgau.de\/wp-content\/uploads\/2023\/03\/Signet-2-300x300.png 300w\" sizes=\"auto, (max-width: 234px) 100vw, 234px\" \/><figcaption class=\"wp-element-caption\">Bildrechte:<mark style=\"background-color:rgba(0, 0, 0, 0)\" class=\"has-inline-color has-cyan-bluish-gray-color\"> <\/mark><a rel=\"noreferrer noopener\" href=\"http:\/\/www.feuerwehrversand.de\/\" data-type=\"URL\" data-id=\"http:\/\/www.feuerwehrversand.de\/\" target=\"_blank\"><mark style=\"background-color:rgba(0, 0, 0, 0);color:#dddddd\" class=\"has-inline-color\">www.feuerwehrversand.de<\/mark><\/a><\/figcaption><\/figure>\n\n\n\n<h3 class=\"wp-block-heading\">Retten<\/h3>\n\n\n\n<p>Unter Rettungen verstehen wir alle Befreiungen von lebenden Menschen oder Tieren aus Zwangslagen, die lebensbedrohlich sein k\u00f6nnen. Das kann nat\u00fcrlich bei Br\u00e4nden der Fall sein, wenn Menschen oder Tiere durch Flammen und Rauch unmittelbar gef\u00e4hrdet sind. Aber auch die Befreiung von versch\u00fctteten, abgest\u00fcrzten, eingeklemmten oder auf sonstige Weise festsitzenden Personen oder Tieren nach Verkehrs-, Arbeits-, oder Freizeitunf\u00e4llen oder technischen St\u00f6rungen geh\u00f6ren zu unseren Aufgaben. Bei unseren Eins\u00e4tzen gilt der Grundsatz: &#8222;Rettung vor allen anderen Aufgaben!&#8220; Zun\u00e4chst versuchen wir \u2013 sofern es die Gefahrenlage zul\u00e4sst \u2013 Menschen und Tiere in Sicherheit zu bringen. Erst danach kommen alle anderen T\u00e4tigkeiten, wie das L\u00f6schen von Br\u00e4nden, oder das Abstreuen von auslaufenden Fl\u00fcssigkeiten, usw.<\/p>\n\n\n\n<h3 class=\"wp-block-heading\">L\u00f6schen<\/h3>\n\n\n\n<p>Die einstige Uraufgabe der &#8222;Feuer-Wehr&#8220;, der L\u00f6scheinsatz, ist l\u00e4ngst in den Hintergrund ger\u00fcckt. Heute machen Br\u00e4nde meist nicht einmal ein Drittel aller Eins\u00e4tze aus. Trotzdem nimmt die Brandbek\u00e4mpfung einen wesentlichen Stellenwert in der Ausbildung der Feuerwehrleute ein. Denn mit einfachem &#8222;Wasser spritzen&#8220; ist es in Zeiten moderner L\u00f6schtechnik eben nicht getan. Giftige Rauchgasbildung, Minimierung des L\u00f6schwasserverbrauchs, Vermeidung von Rauch- und Einsatzsch\u00e4den, gef\u00e4hrliche Flammendurchz\u00fcndungen \u2013 einige Beispiele, um die sich Feuerwehrleute bei der Brandbek\u00e4mpfung Gedanken machen m\u00fcssen. Gro\u00dfbr\u00e4nde kommen gl\u00fccklicherweise nur noch recht selten vor. Die meisten Feuer, zu denen wir ausr\u00fccken, k\u00f6nnen mit einem Rohr oder sogar noch kleinerem Ger\u00e4t gel\u00f6scht werden. <\/p>\n\n\n\n<h3 class=\"wp-block-heading\">Bergen<\/h3>\n\n\n\n<p>Zeitungen oder Nachrichten berichten gerne mal davon, dass ein Mensch oder Tier durch die Feuerwehr &#8222;geborgen&#8220; werden musste. Die wenigsten Journalisten wissen dabei, dass die deutschen Feuerwehren die Begriffe &#8222;Bergen&#8220; und &#8222;Retten&#8220; unterscheiden. F\u00fcr die Feuerwehr bedeutet der Begriff &#8222;Bergen&#8220;: Ein toter Mensch, ein totes Tier oder ein nicht lebender Gegenstand wird aus einer Zwangslage befreit. Lebende Menschen oder Tiere werden &#8222;gerettet&#8220;. Zu Bergungseins\u00e4tzen geh\u00f6ren zum Beispiel: die Befreiung von get\u00f6teten Personen\/Tieren nach Unf\u00e4llen, Br\u00e4nden oder sonstigen Ungl\u00fccken aus Unfallwracks, aus Geb\u00e4uden (Tr\u00fcmmern), aus Gew\u00e4ssern usw. Auch zum Beispiel das Umladen von Gefahrgut nach einem Unfall (wenn unmittelbare Gefahr besteht), oder das Fischen eines Fahrzeugs aus einem Gew\u00e4sser, geh\u00f6ren zu unseren Bergungseins\u00e4tzen. <\/p>\n\n\n\n<h3 class=\"wp-block-heading\">Sch\u00fctzen<\/h3>\n\n\n\n<p>Nicht erst nach einem Ungl\u00fcck wird die Feuerwehr aktiv, schon vorher wird versucht, Risiken zu minimieren und Gefahren auszuschlie\u00dfen. So geh\u00f6ren regelm\u00e4\u00dfige Brandsicherheitsdienste zu unserem Aufgabenfeld. Diese werden zum Beispiel bei gr\u00f6\u00dferen Veranstaltungen durchgef\u00fchrt. Je nach Gr\u00f6\u00dfe sind zwei oder mehr Kr\u00e4fte damit besch\u00e4ftigt, zu kontrollieren, ob Fluchtt\u00fcren und Rettungszufahrten frei gehalten werden und auch die sonstigen Sicherheitsvorkehrungen getroffen wurden. Bricht \u2013 zum Beispiel durch ein Showfeuerwerk \u2013 ein Brand aus, k\u00f6nnen diese Kr\u00e4fte durch einen sofortigen L\u00f6scheinsatz bereits effektiv eingreifen. Auch die Aufkl\u00e4rung von B\u00fcrgern \u00fcber Gefahren und Sicherheitsvorkehrungen wird bei uns gro\u00df geschrieben. Die Sicherheitstipps auf unserer Website sind ein kleiner Teil davon. Ebenso geh\u00f6ren Umweltschutzeins\u00e4tze (zum Beispiel &#8222;\u00d6l auf Gew\u00e4sser&#8220;) zu unseren Aufgaben. <\/p>\n","protected":false},"excerpt":{"rendered":"<p>&#8222;Gott zur Ehr, dem n\u00e4chsten zur Wehr&#8220; &#8211; Das ist der Leitspruch der bayerischen Feuerwehren. Nach diesem Grundsatz helfen wir,<\/p>\n","protected":false},"author":2,"featured_media":0,"parent":63,"menu_order":0,"comment_status":"closed","ping_status":"closed","template":"","meta":{"colormag_page_container_layout":"no_sidebar_full_width","colormag_page_sidebar_layout":"no_sidebar","footnotes":""},"class_list":["post-130","page","type-page","status-publish","hentry"],"_links":{"self":[{"href":"https:\/\/www.feuerwehr-burgau.de\/index.php\/wp-json\/wp\/v2\/pages\/130","targetHints":{"allow":["GET"]}}],"collection":[{"href":"https:\/\/www.feuerwehr-burgau.de\/index.php\/wp-json\/wp\/v2\/pages"}],"about":[{"href":"https:\/\/www.feuerwehr-burgau.de\/index.php\/wp-json\/wp\/v2\/types\/page"}],"author":[{"embeddable":true,"href":"https:\/\/www.feuerwehr-burgau.de\/index.php\/wp-json\/wp\/v2\/users\/2"}],"replies":[{"embeddable":true,"href":"https:\/\/www.feuerwehr-burgau.de\/index.php\/wp-json\/wp\/v2\/comments?post=130"}],"version-history":[{"count":4,"href":"https:\/\/www.feuerwehr-burgau.de\/index.php\/wp-json\/wp\/v2\/pages\/130\/revisions"}],"predecessor-version":[{"id":3627,"href":"https:\/\/www.feuerwehr-burgau.de\/index.php\/wp-json\/wp\/v2\/pages\/130\/revisions\/3627"}],"up":[{"embeddable":true,"href":"https:\/\/www.feuerwehr-burgau.de\/index.php\/wp-json\/wp\/v2\/pages\/63"}],"wp:attachment":[{"href":"https:\/\/www.feuerwehr-burgau.de\/index.php\/wp-json\/wp\/v2\/media?parent=130"}],"curies":[{"name":"wp","href":"https:\/\/api.w.org\/{rel}","templated":true}]}}