{"id":107,"date":"2018-11-20T17:51:24","date_gmt":"2018-11-20T16:51:24","guid":{"rendered":"https:\/\/www.feuerwehr-burgau.de\/wordpress\/?page_id=107"},"modified":"2024-01-02T19:36:41","modified_gmt":"2024-01-02T18:36:41","slug":"jugendfeuerwehr","status":"publish","type":"page","link":"https:\/\/www.feuerwehr-burgau.de\/index.php\/jugendfeuerwehr\/","title":{"rendered":"Jugendfeuerwehr"},"content":{"rendered":"\n<figure class=\"wp-block-image\"><img loading=\"lazy\" decoding=\"async\" width=\"690\" height=\"414\" src=\"https:\/\/www.feuerwehr-burgau.de\/wp-content\/uploads\/2018\/11\/cool_genug.png\" alt=\"\" class=\"wp-image-220\" srcset=\"https:\/\/www.feuerwehr-burgau.de\/wp-content\/uploads\/2018\/11\/cool_genug.png 690w, https:\/\/www.feuerwehr-burgau.de\/wp-content\/uploads\/2018\/11\/cool_genug-300x180.png 300w\" sizes=\"auto, (max-width: 690px) 100vw, 690px\" \/><\/figure>\n\n\n\n<p><strong>Was ist die Jugendfeuerwehr?<\/strong><\/p>\n\n\n\n<p>Die Jugendgruppe ist ein fester Bestandteil der Freiwilligen Feuerwehr Burgau und die Vorstufe f\u00fcr den aktiven Dienst. Willkommen sind alle M\u00e4dchen und Jungen ab dem 12. Lebensjahr.<\/p>\n\n\n\n<figure class=\"wp-block-image size-large\"><img loading=\"lazy\" decoding=\"async\" width=\"1024\" height=\"682\" src=\"https:\/\/www.feuerwehr-burgau.de\/wp-content\/uploads\/2024\/01\/Bild-Jugend_g-e1704220532639-1024x682.jpg\" alt=\"\" class=\"wp-image-4094\" srcset=\"https:\/\/www.feuerwehr-burgau.de\/wp-content\/uploads\/2024\/01\/Bild-Jugend_g-e1704220532639-1024x682.jpg 1024w, https:\/\/www.feuerwehr-burgau.de\/wp-content\/uploads\/2024\/01\/Bild-Jugend_g-e1704220532639-300x200.jpg 300w, https:\/\/www.feuerwehr-burgau.de\/wp-content\/uploads\/2024\/01\/Bild-Jugend_g-e1704220532639-768x512.jpg 768w, https:\/\/www.feuerwehr-burgau.de\/wp-content\/uploads\/2024\/01\/Bild-Jugend_g-e1704220532639-272x182.jpg 272w, https:\/\/www.feuerwehr-burgau.de\/wp-content\/uploads\/2024\/01\/Bild-Jugend_g-e1704220532639.jpg 1333w\" sizes=\"auto, (max-width: 1024px) 100vw, 1024px\" \/><\/figure>\n\n\n\n<p><strong>Was geht ab bei der Jugendfeuerwehr?<\/strong><\/p>\n\n\n\n<p>Die T\u00e4tigkeiten der Jugend bestehen aus einer Mischung aus Spiel, Spa\u00df und fachlicher Ausbildung.<br>Der abwechslungsreiche Unterrichtsplan setzt sich aus Theorie und Praxis zusammen. Die Jugendlichen lernen nicht nur Verantwortung zu tragen, sondern auch den Umgang mit den technischen Ger\u00e4ten der Feuerwehr, wie z.B. Schl\u00e4uchen, Fahrzeugen oder Leitern. Zum kameradschaftlichen Teil geh\u00f6ren wiederum Faschingsveranstaltungen, Zeltlager, Grillfeste oder Ausfl\u00fcge z. B. zur Berufsfeuerwehr nach Augsburg. Denn der Spa\u00dffaktor darf nat\u00fcrlich nicht fehlen!<br>Um ihren eigenen Ausbildungsstand zu \u00fcberpr\u00fcfen, gibt es f\u00fcr die Jugendlichen einmal im Jahr (am <em>Tag der Jugend<\/em>) die Jugendleistungsspange mit praktischem und theoretischen Wissenstest.<\/p>\n\n\n\n<p><strong>Was ist Sinn und Zweck der Jugendgruppe?<\/strong><\/p>\n\n\n\n<p>Ziel ist es, in die aktive Wehr \u00fcbernommen zu werden, um anderen Menschen in Not zu helfen. Rein nach dem Motto: Gott zur Ehr, dem N\u00e4chsten zur Wehr! Unsere Jugendgruppe besteht zur Zeit aus 16 Jugendlichen im Alter von 12 bis 18 Jahren.<\/p>\n\n\n\n<p>Auf dein Kommen freut sich<br><strong>Die Jugendfeuerwehr!<\/strong><\/p>\n\n\n\n<p>Der \u00dcbungsplan steht unten am Ende der Seite zum Download zur Verf\u00fcgung.<\/p>\n\n\n\n<p>Im nachfolgenden Formular kannst du mit unseren Jugendwarten Thomas Berger und Johannes Kramer direkt Kontakt aufnehmen:<\/p>\n\n\n<div class=\"wpforms-container wpforms-container-full\" id=\"wpforms-1438\"><form id=\"wpforms-form-1438\" class=\"wpforms-validate wpforms-form\" data-formid=\"1438\" method=\"post\" enctype=\"multipart\/form-data\" action=\"\/index.php\/wp-json\/wp\/v2\/pages\/107\" data-token=\"b974489b0515843e4a9848fbcf4c9066\" data-token-time=\"1777366140\"><noscript class=\"wpforms-error-noscript\">Bitte aktiviere JavaScript in deinem Browser, um dieses Formular fertigzustellen.<\/noscript><div class=\"wpforms-field-container\"><div id=\"wpforms-1438-field_0-container\" class=\"wpforms-field wpforms-field-name\" data-field-id=\"0\"><label class=\"wpforms-field-label\" for=\"wpforms-1438-field_0\">Name <span class=\"wpforms-required-label\">*<\/span><\/label><div class=\"wpforms-field-row wpforms-field-medium\"><div class=\"wpforms-field-row-block wpforms-first wpforms-one-half\"><input type=\"text\" id=\"wpforms-1438-field_0\" class=\"wpforms-field-name-first wpforms-field-required\" name=\"wpforms[fields][0][first]\" placeholder=\"Vorname\" required><label for=\"wpforms-1438-field_0\" class=\"wpforms-field-sublabel after wpforms-sublabel-hide\">Vorname<\/label><\/div><div class=\"wpforms-field-row-block wpforms-one-half\"><input type=\"text\" id=\"wpforms-1438-field_0-last\" class=\"wpforms-field-name-last wpforms-field-required\" name=\"wpforms[fields][0][last]\" placeholder=\"Nachname\" required><label for=\"wpforms-1438-field_0-last\" class=\"wpforms-field-sublabel after wpforms-sublabel-hide\">Nachname<\/label><\/div><\/div><\/div><div id=\"wpforms-1438-field_1-container\" class=\"wpforms-field wpforms-field-email\" data-field-id=\"1\"><label class=\"wpforms-field-label\" for=\"wpforms-1438-field_1\">E-Mail <span class=\"wpforms-required-label\">*<\/span><\/label><input type=\"email\" id=\"wpforms-1438-field_1\" class=\"wpforms-field-medium wpforms-field-required\" name=\"wpforms[fields][1]\" spellcheck=\"false\" required><\/div><div id=\"wpforms-1438-field_3-container\" class=\"wpforms-field wpforms-field-text\" data-field-id=\"3\"><label class=\"wpforms-field-label\" for=\"wpforms-1438-field_3\">Telefon \/ Handy<\/label><input type=\"text\" id=\"wpforms-1438-field_3\" class=\"wpforms-field-medium\" name=\"wpforms[fields][3]\" ><div class=\"wpforms-field-description\">optionale Eingabe<\/div><\/div><div id=\"wpforms-1438-field_2-container\" class=\"wpforms-field wpforms-field-textarea\" data-field-id=\"2\"><label class=\"wpforms-field-label\" for=\"wpforms-1438-field_2\">Nachricht an die Jugendwarte <span class=\"wpforms-required-label\">*<\/span><\/label><textarea id=\"wpforms-1438-field_2\" class=\"wpforms-field-medium wpforms-field-required\" name=\"wpforms[fields][2]\" required><\/textarea><\/div><\/div><!-- .wpforms-field-container --><div class=\"wpforms-field wpforms-field-hp\"><label for=\"wpforms-1438-field-hp\" class=\"wpforms-field-label\">Comment<\/label><input type=\"text\" name=\"wpforms[hp]\" id=\"wpforms-1438-field-hp\" class=\"wpforms-field-medium\"><\/div><div class=\"wpforms-submit-container\" ><input type=\"hidden\" name=\"wpforms[id]\" value=\"1438\"><input type=\"hidden\" name=\"page_title\" value=\"\"><input type=\"hidden\" name=\"page_url\" value=\"https:\/\/www.feuerwehr-burgau.de\/index.php\/wp-json\/wp\/v2\/pages\/107\"><input type=\"hidden\" name=\"url_referer\" value=\"\"><button type=\"submit\" name=\"wpforms[submit]\" id=\"wpforms-submit-1438\" class=\"wpforms-submit\" data-alt-text=\"Sende...\" data-submit-text=\"Senden\" aria-live=\"assertive\" value=\"wpforms-submit\">Senden<\/button><\/div><\/form><\/div>  <!-- .wpforms-container -->\n","protected":false},"excerpt":{"rendered":"<p>Was ist die Jugendfeuerwehr? Die Jugendgruppe ist ein fester Bestandteil der Freiwilligen Feuerwehr Burgau und die Vorstufe f\u00fcr den aktiven<\/p>\n","protected":false},"author":2,"featured_media":0,"parent":0,"menu_order":0,"comment_status":"closed","ping_status":"closed","template":"","meta":{"colormag_page_container_layout":"no_sidebar_full_width","colormag_page_sidebar_layout":"no_sidebar","footnotes":""},"class_list":["post-107","page","type-page","status-publish","hentry"],"_links":{"self":[{"href":"https:\/\/www.feuerwehr-burgau.de\/index.php\/wp-json\/wp\/v2\/pages\/107","targetHints":{"allow":["GET"]}}],"collection":[{"href":"https:\/\/www.feuerwehr-burgau.de\/index.php\/wp-json\/wp\/v2\/pages"}],"about":[{"href":"https:\/\/www.feuerwehr-burgau.de\/index.php\/wp-json\/wp\/v2\/types\/page"}],"author":[{"embeddable":true,"href":"https:\/\/www.feuerwehr-burgau.de\/index.php\/wp-json\/wp\/v2\/users\/2"}],"replies":[{"embeddable":true,"href":"https:\/\/www.feuerwehr-burgau.de\/index.php\/wp-json\/wp\/v2\/comments?post=107"}],"version-history":[{"count":29,"href":"https:\/\/www.feuerwehr-burgau.de\/index.php\/wp-json\/wp\/v2\/pages\/107\/revisions"}],"predecessor-version":[{"id":4096,"href":"https:\/\/www.feuerwehr-burgau.de\/index.php\/wp-json\/wp\/v2\/pages\/107\/revisions\/4096"}],"wp:attachment":[{"href":"https:\/\/www.feuerwehr-burgau.de\/index.php\/wp-json\/wp\/v2\/media?parent=107"}],"curies":[{"name":"wp","href":"https:\/\/api.w.org\/{rel}","templated":true}]}}